{"id":8850,"date":"2018-01-12T09:45:04","date_gmt":"2018-01-12T09:45:04","guid":{"rendered":"http:\/\/headshop.nl\/?post_type=product&#038;p=8850"},"modified":"2024-09-17T10:49:32","modified_gmt":"2024-09-17T10:49:32","slug":"vegetarian-transparent-capsules-size-2","status":"publish","type":"product","link":"https:\/\/www.headshop.nl\/pt\/vegetarian-transparent-capsules-size-2\/","title":{"rendered":"C\u00e1psulas Vegetarianas - Tamanho 2"},"content":{"rendered":"<h2>C\u00e1psulas Vegetarianas - Tamanho 2<\/h2>\n<p><span style=\"color: #000000;\"> Feito de HPMC (hidroxil propil metil celulose) derivado de plantas 100%, n\u00e3o cont\u00e9m subprodutos animais, BSE, conservantes, corantes artificiais, amido, a\u00e7\u00facar, milho, trigo ou lactic\u00ednios.<\/span><\/p>","protected":false},"excerpt":{"rendered":"<p><span style=\"color: #000000;\">Basicamente, podes encher as c\u00e1psulas com o que quiseres! \u00c9 100% vegetariano e transparente. Tamanho 2, dispon\u00edvel em 100 c\u00e1psulas ou 1000 c\u00e1psulas.<\/span><\/p>","protected":false},"featured_media":13056,"template":"","meta":[],"product_brand":[],"product_cat":[297,485,414],"product_tag":[],"class_list":{"0":"post-8850","1":"product","2":"type-product","3":"status-publish","4":"has-post-thumbnail","6":"product_cat-all-products","7":"product_cat-capsules","8":"product_cat-headshop","9":"product_shipping_class-creditcard-on","11":"first","12":"instock","13":"taxable","14":"shipping-taxable","15":"purchasable","16":"product-type-variable","17":"has-default-attributes"},"_links":{"self":[{"href":"https:\/\/www.headshop.nl\/pt\/wp-json\/wp\/v2\/product\/8850","targetHints":{"allow":["GET"]}}],"collection":[{"href":"https:\/\/www.headshop.nl\/pt\/wp-json\/wp\/v2\/product"}],"about":[{"href":"https:\/\/www.headshop.nl\/pt\/wp-json\/wp\/v2\/types\/product"}],"wp:featuredmedia":[{"embeddable":true,"href":"https:\/\/www.headshop.nl\/pt\/wp-json\/wp\/v2\/media\/13056"}],"wp:attachment":[{"href":"https:\/\/www.headshop.nl\/pt\/wp-json\/wp\/v2\/media?parent=8850"}],"wp:term":[{"taxonomy":"product_brand","embeddable":true,"href":"https:\/\/www.headshop.nl\/pt\/wp-json\/wp\/v2\/product_brand?post=8850"},{"taxonomy":"product_cat","embeddable":true,"href":"https:\/\/www.headshop.nl\/pt\/wp-json\/wp\/v2\/product_cat?post=8850"},{"taxonomy":"product_tag","embeddable":true,"href":"https:\/\/www.headshop.nl\/pt\/wp-json\/wp\/v2\/product_tag?post=8850"}],"curies":[{"name":"wp","href":"https:\/\/api.w.org\/{rel}","templated":true}]}}