{"id":8711,"date":"2018-01-09T15:17:44","date_gmt":"2018-01-09T15:17:44","guid":{"rendered":"http:\/\/headshop.nl\/?post_type=product&#038;p=8711"},"modified":"2024-09-17T10:49:38","modified_gmt":"2024-09-17T10:49:38","slug":"smoking-silver-kingsize-box","status":"publish","type":"product","link":"https:\/\/www.headshop.nl\/pt\/smoking-silver-kingsize-box\/","title":{"rendered":"Smoking Prata, ultra-fino"},"content":{"rendered":"<h2><span style=\"color: #000000; font-size: 95%;\">Smoking Papel de enrolar prateado, caixa king size.<\/span><\/h2>\n<p><span style=\"color: #000000;\">Cada folha \u00e9 feita de papel de arroz puro com marca de \u00e1gua para garantia e de goma natural que adere sempre. Um tal\u00e3o de papel dobrado com as folhas recorda-o quando est\u00e1 a acabar. Uma embalagem individual cont\u00e9m 33 pap\u00e9is de enrolar. A caixa completa cont\u00e9m 50 pacotes.<\/span><\/p>\n<p><span style=\"color: #000000;\"><strong>Tipo:<\/strong> Papel de arroz puro + 100% Goma vegetal natural<\/span><br \/>\n<span style=\"color: #000000;\"><strong> Papel:<\/strong> Ultra-leve e extra-fino<\/span><br \/>\n<span style=\"color: #000000;\"><strong> Papel de enrolar:<\/strong> 33 folhas por embalagem<\/span><br \/>\n<span style=\"color: #000000;\"><strong> Caixa:<\/strong> Cont\u00e9m 50 embalagens<\/span><br \/>\n<span style=\"color: #000000;\"><strong> Tamanho:<\/strong> 108 mm x 37 mm<\/span><br \/>\n<span style=\"color: #000000;\"><strong> Weight:<\/strong> 13 g\/m2<\/span><\/p>","protected":false},"excerpt":{"rendered":"<p><span style=\"color: #000000;\">Smoking Silver Extra Slim Rolling Papers s\u00e3o ultra-leves e de combust\u00e3o lenta. Estes pap\u00e9is de enrolar s\u00e3o f\u00e1ceis de enrolar. A largura de cada papel \u00e9 de apenas 37 mm, por isso, se gosta de fumar menos papel, o Smoking Silver \u00e9 para si. Cont\u00e9m 50 ma\u00e7os.<\/span><\/p>","protected":false},"featured_media":13283,"template":"","meta":[],"product_brand":[],"product_cat":[297,414,446,421],"product_tag":[],"class_list":{"0":"post-8711","1":"product","2":"type-product","3":"status-publish","4":"has-post-thumbnail","6":"product_cat-all-products","7":"product_cat-headshop","8":"product_cat-papers","9":"product_cat-rolling-papers","10":"product_shipping_class-creditcard-on","12":"first","13":"instock","14":"taxable","15":"shipping-taxable","16":"purchasable","17":"product-type-simple"},"_links":{"self":[{"href":"https:\/\/www.headshop.nl\/pt\/wp-json\/wp\/v2\/product\/8711","targetHints":{"allow":["GET"]}}],"collection":[{"href":"https:\/\/www.headshop.nl\/pt\/wp-json\/wp\/v2\/product"}],"about":[{"href":"https:\/\/www.headshop.nl\/pt\/wp-json\/wp\/v2\/types\/product"}],"wp:featuredmedia":[{"embeddable":true,"href":"https:\/\/www.headshop.nl\/pt\/wp-json\/wp\/v2\/media\/13283"}],"wp:attachment":[{"href":"https:\/\/www.headshop.nl\/pt\/wp-json\/wp\/v2\/media?parent=8711"}],"wp:term":[{"taxonomy":"product_brand","embeddable":true,"href":"https:\/\/www.headshop.nl\/pt\/wp-json\/wp\/v2\/product_brand?post=8711"},{"taxonomy":"product_cat","embeddable":true,"href":"https:\/\/www.headshop.nl\/pt\/wp-json\/wp\/v2\/product_cat?post=8711"},{"taxonomy":"product_tag","embeddable":true,"href":"https:\/\/www.headshop.nl\/pt\/wp-json\/wp\/v2\/product_tag?post=8711"}],"curies":[{"name":"wp","href":"https:\/\/api.w.org\/{rel}","templated":true}]}}