{"id":8690,"date":"2018-01-08T19:28:37","date_gmt":"2018-01-08T19:28:37","guid":{"rendered":"http:\/\/headshop.nl\/?post_type=product&#038;p=8690"},"modified":"2024-09-17T10:49:41","modified_gmt":"2024-09-17T10:49:41","slug":"smoking-brown","status":"publish","type":"product","link":"https:\/\/www.headshop.nl\/pt\/smoking-brown\/","title":{"rendered":"Smoking Castanho, ultrafino"},"content":{"rendered":"<h2><span style=\"color: #000000; font-size: 95%;\">Smoking Papel de enrolar castanho, caixa king size.<\/span><strong><br \/>\n<\/strong><\/h2>\n<p><span style=\"color: #000000;\">Com este papel de enrolar, a empresa est\u00e1 a responder \u00e0s \u00faltimas tend\u00eancias do tabaco. O papel de enrolar n\u00e3o \u00e9 branqueado, \u00e9 ultrafino e queima lentamente. Isto torna o ato de fumar muito mais agrad\u00e1vel. Uma caixa cont\u00e9m 50 pacotes de papel de enrolar e cada pacote cont\u00e9m 33 pap\u00e9is de enrolar. A caixa completa cont\u00e9m 50 ma\u00e7os. Por isso, este produto vai durar muito tempo!<\/span><\/p>\n<p><span style=\"color: #000000;\"><strong> Tipo:<\/strong> Papel sem cloro e goma natural<\/span><br \/>\n<span style=\"color: #000000;\"><strong> Weight:<\/strong> 13 g\/m2<\/span><br \/>\n<span style=\"color: #000000;\"><strong> Oficial:<\/strong> Certifica\u00e7\u00e3o FSC<\/span><br \/>\n<span style=\"color: #000000;\"><strong> Papel de enrolar:<\/strong> 33 folhas por embalagem<\/span><br \/>\n<span style=\"color: #000000;\"><strong> Embalagens:<\/strong> A caixa cont\u00e9m 50 pacotes<\/span><\/p>","protected":false},"excerpt":{"rendered":"<p><span style=\"color: #000000;\">Os Kingsize Slim Rolling Papers castanhos n\u00e3o branqueados s\u00e3o uma nova adi\u00e7\u00e3o \u00e0 fam\u00edlia da gama Smoking. O papel em si n\u00e3o \u00e9 branqueado, n\u00e3o tem cloro e n\u00e3o tem sabor, pelo que \u00e9 perfeito para desfrutar de todo o sabor! Uma caixa Kingsize cont\u00e9m 50 pacotes.<br \/>\n<\/span><\/p>","protected":false},"featured_media":13218,"template":"","meta":[],"product_brand":[],"product_cat":[297,414,446,421],"product_tag":[],"class_list":{"0":"post-8690","1":"product","2":"type-product","3":"status-publish","4":"has-post-thumbnail","6":"product_cat-all-products","7":"product_cat-headshop","8":"product_cat-papers","9":"product_cat-rolling-papers","10":"product_shipping_class-creditcard-on","12":"first","13":"instock","14":"taxable","15":"shipping-taxable","16":"purchasable","17":"product-type-simple"},"_links":{"self":[{"href":"https:\/\/www.headshop.nl\/pt\/wp-json\/wp\/v2\/product\/8690","targetHints":{"allow":["GET"]}}],"collection":[{"href":"https:\/\/www.headshop.nl\/pt\/wp-json\/wp\/v2\/product"}],"about":[{"href":"https:\/\/www.headshop.nl\/pt\/wp-json\/wp\/v2\/types\/product"}],"wp:featuredmedia":[{"embeddable":true,"href":"https:\/\/www.headshop.nl\/pt\/wp-json\/wp\/v2\/media\/13218"}],"wp:attachment":[{"href":"https:\/\/www.headshop.nl\/pt\/wp-json\/wp\/v2\/media?parent=8690"}],"wp:term":[{"taxonomy":"product_brand","embeddable":true,"href":"https:\/\/www.headshop.nl\/pt\/wp-json\/wp\/v2\/product_brand?post=8690"},{"taxonomy":"product_cat","embeddable":true,"href":"https:\/\/www.headshop.nl\/pt\/wp-json\/wp\/v2\/product_cat?post=8690"},{"taxonomy":"product_tag","embeddable":true,"href":"https:\/\/www.headshop.nl\/pt\/wp-json\/wp\/v2\/product_tag?post=8690"}],"curies":[{"name":"wp","href":"https:\/\/api.w.org\/{rel}","templated":true}]}}