{"id":8674,"date":"2018-01-08T16:49:42","date_gmt":"2018-01-08T16:49:42","guid":{"rendered":"http:\/\/headshop.nl\/?post_type=product&#038;p=8674"},"modified":"2024-09-17T10:49:44","modified_gmt":"2024-09-17T10:49:44","slug":"greengo-king-size-rolling-paper","status":"publish","type":"product","link":"https:\/\/www.headshop.nl\/pt\/greengo-king-size-rolling-paper\/","title":{"rendered":"Greengo, tamanho grande"},"content":{"rendered":"<h2><span style=\"color: #000000; font-size: 95%;\">Greengo Papel de enrolar, caixa king size.<\/span><strong><br \/>\n<\/strong><\/h2>\n<p><span style=\"color: #000000;\">Os pap\u00e9is para enrolar Greengo t\u00eam a espessura ideal de 14 gr\/m2. A embalagem \u00e9 feita de papel totalmente reciclado de 200 gr\/m2.<\/span><\/p>\n<p><span style=\"color: #000000;\"><strong>Rolling Papers:<\/strong> 33 folhas por embalagem.<br \/>\n<strong>Caixa:<\/strong> 50 embalagens num expositor.<br \/>\n<strong>Tamanho:<\/strong> King Size (110 x 53 mm)<br \/>\n<strong>Pr\u00e9mios:<\/strong> Orgulhoso vencedor dos Pr\u00e9mios Europeus de Produtos 2011!<\/span><span style=\"color: #000000;\"><br \/>\n<\/span><\/p>","protected":false},"excerpt":{"rendered":"<p><span style=\"color: #000000;\">O papel para enrolar Greengo \u00e9 fabricado a partir de papel reciclado n\u00e3o branqueado 100%. Fabricado a partir de pasta certificada FSC. Pap\u00e9is naturais puros para um fumo natural puro! Um pacote cont\u00e9m 33 pap\u00e9is. Uma caixa cont\u00e9m 50 ma\u00e7os.<br \/>\n<\/span><\/p>","protected":false},"featured_media":13256,"template":"","meta":[],"product_brand":[],"product_cat":[297,414,446,421],"product_tag":[],"class_list":{"0":"post-8674","1":"product","2":"type-product","3":"status-publish","4":"has-post-thumbnail","6":"product_cat-all-products","7":"product_cat-headshop","8":"product_cat-papers","9":"product_cat-rolling-papers","10":"product_shipping_class-creditcard-on","12":"first","13":"instock","14":"taxable","15":"shipping-taxable","16":"purchasable","17":"product-type-simple"},"_links":{"self":[{"href":"https:\/\/www.headshop.nl\/pt\/wp-json\/wp\/v2\/product\/8674","targetHints":{"allow":["GET"]}}],"collection":[{"href":"https:\/\/www.headshop.nl\/pt\/wp-json\/wp\/v2\/product"}],"about":[{"href":"https:\/\/www.headshop.nl\/pt\/wp-json\/wp\/v2\/types\/product"}],"wp:featuredmedia":[{"embeddable":true,"href":"https:\/\/www.headshop.nl\/pt\/wp-json\/wp\/v2\/media\/13256"}],"wp:attachment":[{"href":"https:\/\/www.headshop.nl\/pt\/wp-json\/wp\/v2\/media?parent=8674"}],"wp:term":[{"taxonomy":"product_brand","embeddable":true,"href":"https:\/\/www.headshop.nl\/pt\/wp-json\/wp\/v2\/product_brand?post=8674"},{"taxonomy":"product_cat","embeddable":true,"href":"https:\/\/www.headshop.nl\/pt\/wp-json\/wp\/v2\/product_cat?post=8674"},{"taxonomy":"product_tag","embeddable":true,"href":"https:\/\/www.headshop.nl\/pt\/wp-json\/wp\/v2\/product_tag?post=8674"}],"curies":[{"name":"wp","href":"https:\/\/api.w.org\/{rel}","templated":true}]}}