{"id":8561,"date":"2018-01-05T14:16:41","date_gmt":"2018-01-05T14:16:41","guid":{"rendered":"http:\/\/headshop.nl\/?post_type=product&#038;p=8561"},"modified":"2025-11-06T01:26:29","modified_gmt":"2025-11-06T01:26:29","slug":"ginkgo-biloba","status":"publish","type":"product","link":"https:\/\/www.headshop.nl\/pt\/ginkgo-biloba\/","title":{"rendered":"Ginkgo Biloba"},"content":{"rendered":"<h2>O que \u00e9 o Ginkgo Biloba?<\/h2>\n<p>A Ginkgo Biloba, vulgarmente designada por \u00e1rvore do templo japon\u00eas ou \u00e1rvore da noz japonesa, \u00e9 uma das esp\u00e9cies de \u00e1rvores vivas mais antigas da Terra, com mais de 270 milh\u00f5es de anos. Nativa da China, a Ginkgo Biloba \u00e9 atualmente cultivada em todo o mundo devido aos seus not\u00e1veis benef\u00edcios para a sa\u00fade. Apesar dos nomes enganadores, a \u00e1rvore produz sementes, e n\u00e3o nozes, que s\u00e3o a fonte das suas qualidades medicinais.<\/p>\n<p>Reconhecido pelo seu elevado teor de antioxidantes, nomeadamente flavon\u00f3ides, ginkgolides e bilobalides, o Ginkgo Biloba tem sido um elemento b\u00e1sico da medicina tradicional. Estes compostos s\u00e3o conhecidos pela sua capacidade de ajudar a proteger o corpo do stress oxidativo e a melhorar a circula\u00e7\u00e3o. No bem-estar moderno, \u00e9 mais comummente utilizado para promover a sa\u00fade cognitiva, apoiar a mem\u00f3ria e melhorar a concentra\u00e7\u00e3o. O Indian Elements' Ginkgo Biloba oferece um suplemento puro e eficaz, trazendo estes benef\u00edcios antigos para uma forma conveniente e f\u00e1cil de utilizar.<\/p>\n<h2>Hist\u00f3ria do Ginkgo Biloba<\/h2>\n<p>O Ginkgo Biloba \u00e9 conhecido n\u00e3o s\u00f3 pelos seus benef\u00edcios para a sa\u00fade, mas tamb\u00e9m pela sua extraordin\u00e1ria resist\u00eancia. \u00c9 a \u00fanica esp\u00e9cie sobrevivente de um grupo de \u00e1rvores antigas que existe desde o tempo dos dinossauros. Os f\u00f3sseis da Ginkgo Biloba datam de h\u00e1 mais de 270 milh\u00f5es de anos, o que faz dela uma das esp\u00e9cies de \u00e1rvores mais antigas da Terra. A sua capacidade de sobreviver em diversos ambientes valeu-lhe o estatuto de s\u00edmbolo de longevidade e resist\u00eancia.<\/p>\n<p>Historicamente, o Ginkgo Biloba \u00e9 utilizado na medicina tradicional h\u00e1 s\u00e9culos. Os antigos praticantes chineses valorizavam-na pela sua capacidade de melhorar a mem\u00f3ria, promover a longevidade e apoiar a vitalidade geral. As utiliza\u00e7\u00f5es medicinais da \u00e1rvore espalharam-se pela \u00c1sia Oriental e, no s\u00e9culo XVIII, o Ginkgo Biloba come\u00e7ou a ser reconhecido na Europa. Atualmente, \u00e9 amplamente reconhecido pelos seus benef\u00edcios no aumento da clareza mental e no apoio \u00e0 circula\u00e7\u00e3o sangu\u00ednea, tornando-o um suplemento popular para a sa\u00fade cognitiva.<\/p>\n<h2>Como utilizar o Ginkgo Biloba<\/h2>\n<p>O suplemento Indian Elements' Ginkgo Biloba foi concebido para se integrar facilmente na sua rotina di\u00e1ria. A dose recomendada \u00e9 de 1 grama por dia, que pode ser misturada em \u00e1gua, batidos ou outras bebidas para maior comodidade. Para obter resultados \u00f3ptimos, \u00e9 melhor tomar o Ginkgo Biloba regularmente, pois os seus benef\u00edcios acumulam-se com o tempo.<\/p>\n<p>Embora o Ginkgo Biloba seja mais comummente consumido na forma de p\u00f3 ou c\u00e1psula, tamb\u00e9m pode ser apreciado como ch\u00e1, permitindo-lhe experimentar as suas propriedades numa bebida quente e calmante. Tenha em mente que, como qualquer suplemento, o uso consistente \u00e9 fundamental, e pode levar algum tempo para notar efeitos vis\u00edveis. Siga sempre a dosagem recomendada e consulte um profissional de sa\u00fade se tiver problemas de sa\u00fade subjacentes ou se estiver a tomar medicamentos.<\/p>\n<p>Indian Elements' Ginkgo Biloba \u00e9 100% natural, vegan e sem aditivos, o que o torna uma op\u00e7\u00e3o limpa e pura para melhorar a sua concentra\u00e7\u00e3o mental e o seu bem-estar geral.<\/p>\n<h2>Ingredientes de Ginkgo Biloba<\/h2>\n<p>Indian Elements\" Ginkgo Biloba cont\u00e9m apenas um ingrediente-chave: <strong>Ginkgo Biloba<\/strong>. Este ingrediente \u00e9 rico em compostos poderosos, como flavon\u00f3ides, ginkgolides e bilobalides, que contribuem para os seus in\u00fameros benef\u00edcios para a sa\u00fade. Estas subst\u00e2ncias s\u00e3o conhecidas pelas suas propriedades antioxidantes, que ajudam a proteger o organismo dos radicais livres e a reduzir a inflama\u00e7\u00e3o.<\/p>\n<p>Os ginkgolides e bilobalides no Ginkgo Biloba s\u00e3o particularmente eficazes na melhoria da circula\u00e7\u00e3o sangu\u00ednea e no apoio \u00e0 sa\u00fade cognitiva. Estes compostos ajudam a aumentar a concentra\u00e7\u00e3o mental, melhorar a mem\u00f3ria e apoiar a fun\u00e7\u00e3o cerebral. Al\u00e9m disso, o Ginkgo Biloba tem sido associado a uma melhor sa\u00fade card\u00edaca, pois pode ajudar no fluxo sangu\u00edneo e reduzir o risco de coagula\u00e7\u00e3o. Com a sua f\u00f3rmula pura e natural, o Indian Elements' Ginkgo Biloba garante que est\u00e1 a obter todos os benef\u00edcios desta poderosa erva.<\/p>\n<p><strong>Aviso:<\/strong><br \/>\nApenas para adultos com 18 anos ou mais. Manter fora do alcance das crian\u00e7as.<br \/>\nN\u00e3o recomendado para pessoas com problemas card\u00edacos ou renais, tens\u00e3o arterial alta ou baixa, diabetes ou que estejam a tomar medicamentos, drogas ou \u00e1lcool. Este \u00e9 um suplemento alimentar e deve ser utilizado de acordo com as instru\u00e7\u00f5es. N\u00e3o comprar se o selo estiver quebrado.<\/p>","protected":false},"excerpt":{"rendered":"<p>O Ginkgo Biloba, tamb\u00e9m conhecido como a \u00c1rvore do Templo Japonesa, \u00e9 um superalimento poderoso e repleto de antioxidantes que tem sido utilizado h\u00e1 milhares de anos para apoiar a sa\u00fade. Conhecida por promover uma melhor circula\u00e7\u00e3o, concentra\u00e7\u00e3o mental e mem\u00f3ria, esta \u00e1rvore antiga \u00e9 agora amplamente reconhecida como uma forma natural de aumentar a fun\u00e7\u00e3o cognitiva e a energia. Indian Elements' Ginkgo Biloba \u00e9 feito a partir de 100% folhas de Ginkgo puras, oferecendo um suplemento conveniente e natural para aumentar a concentra\u00e7\u00e3o e o bem-estar geral.<\/p>","protected":false},"featured_media":82163,"template":"","meta":[],"product_brand":[],"product_cat":[297,455,389,457,814,407,384,456],"product_tag":[],"class_list":{"0":"post-8561","1":"product","2":"type-product","3":"status-publish","4":"has-post-thumbnail","6":"product_cat-all-products","7":"product_cat-healthshop","8":"product_cat-herbs","9":"product_cat-herbs-healthshop","10":"product_cat-indian-elements","11":"product_cat-medicinal-herbs","12":"product_cat-smartshop","13":"product_cat-supplements","15":"first","16":"instock","17":"taxable","18":"shipping-taxable","19":"purchasable","20":"product-type-variable","21":"has-default-attributes"},"_links":{"self":[{"href":"https:\/\/www.headshop.nl\/pt\/wp-json\/wp\/v2\/product\/8561","targetHints":{"allow":["GET"]}}],"collection":[{"href":"https:\/\/www.headshop.nl\/pt\/wp-json\/wp\/v2\/product"}],"about":[{"href":"https:\/\/www.headshop.nl\/pt\/wp-json\/wp\/v2\/types\/product"}],"wp:featuredmedia":[{"embeddable":true,"href":"https:\/\/www.headshop.nl\/pt\/wp-json\/wp\/v2\/media\/82163"}],"wp:attachment":[{"href":"https:\/\/www.headshop.nl\/pt\/wp-json\/wp\/v2\/media?parent=8561"}],"wp:term":[{"taxonomy":"product_brand","embeddable":true,"href":"https:\/\/www.headshop.nl\/pt\/wp-json\/wp\/v2\/product_brand?post=8561"},{"taxonomy":"product_cat","embeddable":true,"href":"https:\/\/www.headshop.nl\/pt\/wp-json\/wp\/v2\/product_cat?post=8561"},{"taxonomy":"product_tag","embeddable":true,"href":"https:\/\/www.headshop.nl\/pt\/wp-json\/wp\/v2\/product_tag?post=8561"}],"curies":[{"name":"wp","href":"https:\/\/api.w.org\/{rel}","templated":true}]}}