{"id":83209,"date":"2025-02-04T15:24:38","date_gmt":"2025-02-04T15:24:38","guid":{"rendered":"https:\/\/www.headshop.nl\/?post_type=product&#038;p=83209"},"modified":"2026-02-19T01:26:18","modified_gmt":"2026-02-19T01:26:18","slug":"love-caps-6-capsules","status":"publish","type":"product","link":"https:\/\/www.headshop.nl\/pt\/love-caps-6-capsules\/","title":{"rendered":"Love Caps - 6 c\u00e1psulas"},"content":{"rendered":"<p><strong>Conte\u00fado:<\/strong> 6 c\u00e1psulas<br \/>\n<strong>Marca:<\/strong> Ultimate69<\/p>\n<p>As Love Caps da Ultimate69 foram concebidas para dar aquele toque extra de prazer er\u00f3tico tanto para ele como para ela. Experimente a derradeira sensa\u00e7\u00e3o em conjunto com estas novas c\u00e1psulas, feitas a partir de extractos de ervas cuidadosamente selecionados. Aumentam a libido, a energia, a resist\u00eancia e proporcionam uma ligeira sensa\u00e7\u00e3o de formigueiro. Juntos, v\u00e3o atingir o cl\u00edmax m\u00e1ximo! Divirtam-se e desfrutem do Love Caps Ultimate 69!<\/p>\n<p><strong>Ingredientes:<\/strong><\/p>\n<p>150 mg de GABA, 100 mg de L-arginina, 100 mg de L-citrulina, 100 mg de extrato de maca preta, 50 mg de kanna, 50 mg de extrato de ginseng, 50 mg de extrato de damiana, 50 mg de extrato de passiflora, 50 mg de taurina, 50 mg de extrato de cacau, 50 mg de vitamina C, 25 mg de extrato de erva-cidreira, 10 mg de niacina, 10 mg de zinco, 2 mg de piperina e amido de arroz como excipiente.<\/p>\n<p><strong>Dosagem:<\/strong><\/p>\n<p>Tomar as Love Caps uma hora antes da atividade sexual. Comece com 1 c\u00e1psula para sentir o efeito e, se necess\u00e1rio, tome uma segunda c\u00e1psula ap\u00f3s meia hora. O n\u00famero m\u00e1ximo de c\u00e1psulas por pessoa e por dia \u00e9 de 2.<\/p>\n<p><strong>Aviso:<\/strong><\/p>\n<p>Manter fora do alcance das crian\u00e7as. Consulte o seu m\u00e9dico antes de utilizar se estiver gr\u00e1vida, a amamentar ou se tiver problemas de sa\u00fade. Este \u00e9 um suplemento alimentar e deve ser utilizado como tal.<\/p>\n<p><strong>Conselhos de armazenamento:<\/strong><\/p>\n<p>Conservar num local fresco e escuro.<\/p>","protected":false},"excerpt":{"rendered":"<p>Melhore a intimidade com as Ultimate69 Love Caps, concebidas tanto para ele como para ela. Feitas a partir de extractos de ervas cuidadosamente selecionados, aumentam a libido, a energia e a resist\u00eancia, ao mesmo tempo que proporcionam uma ligeira sensa\u00e7\u00e3o de formigueiro.<\/p>","protected":false},"featured_media":83213,"template":"","meta":[],"product_brand":[],"product_cat":[705,297,395,384],"product_tag":[],"class_list":{"0":"post-83209","1":"product","2":"type-product","3":"status-publish","4":"has-post-thumbnail","6":"product_cat-sex-shop","7":"product_cat-all-products","8":"product_cat-aphrodisiacs","9":"product_cat-smartshop","11":"first","12":"instock","13":"taxable","14":"shipping-taxable","15":"purchasable","16":"product-type-variable","17":"has-default-attributes"},"_links":{"self":[{"href":"https:\/\/www.headshop.nl\/pt\/wp-json\/wp\/v2\/product\/83209","targetHints":{"allow":["GET"]}}],"collection":[{"href":"https:\/\/www.headshop.nl\/pt\/wp-json\/wp\/v2\/product"}],"about":[{"href":"https:\/\/www.headshop.nl\/pt\/wp-json\/wp\/v2\/types\/product"}],"wp:featuredmedia":[{"embeddable":true,"href":"https:\/\/www.headshop.nl\/pt\/wp-json\/wp\/v2\/media\/83213"}],"wp:attachment":[{"href":"https:\/\/www.headshop.nl\/pt\/wp-json\/wp\/v2\/media?parent=83209"}],"wp:term":[{"taxonomy":"product_brand","embeddable":true,"href":"https:\/\/www.headshop.nl\/pt\/wp-json\/wp\/v2\/product_brand?post=83209"},{"taxonomy":"product_cat","embeddable":true,"href":"https:\/\/www.headshop.nl\/pt\/wp-json\/wp\/v2\/product_cat?post=83209"},{"taxonomy":"product_tag","embeddable":true,"href":"https:\/\/www.headshop.nl\/pt\/wp-json\/wp\/v2\/product_tag?post=83209"}],"curies":[{"name":"wp","href":"https:\/\/api.w.org\/{rel}","templated":true}]}}