{"id":83201,"date":"2022-06-06T15:17:13","date_gmt":"2022-06-06T15:17:13","guid":{"rendered":"https:\/\/www.headshop.nl\/?post_type=product&#038;p=83201"},"modified":"2025-11-11T13:26:15","modified_gmt":"2025-11-11T13:26:15","slug":"sex-on-the-beach","status":"publish","type":"product","link":"https:\/\/www.headshop.nl\/pt\/sex-on-the-beach\/","title":{"rendered":"Sex na praia"},"content":{"rendered":"<h2 dir=\"auto\">O que s\u00e3o as Trufas M\u00e1gicas Sex on the Beach?<\/h2>\n<p dir=\"auto\">Sex on the Beach Magic Truffles s\u00e3o escler\u00f3cios, formados por fios de mic\u00e9lio subterr\u00e2neos que armazenam nutrientes para o crescimento do cogumelo em condi\u00e7\u00f5es espec\u00edficas de temperatura e humidade, proporcionando uma potente experi\u00eancia psicad\u00e9lica. Estas trufas s\u00e3o famosas por melhorarem as liga\u00e7\u00f5es sensoriais e emocionais, induzindo imagens v\u00edvidas e percep\u00e7\u00f5es filos\u00f3ficas, com cada caixa de 15 gramas feita \u00e0 medida para a viagem transformadora de um \u00fanico utilizador.<\/p>\n<p dir=\"auto\">A sua popularidade deve-se \u00e0 sua capacidade de promover a intimidade e a explora\u00e7\u00e3o pessoal, interagindo com o sistema de serotonina do c\u00e9rebro para criar uma viagem m\u00e1gica e alucinog\u00e9nica. Armazenadas a 2\u00b0C-4\u00b0C, oferecem uma experi\u00eancia segura e controlada para adultos com mais de 18 anos, tornando-as uma escolha vers\u00e1til para quem procura uma auto-descoberta profunda ou momentos partilhados num ambiente de confian\u00e7a.<\/p>\n<h2 dir=\"auto\">Hist\u00f3ria de Sex on the Beach Magic Truffles<\/h2>\n<p dir=\"auto\">A hist\u00f3ria das Trufas M\u00e1gicas Sex on the Beach tem origem nas antigas culturas da Am\u00e9rica Central e do Sul, onde os fungos psicoactivos eram utilizados em rituais espirituais para estabelecer liga\u00e7\u00f5es com o divino e explorar o eu. Na era moderna, os escler\u00f3cios ganharam proemin\u00eancia nos Pa\u00edses Baixos como uma alternativa legal aos cogumelos m\u00e1gicos proibidos, sendo esta mistura espec\u00edfica criada para melhorar as experi\u00eancias \u00edntimas e sensoriais.<\/p>\n<p dir=\"auto\">Os avan\u00e7os no cultivo garantiram a sua pot\u00eancia e consist\u00eancia, reflectindo uma mistura de tradi\u00e7\u00f5es antigas e inova\u00e7\u00e3o contempor\u00e2nea. Hoje em dia, estas trufas s\u00e3o celebradas por facilitarem as liga\u00e7\u00f5es significativas e o crescimento pessoal, aproveitando a onda do crescente interesse pelos psicad\u00e9licos naturais e estabelecendo-se como um favorito na comunidade psicad\u00e9lica global.<\/p>\n<h2 dir=\"auto\">Como utilizar as trufas m\u00e1gicas Sex na praia<\/h2>\n<p dir=\"auto\">Para desfrutar em seguran\u00e7a das Trufas M\u00e1gicas Sex on the Beach, consuma-as num ambiente calmo e de confian\u00e7a, idealmente com um companheiro pr\u00f3ximo, come\u00e7ando com metade da caixa de 15 gramas e esperando 30-45 minutos antes de considerar mais. Mastigar bem para obter uma pot\u00eancia \u00f3ptima ou preparar um ch\u00e1 ou uma sopa, tomando-as com o est\u00f4mago vazio para obter efeitos que atingem o pico em 1-3 horas e desaparecem ap\u00f3s 5-6 horas; conservar a 2\u00b0C-4\u00b0C num local escuro.<\/p>\n<p dir=\"auto\">Evitar a combina\u00e7\u00e3o com \u00e1lcool, medicamentos ou drogas, e n\u00e3o utilizar se estiver gr\u00e1vida, a amamentar ou a gerir doen\u00e7as como a depress\u00e3o, problemas card\u00edacos ou diabetes; \u00e9 proibido conduzir ou operar m\u00e1quinas. Mantenha-se hidratado, estabele\u00e7a inten\u00e7\u00f5es positivas e relaxe para abra\u00e7ar a aventura sensorial, garantindo uma experi\u00eancia memor\u00e1vel e \u00edntima com o cumprimento cuidadoso das diretrizes de dosagem.<\/p>\n<h2 dir=\"auto\">Ingredientes de Sex on the Beach Magic Truffles<\/h2>\n<p dir=\"auto\">Sex on the Beach Magic Truffles cont\u00e9m psilocibina, que se converte em psilocina para produzir efeitos alucinog\u00e9nios atrav\u00e9s das vias da serotonina, juntamente com nutrientes como 110,5 kcal, 13,2 g de hidratos de carbono, 5,3 g de prote\u00ednas, 0,4 g de gordura e 16,7 g de fibra alimentar por 100 g. Fornecem tamb\u00e9m 210 mg de pot\u00e1ssio, 169,3 mg de f\u00f3sforo, 13,6 mg de s\u00f3dio, 12,5 mg de c\u00e1lcio, 0,7 mg de ferro e 10 UI de vitamina D, apoiando a energia e as fun\u00e7\u00f5es corporais.<\/p>\n<p dir=\"auto\">Cultivados naturalmente sem aditivos, estes escler\u00f3cios oferecem uma mistura pura de benef\u00edcios psicoactivos e nutricionais, melhorando o humor, a perce\u00e7\u00e3o e a intimidade. A sua composi\u00e7\u00e3o torna-as ideais para quem procura uma experi\u00eancia psicol\u00f3gica profunda com um apoio diet\u00e9tico m\u00ednimo, desde que os utilizadores respeitem a pot\u00eancia da psilocibina e sigam pr\u00e1ticas de consumo seguras.<\/p>\n<p dir=\"auto\"><strong>Aviso<\/strong><\/p>\n<p dir=\"auto\">Sex on the Beach Magic Truffles cont\u00e9m psilocibina e psilocina, alucinog\u00e9nios potentes que alteram significativamente a consci\u00eancia e induzem alucina\u00e7\u00f5es v\u00edvidas, exigindo uma utiliza\u00e7\u00e3o cautelosa num ambiente controlado. Mant\u00e9m-na fora do alcance das crian\u00e7as e evita-a se estiveres gr\u00e1vida, a gerir problemas de sa\u00fade mental ou a lidar com problemas de sa\u00fade como a diabetes ou problemas card\u00edacos, pois os efeitos podem ser imprevis\u00edveis.<\/p>\n<p dir=\"auto\">N\u00e3o misturar com \u00e1lcool, drogas ou medicamentos, e assegurar um consumo respons\u00e1vel seguindo as diretrizes de seguran\u00e7a para conseguir uma experi\u00eancia positiva e segura. Os utilizadores devem manter um estado mental e f\u00edsico adequado para apreciar plenamente os efeitos transformadores destas trufas.<\/p>","protected":false},"excerpt":{"rendered":"<p>Sex on the Beach As Trufas M\u00e1gicas aproximam-no a si e ao seu parceiro. Tudo parece mais forte, mais excitante e o resto do mundo desvanece-se por um momento. Este \u00e9 o momento perfeito para desfrutarem plenamente um do outro. Encontre um lugar rom\u00e2ntico e embarque numa viagem er\u00f3tica.<\/p>\n<p><strong>Experi\u00eancia completa: uma caixa, uma pessoa<\/strong><\/p>","protected":false},"featured_media":83223,"template":"","meta":[],"product_brand":[],"product_cat":[812,297,402,706,399,626,384],"product_tag":[978],"class_list":{"0":"post-83201","1":"product","2":"type-product","3":"status-publish","4":"has-post-thumbnail","6":"product_cat-mcsmart-truffles","7":"product_cat-all-products","8":"product_cat-magic-truffles","9":"product_cat-microdosing-truffles","10":"product_cat-shroomshop","11":"product_cat-shroomshop-top-10","12":"product_cat-smartshop","13":"product_tag-shrdeal","14":"product_shipping_class-group-7","16":"first","17":"instock","18":"taxable","19":"shipping-taxable","20":"purchasable","21":"product-type-variable","22":"has-default-attributes"},"_links":{"self":[{"href":"https:\/\/www.headshop.nl\/pt\/wp-json\/wp\/v2\/product\/83201","targetHints":{"allow":["GET"]}}],"collection":[{"href":"https:\/\/www.headshop.nl\/pt\/wp-json\/wp\/v2\/product"}],"about":[{"href":"https:\/\/www.headshop.nl\/pt\/wp-json\/wp\/v2\/types\/product"}],"wp:featuredmedia":[{"embeddable":true,"href":"https:\/\/www.headshop.nl\/pt\/wp-json\/wp\/v2\/media\/83223"}],"wp:attachment":[{"href":"https:\/\/www.headshop.nl\/pt\/wp-json\/wp\/v2\/media?parent=83201"}],"wp:term":[{"taxonomy":"product_brand","embeddable":true,"href":"https:\/\/www.headshop.nl\/pt\/wp-json\/wp\/v2\/product_brand?post=83201"},{"taxonomy":"product_cat","embeddable":true,"href":"https:\/\/www.headshop.nl\/pt\/wp-json\/wp\/v2\/product_cat?post=83201"},{"taxonomy":"product_tag","embeddable":true,"href":"https:\/\/www.headshop.nl\/pt\/wp-json\/wp\/v2\/product_tag?post=83201"}],"curies":[{"name":"wp","href":"https:\/\/api.w.org\/{rel}","templated":true}]}}