{"id":82816,"date":"2025-01-10T13:47:34","date_gmt":"2025-01-10T13:47:34","guid":{"rendered":"https:\/\/www.headshop.nl\/?post_type=product&#038;p=82816"},"modified":"2025-05-23T09:10:06","modified_gmt":"2025-05-23T09:10:06","slug":"somango-autoflower-soma-sacred-seeds","status":"publish","type":"product","link":"https:\/\/www.headshop.nl\/pt\/somango-autoflower-soma-sacred-seeds\/","title":{"rendered":"Somango Autoflower - Soma Sacred Seeds"},"content":{"rendered":"<h2>O que \u00e9 a Somango Autoflower?<\/h2>\n<p>A Somango Autoflower \u00e9 uma variedade h\u00edbrida de can\u00e1bis resultante da combina\u00e7\u00e3o das gen\u00e9ticas coreanas Jack Herer e Big Skunk. Reconhecida pelo seu aroma e sabor a manga tropical, esta variedade apresenta uma composi\u00e7\u00e3o 75% Indica e 25% Sativa, oferecendo uma experi\u00eancia completa que \u00e9 tanto fisicamente relaxante como mentalmente estimulante. A sua natureza autoflorescente torna-a uma excelente escolha para os cultivadores que procuram simplicidade, uma vez que n\u00e3o requer uma gest\u00e3o rigorosa do ciclo de luz.<\/p>\n<p>Conhecida pelos seus efeitos estimulantes, a Somango Autoflower proporciona um efeito euf\u00f3rico que aumenta a criatividade sem induzir uma forte seda\u00e7\u00e3o. Com um per\u00edodo de flora\u00e7\u00e3o de 9-10 semanas, cada planta produz aproximadamente 25 gramas de bot\u00f5es. Os bot\u00f5es s\u00e3o revestidos a cristal, o que os torna perfeitos para produzir haxixe de dedo. Prosperando melhor com nutrientes org\u00e2nicos, as folhas roxas vibrantes desta variedade aumentam o seu atrativo visual. Quer seja para cultivo ou para desfrutar, a Somango Autoflower destina-se tanto a principiantes como a entusiastas de can\u00e1bis experientes.<\/p>\n<h2>Hist\u00f3ria da Somango Autoflower<\/h2>\n<p>A linhagem da Somango Autoflower deriva das suas variedades-m\u00e3e, Jack Herer e Big Skunk Korean. Original Anteriormente denominada Soma #5, a variedade foi rebaptizada Somango para real\u00e7ar o seu aroma carater\u00edstico de manga tropical, que a distinguia de outras variedades. Esta h\u00edbrida capta os efeitos estimulantes da Jack Herer e os sabores terrosos e pungentes da Big Skunk Korean, criando uma variedade que oferece o melhor dos dois mundos.<\/p>\n<p>Desenvolvida pela Soma Sacred Seeds, l\u00edder no cultivo de can\u00e1bis, a Somango foi concebida para proporcionar sabores frutados excepcionais e efeitos potentes. A vers\u00e3o autoflorescente foi introduzida para simplificar o cultivo, permitindo aos produtores contornar a gest\u00e3o do ciclo de luz. Ao longo do tempo, a Somango ganhou um p\u00fablico devoto, celebrado pela sua pot\u00eancia, sabor e versatilidade. Os seus efeitos euf\u00f3ricos e o seu aroma carater\u00edstico a manga tornaram-na uma variedade de destaque na cole\u00e7\u00e3o da Soma.<\/p>\n<h2>Como usar a Somango Autoflower<\/h2>\n<p>A Somango Autoflower pode ser apreciada de v\u00e1rias formas para se adequar a diferentes prefer\u00eancias. Os fumadores podem enrol\u00e1-la em charros, embal\u00e1-la em cachimbos ou us\u00e1-la em bongos para experimentar plenamente o seu sabor a manga tropical e o seu fumo suave. Vaping \u00e9 outra \u00f3ptima op\u00e7\u00e3o, pois preserva os delicados terpenos da variedade e proporciona um efeito mais limpo e saboroso.<\/p>\n<p>Os efeitos estimulantes e edificantes desta variedade tornam-na ideal para actividades criativas, como a escrita, a arte ou sess\u00f5es de brainstorming. \u00c9 uma excelente op\u00e7\u00e3o diurna, oferecendo um impulso mental sem causar letargia ou seda\u00e7\u00e3o. Para os cultivadores, a Somango Autoflower \u00e9 f\u00e1cil de cultivar, exigindo cuidados m\u00ednimos e produzindo bot\u00f5es de alta qualidade. A sua gen\u00e9tica autoflorescente garante que a planta amadurece de forma independente, tornando-a adequada para cultivadores com pouca experi\u00eancia.<\/p>\n<h2>Ingredientes da Somango Autoflower<\/h2>\n<p>Os efeitos e sabores \u00fanicos da Somango Autoflower resultam da sua gen\u00e9tica h\u00edbrida, misturando os tra\u00e7os Jack Herer e Big Skunk Korean. A sua composi\u00e7\u00e3o de 75% Indica e 25% Sativa proporciona relaxamento f\u00edsico e efeitos calmantes da Indica, enquanto a Sativa contribui para um efeito estimulante e euf\u00f3rico, tornando-a uma variedade bem equilibrada.<\/p>\n<p>O sabor de manga tropical carater\u00edstico da variedade \u00e9 derivado do seu rico perfil de terpenos, que inclui notas c\u00edtricas e frutadas doces. Estes terpenos melhoram n\u00e3o s\u00f3 o sabor, mas tamb\u00e9m a experi\u00eancia arom\u00e1tica. Os bot\u00f5es da Somango est\u00e3o revestidos com uma espessa camada de cristais, indicando uma elevada produ\u00e7\u00e3o de resina, o que torna a variedade ideal para a produ\u00e7\u00e3o de haxixe. A qualidade rica em resina permite a cria\u00e7\u00e3o de um haxixe de dedo excecional, preservando o sabor e a pot\u00eancia da variedade. Estes atributos fazem da Somango Autoflower uma excelente escolha para quem procura uma experi\u00eancia de can\u00e1bis saborosa e de alta qualidade.<\/p>\n<p>&nbsp;<\/p>\n<p><strong>Aviso<\/strong><\/p>\n<p>Tal como acontece com qualquer variedade de can\u00e1bis, a Somango Autoflower deve ser consumida de forma respons\u00e1vel. Os seus efeitos estimulantes podem causar uma estimula\u00e7\u00e3o mental que pode dificultar a concentra\u00e7\u00e3o em situa\u00e7\u00f5es que exijam uma concentra\u00e7\u00e3o profunda. Os principiantes devem come\u00e7ar com uma pequena dose para avaliar os seus efeitos. Mant\u00e9m sempre esta variedade fora do alcance de crian\u00e7as e animais de estima\u00e7\u00e3o, e evita operar maquinaria pesada ap\u00f3s a sua utiliza\u00e7\u00e3o.<\/p>","protected":false},"excerpt":{"rendered":"<p>A Somango Autoflower \u00e9 uma variedade de can\u00e1bis frutada e saborosa conhecida pelos seus efeitos estimulantes e mentais. Uma h\u00edbrida de Jack Herer e Big Skunk Korean, esta variedade oferece um aroma de manga tropical e \u00e9 uma \u00f3ptima escolha para indiv\u00edduos criativos que procuram uma experi\u00eancia euf\u00f3rica e alerta. Com rendimentos moderados e uma tonalidade p\u00farpura vibrante, a Somango Autoflower tamb\u00e9m produz um haxixe de dedo excecional devido aos seus bot\u00f5es ricos em resina.<\/p>","protected":false},"featured_media":82820,"template":"","meta":[],"product_brand":[],"product_cat":[949,297,466,465],"product_tag":[],"class_list":{"0":"post-82816","1":"product","2":"type-product","3":"status-publish","4":"has-post-thumbnail","6":"product_cat-soma-sacred-seeds","7":"product_cat-all-products","8":"product_cat-autoflowering-seeds","9":"product_cat-seedshop","11":"first","12":"instock","13":"taxable","14":"shipping-taxable","15":"purchasable","16":"product-type-variable","17":"has-default-attributes"},"_links":{"self":[{"href":"https:\/\/www.headshop.nl\/pt\/wp-json\/wp\/v2\/product\/82816","targetHints":{"allow":["GET"]}}],"collection":[{"href":"https:\/\/www.headshop.nl\/pt\/wp-json\/wp\/v2\/product"}],"about":[{"href":"https:\/\/www.headshop.nl\/pt\/wp-json\/wp\/v2\/types\/product"}],"wp:featuredmedia":[{"embeddable":true,"href":"https:\/\/www.headshop.nl\/pt\/wp-json\/wp\/v2\/media\/82820"}],"wp:attachment":[{"href":"https:\/\/www.headshop.nl\/pt\/wp-json\/wp\/v2\/media?parent=82816"}],"wp:term":[{"taxonomy":"product_brand","embeddable":true,"href":"https:\/\/www.headshop.nl\/pt\/wp-json\/wp\/v2\/product_brand?post=82816"},{"taxonomy":"product_cat","embeddable":true,"href":"https:\/\/www.headshop.nl\/pt\/wp-json\/wp\/v2\/product_cat?post=82816"},{"taxonomy":"product_tag","embeddable":true,"href":"https:\/\/www.headshop.nl\/pt\/wp-json\/wp\/v2\/product_tag?post=82816"}],"curies":[{"name":"wp","href":"https:\/\/api.w.org\/{rel}","templated":true}]}}