{"id":82791,"date":"2025-01-10T13:24:19","date_gmt":"2025-01-10T13:24:19","guid":{"rendered":"https:\/\/www.headshop.nl\/?post_type=product&#038;p=82791"},"modified":"2025-05-23T09:10:34","modified_gmt":"2025-05-23T09:10:34","slug":"buddhas-sister-soma-sacred-seeds","status":"publish","type":"product","link":"https:\/\/www.headshop.nl\/pt\/buddhas-sister-soma-sacred-seeds\/","title":{"rendered":"Irm\u00e3 de Buda - Sementes Sagradas de Soma"},"content":{"rendered":"<h2>O que \u00e9 a irm\u00e3 de Buda?<\/h2>\n<p>A Buddha's Sister \u00e9 uma variedade h\u00edbrida de can\u00e1bis famosa pelos seus efeitos criativos e cerebrais. Renomeada para atrair o mercado dos coffeeshops de Amesterd\u00e3o, rapidamente se tornou uma das favoritas devido \u00e0s suas carater\u00edsticas \u00fanicas e perfil potente. Esta variedade \u00e9 um cruzamento entre a Siddhartha e a Afghani Hawaiian, resultando numa planta que oferece um rendimento impressionante e um sabor a rebu\u00e7ado de cereja. Com uma composi\u00e7\u00e3o gen\u00e9tica equilibrada de 60% Indica e 40% Sativa, a Buddha's Sister proporciona uma mistura harmoniosa de relaxamento e estimula\u00e7\u00e3o mental.<\/p>\n<p>Not\u00e1vel pela sua estrutura alta e esguia, esta variedade prospera utilizando um m\u00e9todo de cultivo com v\u00e1rios ramos em vez da t\u00e9cnica Sea of Green (SOG). A Buddha's Sister \u00e9 altamente resinosa, o que a torna ideal para a produ\u00e7\u00e3o de haxixe. Os seus bot\u00f5es s\u00e3o sedosos e escorregadios, mostrando o seu conte\u00fado de resina gordurosa. Embora o seu sabor seja ligeiramente menos doce do que o da sua cong\u00e9nere Reclining Buddha, a Buddha's Sister \u00e9 venerada pelas suas qualidades medicinais, oferecendo benef\u00edcios terap\u00eauticos juntamente com o seu sabor delicioso.<\/p>\n<h2>Hist\u00f3ria da irm\u00e3 de Buda<\/h2>\n<p>A Buddha's Sister tem as suas origens na Soma Skunk V+, desenvolvida pela Soma Sacred Seeds. Inicialmente criada para fornecer valor medicinal e recreativo, esta variedade ganhou popularidade pelos seus efeitos potentes e sabor distinto. Renomeada para Buddha's Sister, teve imenso sucesso nos coffeeshops de Amesterd\u00e3o, tornando-se uma variedade muito vendida e frequentemente muito procurada.<\/p>\n<p>A gen\u00e9tica da variedade combina a Siddhartha e a Afghani Hawaiian, duas variedades conhecidas pelos seus efeitos robustos e sabores ricos. Esta hibrida\u00e7\u00e3o melhorou o seu rendimento, oferecendo um perfil ligeiramente menos doce do que a Reclining Buddha. Com o passar do tempo, a Buddha's Sister estabeleceu-se como um elemento b\u00e1sico no mundo da can\u00e1bis, valorizada pelas suas propriedades terap\u00eauticas e efeito relaxante criativo. Atualmente, continua a ser uma escolha procurada tanto nas comunidades de can\u00e1bis medicinal como recreativa.<\/p>\n<h2>Como utilizar a irm\u00e3 de Buda<\/h2>\n<p>A Buddha's Sister oferece versatilidade, permitindo aos utilizadores apreci\u00e1-la de v\u00e1rias formas. Os seus bot\u00f5es sedosos e ricos em resina fazem dela uma das favoritas para a produ\u00e7\u00e3o de haxixe e para a cria\u00e7\u00e3o de concentrados saborosos. Quando fumada, a variedade proporciona um sabor a rebu\u00e7ado de cereja azeda que proporciona uma experi\u00eancia suave e agrad\u00e1vel.<\/p>\n<p>Os utilizadores podem esperar uma moca criativa e cerebral, perfeita para actividades art\u00edsticas, brainstorming ou simplesmente para desfrutar de um momento relaxante e edificante. Os utilizadores do Medicinal apreciam a Buddha's Sister pela sua capacidade de aliviar o stress, a ansiedade e a dor cr\u00f3nica. Quer seja consumida atrav\u00e9s de fumo, vaporiza\u00e7\u00e3o ou concentrados, a Buddha's Sister proporciona uma experi\u00eancia equilibrada e agrad\u00e1vel tanto para uso recreativo como medicinal.<\/p>\n<h2>Ingredientes de Buddha's Sister<\/h2>\n<p>Os efeitos e o sabor da Buddha's Sister resultam do seu complexo perfil de canabin\u00f3ides e terpenos. Os seus terpenos dominantes incluem:<\/p>\n<ul>\n<li><strong>Mirceno<\/strong>: Proporciona um aroma terroso e almiscarado e contribui para os efeitos relaxantes.<\/li>\n<li><strong>Limoneno<\/strong>: Acrescenta um toque c\u00edtrico ao perfil de sabor.<\/li>\n<li><strong>Cariofileno<\/strong>: Oferece notas picantes e apimentadas que aumentam a complexidade da variedade.<\/li>\n<\/ul>\n<p>Esta variedade \u00e9 rica em THC, que impulsiona os seus efeitos potentes, complementados pela sua gen\u00e9tica 60% Indica e 40% Sativa. Este equil\u00edbrio cria um efeito que \u00e9 fisicamente calmante e mentalmente estimulante, tornando a Buddha's Sister ideal para uma variedade de utiliza\u00e7\u00f5es.<\/p>\n<p>&nbsp;<\/p>\n<p><strong>Aviso<\/strong><\/p>\n<p>A Buddha's Sister \u00e9 uma variedade potente, e os seus efeitos podem ser intensos para novos utilizadores. Os principiantes devem come\u00e7ar com uma pequena dose para avaliar a sua toler\u00e2ncia. Os cultivadores devem manusear os bot\u00f5es ricos em resina com cuidado para evitar bolor ou mofo, especialmente em ambientes h\u00famidos. Tal como acontece com todos os produtos de can\u00e1bis, consuma de forma respons\u00e1vel e em conformidade com a legisla\u00e7\u00e3o local.<\/p>","protected":false},"excerpt":{"rendered":"<p>A Buddha's Sister \u00e9 uma variedade de can\u00e1bis saborosa e potente, conhecida pelos seus efeitos criativos e cerebrais. Com a gen\u00e9tica 60% Indica e 40% Sativa, oferece um efeito relaxante poderoso, ideal para quem procura inspira\u00e7\u00e3o e relaxamento. Conhecida pelo seu sabor \u00fanico a rebu\u00e7ado de cereja, esta variedade produz rendimentos elevados e resina abundante, perfeita para fazer haxixe. Quer seja cultivada hidroponicamente ou em solo org\u00e2nico, a Buddha's Sister prospera numa configura\u00e7\u00e3o com v\u00e1rios ramos e proporciona uma experi\u00eancia satisfat\u00f3ria tanto para utilizadores recreativos como medicinais.<\/p>","protected":false},"featured_media":82795,"template":"","meta":[],"product_brand":[],"product_cat":[949,297,467,465],"product_tag":[],"class_list":{"0":"post-82791","1":"product","2":"type-product","3":"status-publish","4":"has-post-thumbnail","6":"product_cat-soma-sacred-seeds","7":"product_cat-all-products","8":"product_cat-feminized-seeds","9":"product_cat-seedshop","11":"first","12":"instock","13":"taxable","14":"shipping-taxable","15":"purchasable","16":"product-type-variable","17":"has-default-attributes"},"_links":{"self":[{"href":"https:\/\/www.headshop.nl\/pt\/wp-json\/wp\/v2\/product\/82791","targetHints":{"allow":["GET"]}}],"collection":[{"href":"https:\/\/www.headshop.nl\/pt\/wp-json\/wp\/v2\/product"}],"about":[{"href":"https:\/\/www.headshop.nl\/pt\/wp-json\/wp\/v2\/types\/product"}],"wp:featuredmedia":[{"embeddable":true,"href":"https:\/\/www.headshop.nl\/pt\/wp-json\/wp\/v2\/media\/82795"}],"wp:attachment":[{"href":"https:\/\/www.headshop.nl\/pt\/wp-json\/wp\/v2\/media?parent=82791"}],"wp:term":[{"taxonomy":"product_brand","embeddable":true,"href":"https:\/\/www.headshop.nl\/pt\/wp-json\/wp\/v2\/product_brand?post=82791"},{"taxonomy":"product_cat","embeddable":true,"href":"https:\/\/www.headshop.nl\/pt\/wp-json\/wp\/v2\/product_cat?post=82791"},{"taxonomy":"product_tag","embeddable":true,"href":"https:\/\/www.headshop.nl\/pt\/wp-json\/wp\/v2\/product_tag?post=82791"}],"curies":[{"name":"wp","href":"https:\/\/api.w.org\/{rel}","templated":true}]}}