{"id":82781,"date":"2025-01-10T13:11:11","date_gmt":"2025-01-10T13:11:11","guid":{"rendered":"https:\/\/www.headshop.nl\/?post_type=product&#038;p=82781"},"modified":"2025-05-23T09:10:45","modified_gmt":"2025-05-23T09:10:45","slug":"lavender-soma-sacred-seeds","status":"publish","type":"product","link":"https:\/\/www.headshop.nl\/pt\/lavender-soma-sacred-seeds\/","title":{"rendered":"Alfazema - Soma Sacred Seeds"},"content":{"rendered":"<h2>O que \u00e9 a alfazema?<\/h2>\n<p>A Lavender \u00e9 uma impressionante variedade de can\u00e1bis celebrada pela sua apar\u00eancia vibrante e patrim\u00f3nio gen\u00e9tico diversificado. \u00c9 o resultado de um cruzamento \u00fanico de tr\u00eas vias, misturando gen\u00e9tica do Afeganist\u00e3o, Havai, Coreia, EUA e Europa. Esta combina\u00e7\u00e3o cria uma planta visualmente cativante com tons p\u00farpura profundos que podem escurecer at\u00e9 quase preto nas pontas das suas folhas.<\/p>\n<p>Os bot\u00f5es densos da Lavender emitem um aroma picante que faz lembrar o haxixe afeg\u00e3o, aumentando o seu atrativo ex\u00f3tico. A variedade \u00e9 f\u00e1cil de manicurar, gra\u00e7as ao seu elevado r\u00e1cio c\u00e1lice\/folha, o que a torna uma das favoritas entre os cultivadores. Embora n\u00e3o seja t\u00e3o alta como as variedades Haze, a Lavender pode atingir uma altura significativa com um per\u00edodo vegetativo alargado. Esta variedade vers\u00e1til prospera tanto no interior como no exterior, oferecendo um rendimento generoso de bot\u00f5es de alta qualidade. Quer seja cultivada num mar de verde ou como uma planta com v\u00e1rias ramifica\u00e7\u00f5es, a Lavender proporciona uma experi\u00eancia t\u00e3o impressionante como a sua apar\u00eancia.<\/p>\n<h2>Hist\u00f3ria da alfazema<\/h2>\n<p>A rica hist\u00f3ria da Lavender reflecte a sua linhagem gen\u00e9tica global, com influ\u00eancias do Afeganist\u00e3o, Havai, Coreia, EUA e Europa. Esta mistura de variedades regionais de can\u00e1bis resulta numa variedade que capta as melhores carater\u00edsticas de cada uma, oferecendo uma experi\u00eancia excecional.<\/p>\n<p>A gen\u00e9tica afeg\u00e3 d\u00e1 \u00e0 alfazema o seu aroma distinto a especiarias e haxixe, enquanto as influ\u00eancias Hawaiian e dos EUA aumentam a sua pot\u00eancia e atra\u00e7\u00e3o. Ao longo do tempo, as carater\u00edsticas \u00fanicas da Lavender foram cuidadosamente refinadas, resultando numa planta que \u00e9 simultaneamente vers\u00e1til e resistente. Prospera em diversas condi\u00e7\u00f5es de cultivo, seja no interior ou no exterior, o que a torna uma das favoritas entre os cultivadores. A bela colora\u00e7\u00e3o p\u00farpura da variedade e o perfil de sabor complexo solidificaram a sua reputa\u00e7\u00e3o como uma escolha de destaque no mundo da can\u00e1bis, adorada pelos seus efeitos calmantes e apelo est\u00e9tico.<\/p>\n<h2>Como utilizar a alfazema<\/h2>\n<p>A lavanda \u00e9 uma variedade vers\u00e1til que satisfaz v\u00e1rias prefer\u00eancias, quer goste de fumar, vaporizar ou usar concentrados. O seu sabor rico e picante, que lembra o haxixe afeg\u00e3o, melhora a experi\u00eancia geral, tornando-a uma das favoritas dos conhecedores de can\u00e1bis.<\/p>\n<p>Para os principiantes, \u00e9 aconselh\u00e1vel come\u00e7ar com uma pequena dose para compreender os seus efeitos. As propriedades calmantes da alfazema fazem dela uma excelente escolha para uso noturno, ajudando a aliviar o stress e a ansiedade enquanto promove o relaxamento. Muitos utilizadores consideram-na eficaz para ajudar a dormir, proporcionando tranquilidade e uma sensa\u00e7\u00e3o de contentamento. Quer esteja \u00e0 procura de uma forma de descontrair depois de um longo dia ou \u00e0 procura de uma companhia calmante numa noite tranquila, a Alfazema oferece uma experi\u00eancia fi\u00e1vel e agrad\u00e1vel, adaptada ao relaxamento.<\/p>\n<h2>Ingredientes da alfazema<\/h2>\n<p>Os efeitos e o sabor \u00fanicos da Lavender s\u00e3o o resultado da sua composi\u00e7\u00e3o rica em canabin\u00f3ides e terpenos. Com um elevado teor de THC, a Lavender proporciona um efeito potente e relaxante, perfeito para descontrair. O seu perfil de canabin\u00f3ides tamb\u00e9m inclui CBD, que aumenta as suas propriedades terap\u00eauticas, como o al\u00edvio do stress e o relaxamento.<\/p>\n<p>Os terpenos da alfazema contribuem significativamente para o seu sabor e aroma. O mirceno, o terpeno dominante, fornece tons terrosos e almiscarados, enquanto o limoneno acrescenta uma pitada de raspa de citrinos. O cariofileno introduz um aroma picante e apimentado que complementa o seu perfil geral. Juntos, estes compostos criam o sabor picante e terroso carater\u00edstico da alfazema, tornando-a uma escolha de destaque para quem aprecia sabores complexos e efeitos calmantes.<\/p>\n<p>&nbsp;<\/p>\n<p><strong>Aviso:<\/strong><br \/>\nA lavanda \u00e9 uma variedade potente, e os seus efeitos podem ser intensos para os novos utilizadores ou para aqueles com baixa toler\u00e2ncia. Comece com uma pequena quantidade para avaliar o seu impacto e evite o consumo excessivo. As suas propriedades relaxantes tornam-na mais adequada para uso noturno, pois pode induzir sonol\u00eancia. Consumir de forma respons\u00e1vel, especialmente em actividades que exijam concentra\u00e7\u00e3o, e respeitar sempre a legisla\u00e7\u00e3o e os regulamentos locais sobre a can\u00e1bis.<\/p>","protected":false},"excerpt":{"rendered":"<p>A Lavender \u00e9 uma variedade de can\u00e1bis impressionante e ex\u00f3tica com uma hist\u00f3ria gen\u00e9tica rica, combinando influ\u00eancias do Afeganist\u00e3o, Havai, Coreia, EUA e Europa. Conhecida pela sua intensa colora\u00e7\u00e3o p\u00farpura e bot\u00f5es densos, esta variedade oferece um aroma picante, semelhante ao haxixe afeg\u00e3o, e um efeito relaxante e suave. A lavanda prospera em climas temperados, produzindo um rendimento excecional com um processo de cultivo simplificado. Ideal para uso noturno, proporciona um efeito relaxante e calmante que \u00e9 perfeito para descontrair ou induzir o sono.<\/p>","protected":false},"featured_media":82785,"template":"","meta":[],"product_brand":[],"product_cat":[949,297,467,465],"product_tag":[],"class_list":{"0":"post-82781","1":"product","2":"type-product","3":"status-publish","4":"has-post-thumbnail","6":"product_cat-soma-sacred-seeds","7":"product_cat-all-products","8":"product_cat-feminized-seeds","9":"product_cat-seedshop","11":"first","12":"instock","13":"taxable","14":"shipping-taxable","15":"purchasable","16":"product-type-variable","17":"has-default-attributes"},"_links":{"self":[{"href":"https:\/\/www.headshop.nl\/pt\/wp-json\/wp\/v2\/product\/82781","targetHints":{"allow":["GET"]}}],"collection":[{"href":"https:\/\/www.headshop.nl\/pt\/wp-json\/wp\/v2\/product"}],"about":[{"href":"https:\/\/www.headshop.nl\/pt\/wp-json\/wp\/v2\/types\/product"}],"wp:featuredmedia":[{"embeddable":true,"href":"https:\/\/www.headshop.nl\/pt\/wp-json\/wp\/v2\/media\/82785"}],"wp:attachment":[{"href":"https:\/\/www.headshop.nl\/pt\/wp-json\/wp\/v2\/media?parent=82781"}],"wp:term":[{"taxonomy":"product_brand","embeddable":true,"href":"https:\/\/www.headshop.nl\/pt\/wp-json\/wp\/v2\/product_brand?post=82781"},{"taxonomy":"product_cat","embeddable":true,"href":"https:\/\/www.headshop.nl\/pt\/wp-json\/wp\/v2\/product_cat?post=82781"},{"taxonomy":"product_tag","embeddable":true,"href":"https:\/\/www.headshop.nl\/pt\/wp-json\/wp\/v2\/product_tag?post=82781"}],"curies":[{"name":"wp","href":"https:\/\/api.w.org\/{rel}","templated":true}]}}