{"id":82764,"date":"2025-01-10T08:46:20","date_gmt":"2025-01-10T08:46:20","guid":{"rendered":"https:\/\/www.headshop.nl\/?post_type=product&#038;p=82764"},"modified":"2025-10-16T07:04:34","modified_gmt":"2025-10-16T07:04:34","slug":"thai-sporeprint","status":"publish","type":"product","link":"https:\/\/www.headshop.nl\/pt\/thai-sporeprint\/","title":{"rendered":"Thai Impress\u00e3o de esporos"},"content":{"rendered":"<h2>O que s\u00e3o as impress\u00f5es de esporos Thai?<\/h2>\n<p>A Thai Sporeprint da McSmart \u00e9 uma impress\u00e3o de esporos cuidadosamente criada a partir da famosa variedade Thai de cogumelos m\u00e1gicos. Conhecida pelas suas propriedades \u00fanicas e efeitos potentes, a Thai Sporeprint oferece tanto aos cultivadores experientes como aos novos exploradores a oportunidade de cultivarem os seus pr\u00f3prios cogumelos m\u00e1gicos. As impress\u00f5es de esporos cont\u00eam milh\u00f5es de esporos vi\u00e1veis que podem ser usados para cultivar mic\u00e9lio, o primeiro passo para o cultivo de cogumelos saud\u00e1veis.<\/p>\n<p>O Thai Sporeprint proporciona uma liga\u00e7\u00e3o direta ao mundo natural dos psicad\u00e9licos, oferecendo-lhe uma compreens\u00e3o mais profunda de como estes organismos fascinantes crescem e prosperam. Quer esteja interessado na explora\u00e7\u00e3o psicad\u00e9lica ou no cultivo de cogumelos, este produto abre a porta a experi\u00eancias educacionais e espirituais. A variedade Thai \u00e9 conhecida pela sua pot\u00eancia e capacidade de produzir rendimentos impressionantes quando cultivada nas condi\u00e7\u00f5es corretas. A McSmart assegura a mais alta qualidade de impress\u00f5es de esporos, garantindo uma jornada de cultivo bem sucedida para todos os entusiastas.<\/p>\n<h2>Hist\u00f3ria da impress\u00e3o de esporos Thai<\/h2>\n<p>A estirpe de cogumelos m\u00e1gicos Thai, tamb\u00e9m conhecida como <em>Psilocibo cubensis Thai<\/em>A maconha, uma variedade de marijuana, tem uma hist\u00f3ria rica com ra\u00edzes no Sudeste Asi\u00e1tico. A variedade foi descoberta pela primeira vez na Thailand, onde \u00e9 utilizada h\u00e1 s\u00e9culos em rituais espirituais e pr\u00e1ticas tradicionais de cura. As culturas ind\u00edgenas acreditavam que os cogumelos proporcionavam uma vis\u00e3o dos mist\u00e9rios do universo, ajudando a desvendar novas percep\u00e7\u00f5es da consci\u00eancia e da exist\u00eancia.<\/p>\n<p>\u00c0 medida que o interesse global pelos psicad\u00e9licos crescia, a variedade Thai tornou-se uma escolha popular entre os exploradores psicad\u00e9licos pelos seus efeitos poderosos e liga\u00e7\u00f5es espirituais. A estirpe \u00e9 conhecida pelo seu r\u00e1pido crescimento e potentes propriedades alucinog\u00e9nias, tornando-a uma das favoritas para quem procura aprofundar as suas experi\u00eancias psicad\u00e9licas. A McSmart's Thai Sporeprint traz esta variedade hist\u00f3rica para o cultivo moderno, oferecendo um produto fi\u00e1vel e de alta qualidade que satisfaz as exig\u00eancias at\u00e9 dos cultivadores de cogumelos mais experientes.<\/p>\n<h2>Como utilizar o Thai Sporeprint<\/h2>\n<h3>Passo 1: Prepara\u00e7\u00e3o da placa de Petri<\/h3>\n<p>Comece com uma placa de Petri esterilizada contendo uma solu\u00e7\u00e3o de \u00e1gar. Pode preparar o \u00e1gar voc\u00ea mesmo ou compr\u00e1-lo j\u00e1 pronto. \u00c9 importante abrir a placa num ambiente est\u00e9ril para evitar qualquer contamina\u00e7\u00e3o.<\/p>\n<h3>Passo 2: Adicionar os esporos<\/h3>\n<p>Utilizar uma seringa esterilizada para extrair o l\u00edquido de esporos do frasco. Se estiver a trabalhar com uma impress\u00e3o de esporos, raspe cuidadosamente alguns esporos da impress\u00e3o e deixe-os cair na superf\u00edcie do \u00e1gar na placa de Petri.<\/p>\n<h3>Etapa 3: Incuba\u00e7\u00e3o<\/h3>\n<p>Fechar a placa de Petri e coloc\u00e1-la num ambiente adequado e controlado, onde os esporos possam desenvolver-se em mic\u00e9lio sem serem perturbados. O per\u00edodo de incuba\u00e7\u00e3o pode variar entre v\u00e1rios dias e semanas, consoante as condi\u00e7\u00f5es e o tipo de fungo.<\/p>\n<h3>Etapa 4: Purifica\u00e7\u00e3o do mic\u00e9lio<\/h3>\n<p>Quando o mic\u00e9lio se tiver desenvolvido suficientemente e cobrir uma grande parte da placa de Petri, \u00e9 altura de o purificar. Selecione cuidadosamente um peda\u00e7o de mic\u00e9lio saud\u00e1vel e totalmente desenvolvido para utiliza\u00e7\u00e3o posterior.<\/p>\n<h3>Etapa 5: Cortar o mic\u00e9lio<\/h3>\n<p>Utilizando um bisturi esterilizado, cortar uma pequena sec\u00e7\u00e3o do mic\u00e9lio, com cerca de 6 x 6 mm. Este peda\u00e7o servir\u00e1 como iniciador para uma cultura nova e limpa.<\/p>\n<h3>Passo 6: Inocula\u00e7\u00e3o do crescimento Medium<\/h3>\n<p>Transferir o peda\u00e7o de mic\u00e9lio cortado para um novo meio de cultura, como uma nova placa de Petri com \u00e1gar ou outro meio adequado para posterior cultivo. Assegurar que o novo meio \u00e9 manuseado em condi\u00e7\u00f5es est\u00e9reis para manter a sua integridade.<\/p>\n<h2>Ingredientes de Thai Sporeprint<\/h2>\n<p>A impress\u00e3o de esporos Thai \u00e9 composta por milh\u00f5es de esporos da estirpe Thai de <em>Psilocibo cubensis<\/em>O cogumelo psicad\u00e9lico \u00e9 um tipo de cogumelo psicad\u00e9lico conhecido pelas suas poderosas propriedades alucinog\u00e9nias. Os esporos cont\u00eam o material gen\u00e9tico necess\u00e1rio para o crescimento do mic\u00e9lio que eventualmente se desenvolver\u00e1 em cogumelos maduros. <em>Psilocibo cubensis<\/em> Os cogumelos, incluindo a estirpe Thai, cont\u00eam naturalmente psilocibina e psilocina - compostos alucinog\u00e9nios que alteram a consci\u00eancia e produzem efeitos psicad\u00e9licos.<\/p>\n<p>A pureza da impress\u00e3o de esporos McSmart Thai garante que cada esporo \u00e9 vi\u00e1vel e est\u00e1 pronto para o cultivo, permitindo-lhe cultivar cogumelos com resultados consistentes e de alta qualidade. A pr\u00f3pria impress\u00e3o de esporos \u00e9 cuidadosamente preservada e armazenada para manter a integridade dos esporos, assegurando um processo de cultivo bem sucedido. O compromisso da McSmart com a qualidade faz desta impress\u00e3o de esporos uma excelente escolha para cultivadores de cogumelos novos e experientes.<\/p>\n<p><strong>Aviso<\/strong><\/p>\n<p>Os cogumelos m\u00e1gicos, incluindo os cultivados a partir do Sporeprint Thai, cont\u00eam naturalmente psilocibina e psilocina, que s\u00e3o subst\u00e2ncias alucinog\u00e9nias. Estes compostos podem alterar a consci\u00eancia e causar alucina\u00e7\u00f5es. \u00c9 importante manusear estes cogumelos de forma respons\u00e1vel, assegurando que s\u00e3o mantidos fora do alcance das crian\u00e7as e consumidos num ambiente seguro e controlado. Tem sempre em aten\u00e7\u00e3o os efeitos potenciais e consome-os com precau\u00e7\u00e3o.<\/p>","protected":false},"excerpt":{"rendered":"<p>Entre no mundo cativante da McSmart's Thai Sporeprint, criada para o entusiasta psicad\u00e9lico experiente. Perfeito para aqueles que j\u00e1 est\u00e3o familiarizados com as maravilhas dos psicad\u00e9licos, este sporeprint oferece uma oportunidade para descobrir os padr\u00f5es ocultos da natureza e cultivar os seus pr\u00f3prios cogumelos m\u00e1gicos. A cole\u00e7\u00e3o exclusiva da McSmart garante uma experi\u00eancia de primeira qualidade, permitindo-te desvendar novos dom\u00ednios da consci\u00eancia e mergulhar nos mist\u00e9rios desta variedade \u00fanica de cogumelos.<\/p>","protected":false},"featured_media":82767,"template":"","meta":[],"product_brand":[],"product_cat":[970,297,399,384],"product_tag":[978],"class_list":{"0":"post-82764","1":"product","2":"type-product","3":"status-publish","4":"has-post-thumbnail","6":"product_cat-magic-mushroom-spore-prints","7":"product_cat-all-products","8":"product_cat-shroomshop","9":"product_cat-smartshop","10":"product_tag-shrdeal","11":"product_shipping_class-group-7","13":"first","14":"instock","15":"taxable","16":"shipping-taxable","17":"purchasable","18":"product-type-variable","19":"has-default-attributes"},"_links":{"self":[{"href":"https:\/\/www.headshop.nl\/pt\/wp-json\/wp\/v2\/product\/82764","targetHints":{"allow":["GET"]}}],"collection":[{"href":"https:\/\/www.headshop.nl\/pt\/wp-json\/wp\/v2\/product"}],"about":[{"href":"https:\/\/www.headshop.nl\/pt\/wp-json\/wp\/v2\/types\/product"}],"wp:featuredmedia":[{"embeddable":true,"href":"https:\/\/www.headshop.nl\/pt\/wp-json\/wp\/v2\/media\/82767"}],"wp:attachment":[{"href":"https:\/\/www.headshop.nl\/pt\/wp-json\/wp\/v2\/media?parent=82764"}],"wp:term":[{"taxonomy":"product_brand","embeddable":true,"href":"https:\/\/www.headshop.nl\/pt\/wp-json\/wp\/v2\/product_brand?post=82764"},{"taxonomy":"product_cat","embeddable":true,"href":"https:\/\/www.headshop.nl\/pt\/wp-json\/wp\/v2\/product_cat?post=82764"},{"taxonomy":"product_tag","embeddable":true,"href":"https:\/\/www.headshop.nl\/pt\/wp-json\/wp\/v2\/product_tag?post=82764"}],"curies":[{"name":"wp","href":"https:\/\/api.w.org\/{rel}","templated":true}]}}