{"id":82760,"date":"2025-01-10T08:41:59","date_gmt":"2025-01-10T08:41:59","guid":{"rendered":"https:\/\/www.headshop.nl\/?post_type=product&#038;p=82760"},"modified":"2025-10-16T07:04:34","modified_gmt":"2025-10-16T07:04:34","slug":"hawaiian-sporeprint","status":"publish","type":"product","link":"https:\/\/www.headshop.nl\/pt\/hawaiian-sporeprint\/","title":{"rendered":"Hawaiian Esporoimpress\u00e3o"},"content":{"rendered":"<h2>O que s\u00e3o as impress\u00f5es de esporos Hawaiian?<\/h2>\n<p>A impress\u00e3o de esporos Hawaiian do McSmart \u00e9 uma impress\u00e3o de esporos de alta qualidade derivada da variedade Hawaiian dos cogumelos Copelandia Cyanescens. Esta variedade \u00e9 altamente considerada na comunidade psicad\u00e9lica pelos seus efeitos potentes, que incluem fortes distor\u00e7\u00f5es visuais e experi\u00eancias prolongadas. Os cogumelos Hawaiian s\u00e3o mais pequenos e dif\u00edceis de cultivar, mas o seu poderoso impacto torna-os uma variedade muito procurada por utilizadores novos e experientes.<\/p>\n<p>A impress\u00e3o dos esporos cont\u00e9m milh\u00f5es de esporos, que podem ser usados para criar uma nova cultura de mic\u00e9lio. Este processo \u00e9 um m\u00e9todo cl\u00e1ssico e interativo para os interessados em cultivar os seus pr\u00f3prios cogumelos m\u00e1gicos. As Sporeprints Hawaiian s\u00e3o perfeitas para pessoas que procuram expandir os seus conhecimentos e experi\u00eancia no mundo dos psicad\u00e9licos. Com a aten\u00e7\u00e3o ao pormenor da McSmart, pode esperar resultados fi\u00e1veis e uma oportunidade de explorar as complexas estruturas gen\u00e9ticas desta fascinante variedade de cogumelos.<\/p>\n<h2>Hist\u00f3ria das impress\u00f5es de esporos do Hawaiian<\/h2>\n<p>A estirpe Hawaiian de <em>Psilocibo cubensis<\/em>O cogumelo do Hawaii, tamb\u00e9m conhecido como \"cogumelo m\u00e1gico Hawaiian\", \u00e9 origin\u00e1rio das ilhas Hawaiian, onde \u00e9 utilizado h\u00e1 s\u00e9culos em pr\u00e1ticas espirituais. As culturas ind\u00edgenas do Havai acreditavam que os cogumelos os ajudavam a ligar-se a uma consci\u00eancia superior, proporcionando percep\u00e7\u00f5es mais profundas e melhorando a sua liga\u00e7\u00e3o ao mundo natural. A variedade Hawaiian tornou-se conhecida pelos seus efeitos potentes, que incluem alucina\u00e7\u00f5es visuais poderosas e uma experi\u00eancia psicad\u00e9lica geral intensa.<\/p>\n<p>\u00c0 medida que o interesse global pelos psicad\u00e9licos crescia durante o s\u00e9culo XX, a variedade Hawaiian ganhou reconhecimento entre os exploradores psicad\u00e9licos pela sua capacidade de produzir efeitos fortes e duradouros. A Sporeprint Hawaiian \u00e9 uma forma moderna de aceder a esta variedade \u00fanica, oferecendo aos entusiastas uma ferramenta fi\u00e1vel e pr\u00e1tica para cultivar os seus pr\u00f3prios cogumelos m\u00e1gicos. A McSmart's Hawaiian Sporeprint capta a ess\u00eancia desta variedade hist\u00f3rica, garantindo um produto de qualidade superior para quem procura experimentar os seus efeitos m\u00edsticos.<\/p>\n<h2>Como utilizar as impress\u00f5es de esporos Hawaiian<\/h2>\n<h3>Passo 1: Prepara\u00e7\u00e3o da placa de Petri<\/h3>\n<p>Comece com uma placa de Petri esterilizada contendo uma solu\u00e7\u00e3o de \u00e1gar. Pode preparar o \u00e1gar voc\u00ea mesmo ou compr\u00e1-lo j\u00e1 pronto. \u00c9 importante abrir a placa num ambiente est\u00e9ril para evitar qualquer contamina\u00e7\u00e3o.<\/p>\n<h3>Passo 2: Adicionar os esporos<\/h3>\n<p>Utilizar uma seringa esterilizada para extrair o l\u00edquido de esporos do frasco. Se estiver a trabalhar com uma impress\u00e3o de esporos, raspe cuidadosamente alguns esporos da impress\u00e3o e deixe-os cair na superf\u00edcie do \u00e1gar na placa de Petri.<\/p>\n<h3>Etapa 3: Incuba\u00e7\u00e3o<\/h3>\n<p>Fechar a placa de Petri e coloc\u00e1-la num ambiente adequado e controlado, onde os esporos possam desenvolver-se em mic\u00e9lio sem serem perturbados. O per\u00edodo de incuba\u00e7\u00e3o pode variar entre v\u00e1rios dias e semanas, consoante as condi\u00e7\u00f5es e o tipo de fungo.<\/p>\n<h3>Etapa 4: Purifica\u00e7\u00e3o do mic\u00e9lio<\/h3>\n<p>Quando o mic\u00e9lio se tiver desenvolvido suficientemente e cobrir uma grande parte da placa de Petri, \u00e9 altura de o purificar. Selecione cuidadosamente um peda\u00e7o de mic\u00e9lio saud\u00e1vel e totalmente desenvolvido para utiliza\u00e7\u00e3o posterior.<\/p>\n<h3>Etapa 5: Cortar o mic\u00e9lio<\/h3>\n<p>Utilizando um bisturi esterilizado, cortar uma pequena sec\u00e7\u00e3o do mic\u00e9lio, com cerca de 6 x 6 mm. Este peda\u00e7o servir\u00e1 como iniciador para uma cultura nova e limpa.<\/p>\n<h3>Passo 6: Inocula\u00e7\u00e3o do crescimento Medium<\/h3>\n<p>Transferir o peda\u00e7o de mic\u00e9lio cortado para um novo meio de cultura, como uma nova placa de Petri com \u00e1gar ou outro meio adequado para posterior cultivo. Assegurar que o novo meio \u00e9 manuseado em condi\u00e7\u00f5es est\u00e9reis para manter a sua integridade.<\/p>\n<h2>Ingredientes de Hawaiian Sporeprints<\/h2>\n<p>A Sporeprint Hawaiian consiste em milh\u00f5es de esporos da estirpe Hawaiian de <em>Psilocibo cubensis<\/em>Os esporos s\u00e3o as c\u00e9lulas reprodutoras do cogumelo. Estes esporos cont\u00eam o material gen\u00e9tico necess\u00e1rio para o crescimento do mic\u00e9lio, a parte vegetativa do fungo, que acabar\u00e1 por se desenvolver em cogumelos maduros. A estirpe Hawaiian \u00e9 conhecida por produzir cogumelos pequenos mas potentes, com efeitos alucinog\u00e9nios poderosos.<\/p>\n<p>A impress\u00e3o de esporos fornece tudo o que \u00e9 necess\u00e1rio para come\u00e7ar a cultivar esta variedade espec\u00edfica, garantindo uma experi\u00eancia de cultivo fi\u00e1vel e de alta qualidade. <em>Psilocibo cubensis<\/em> Os cogumelos Hawaiian, incluindo a variedade Hawaiian, cont\u00eam naturalmente psilocibina e psilocina, que s\u00e3o compostos psicoactivos respons\u00e1veis pelos efeitos alucinog\u00e9nios. O Sporeprint McSmart do Hawaiian \u00e9 cuidadosamente preservado e armazenado para manter a integridade dos esporos, assegurando um cultivo bem sucedido e um produto sempre consistente.<\/p>\n<p><strong>Aviso<\/strong><\/p>\n<p>Os cogumelos m\u00e1gicos, incluindo os cultivados a partir do Sporeprint Hawaiian, cont\u00eam naturalmente psilocibina e psilocina, que s\u00e3o subst\u00e2ncias alucinog\u00e9nias. Estes compostos podem alterar a consci\u00eancia e induzir alucina\u00e7\u00f5es. \u00c9 essencial consumir estes cogumelos num ambiente seguro e controlado. Mant\u00e9m-nos fora do alcance das crian\u00e7as e manuseia-os de forma respons\u00e1vel, compreendendo os potenciais efeitos antes de os usares. Aborda sempre estas subst\u00e2ncias com precau\u00e7\u00e3o e respeito pela sua pot\u00eancia.<\/p>","protected":false},"excerpt":{"rendered":"<p>Descubra o mundo cativante da Hawaiian Sporeprint da McSmart, criada para os entusiastas psicad\u00e9licos experientes. Reconhecida pelos seus potentes efeitos visuais e influ\u00eancia duradoura, a variedade Hawaiian destaca-se como uma variedade valiosa no reino dos cogumelos m\u00e1gicos. Os esporos premium da McSmart proporcionam uma forma simples de mergulhar nas maravilhas destes cogumelos excepcionais, oferecendo a oportunidade de cultivar a sua pr\u00f3pria cultura \u00fanica de fungos psicad\u00e9licos.<\/p>","protected":false},"featured_media":82763,"template":"","meta":[],"product_brand":[],"product_cat":[970,297,399,384],"product_tag":[978],"class_list":{"0":"post-82760","1":"product","2":"type-product","3":"status-publish","4":"has-post-thumbnail","6":"product_cat-magic-mushroom-spore-prints","7":"product_cat-all-products","8":"product_cat-shroomshop","9":"product_cat-smartshop","10":"product_tag-shrdeal","11":"product_shipping_class-group-7","13":"first","14":"instock","15":"taxable","16":"shipping-taxable","17":"purchasable","18":"product-type-variable","19":"has-default-attributes"},"_links":{"self":[{"href":"https:\/\/www.headshop.nl\/pt\/wp-json\/wp\/v2\/product\/82760","targetHints":{"allow":["GET"]}}],"collection":[{"href":"https:\/\/www.headshop.nl\/pt\/wp-json\/wp\/v2\/product"}],"about":[{"href":"https:\/\/www.headshop.nl\/pt\/wp-json\/wp\/v2\/types\/product"}],"wp:featuredmedia":[{"embeddable":true,"href":"https:\/\/www.headshop.nl\/pt\/wp-json\/wp\/v2\/media\/82763"}],"wp:attachment":[{"href":"https:\/\/www.headshop.nl\/pt\/wp-json\/wp\/v2\/media?parent=82760"}],"wp:term":[{"taxonomy":"product_brand","embeddable":true,"href":"https:\/\/www.headshop.nl\/pt\/wp-json\/wp\/v2\/product_brand?post=82760"},{"taxonomy":"product_cat","embeddable":true,"href":"https:\/\/www.headshop.nl\/pt\/wp-json\/wp\/v2\/product_cat?post=82760"},{"taxonomy":"product_tag","embeddable":true,"href":"https:\/\/www.headshop.nl\/pt\/wp-json\/wp\/v2\/product_tag?post=82760"}],"curies":[{"name":"wp","href":"https:\/\/api.w.org\/{rel}","templated":true}]}}