{"id":82752,"date":"2025-01-10T08:27:54","date_gmt":"2025-01-10T08:27:54","guid":{"rendered":"https:\/\/www.headshop.nl\/?post_type=product&#038;p=82752"},"modified":"2025-10-16T07:04:35","modified_gmt":"2025-10-16T07:04:35","slug":"ecuadorian-sporeprint","status":"publish","type":"product","link":"https:\/\/www.headshop.nl\/pt\/ecuadorian-sporeprint\/","title":{"rendered":"Ecuadorian Impress\u00e3o de esporos"},"content":{"rendered":"<h2>O que s\u00e3o as impress\u00f5es de esporos Ecuadorian?<\/h2>\n<p>Ecuadorian As impress\u00f5es de esporos s\u00e3o uma ferramenta essencial para o cultivo de cogumelos m\u00e1gicos. Uma impress\u00e3o de esporos \u00e9 uma cole\u00e7\u00e3o de milh\u00f5es de esporos de fungos do chap\u00e9u de um cogumelo, cuidadosamente impressos num suporte como folha ou papel. Estes esporos cont\u00eam o projeto gen\u00e9tico necess\u00e1rio para o crescimento de novos fungos, tornando as impress\u00f5es de esporos a pedra angular para os entusiastas que desejam cultivar os seus pr\u00f3prios cogumelos em casa.<\/p>\n<p>O esporo Ecuadorian, proveniente das regi\u00f5es de grande altitude do Equador, oferece uma oportunidade \u00fanica para explorar as carater\u00edsticas robustas e fascinantes desta variedade de cogumelos. Conhecido pela sua resili\u00eancia e propriedades distintas, este esporo \u00e9 um favorito entre os cultivadores e investigadores experientes. A sua simplicidade e autenticidade fazem dela uma escolha popular para quem procura ligar-se ao processo de cultivo natural.<\/p>\n<h2>Hist\u00f3ria das impress\u00f5es de esporos Ecuadorian<\/h2>\n<p>A variedade Ecuadorian de cogumelos m\u00e1gicos est\u00e1 profundamente enraizada na rica hist\u00f3ria cultural e ecol\u00f3gica da Am\u00e9rica do Sul. Estes cogumelos desenvolvem-se na regi\u00e3o andina, onde s\u00e3o venerados pelas comunidades ind\u00edgenas h\u00e1 s\u00e9culos. Tradicionalmente, eram usados em cerim\u00f3nias espirituais e de cura para se ligarem a reinos superiores de consci\u00eancia e obterem uma vis\u00e3o do mundo natural.<\/p>\n<p>Ao longo do tempo, os esporos destes cogumelos foram recolhidos e preservados como esporos, garantindo que a sua linhagem gen\u00e9tica pudesse ser estudada e cultivada fora do seu ambiente nativo. Atualmente, os esporos Ecuadorian s\u00e3o valorizados pelo seu significado cultural e perfil gen\u00e9tico robusto. A sua hist\u00f3ria \u00e9 um testemunho da rela\u00e7\u00e3o duradoura entre os humanos e o mundo natural, misturando a tradi\u00e7\u00e3o com t\u00e9cnicas de cultivo modernas.<\/p>\n<h2>Como utilizar as impress\u00f5es de esporos Ecuadorian<\/h2>\n<h3>Passo 1: Prepara\u00e7\u00e3o da placa de Petri<\/h3>\n<p>Comece com uma placa de Petri esterilizada contendo uma solu\u00e7\u00e3o de \u00e1gar. Pode preparar o \u00e1gar voc\u00ea mesmo ou compr\u00e1-lo j\u00e1 pronto. \u00c9 importante abrir a placa num ambiente est\u00e9ril para evitar qualquer contamina\u00e7\u00e3o.<\/p>\n<h3>Passo 2: Adicionar os esporos<\/h3>\n<p>Utilizar uma seringa esterilizada para extrair o l\u00edquido de esporos do frasco. Se estiver a trabalhar com uma impress\u00e3o de esporos, raspe cuidadosamente alguns esporos da impress\u00e3o e deixe-os cair na superf\u00edcie do \u00e1gar na placa de Petri.<\/p>\n<h3>Etapa 3: Incuba\u00e7\u00e3o<\/h3>\n<p>Fechar a placa de Petri e coloc\u00e1-la num ambiente adequado e controlado, onde os esporos possam desenvolver-se em mic\u00e9lio sem serem perturbados. O per\u00edodo de incuba\u00e7\u00e3o pode variar entre v\u00e1rios dias e semanas, consoante as condi\u00e7\u00f5es e o tipo de fungo.<\/p>\n<h3>Etapa 4: Purifica\u00e7\u00e3o do mic\u00e9lio<\/h3>\n<p>Quando o mic\u00e9lio se tiver desenvolvido suficientemente e cobrir uma grande parte da placa de Petri, \u00e9 altura de o purificar. Selecione cuidadosamente um peda\u00e7o de mic\u00e9lio saud\u00e1vel e totalmente desenvolvido para utiliza\u00e7\u00e3o posterior.<\/p>\n<h3>Etapa 5: Cortar o mic\u00e9lio<\/h3>\n<p>Utilizando um bisturi esterilizado, cortar uma pequena sec\u00e7\u00e3o do mic\u00e9lio, com cerca de 6 x 6 mm. Este peda\u00e7o servir\u00e1 como iniciador para uma cultura nova e limpa.<\/p>\n<h3>Passo 6: Inocula\u00e7\u00e3o do crescimento Medium<\/h3>\n<p>Transferir o peda\u00e7o de mic\u00e9lio cortado para um novo meio de cultura, como uma nova placa de Petri com \u00e1gar ou outro meio adequado para posterior cultivo. Assegurar que o novo meio \u00e9 manuseado em condi\u00e7\u00f5es est\u00e9reis para manter a sua integridade.<\/p>\n<p>O processo requer paci\u00eancia e precis\u00e3o, mas a recompensa \u00e9 a oportunidade de cultivar cogumelos m\u00e1gicos Ecuadorian vibrantes e saud\u00e1veis. Cada passo fornece informa\u00e7\u00f5es valiosas sobre o fascinante mundo do cultivo de fungos, tornando a viagem t\u00e3o gratificante como o resultado.<\/p>\n<h2>Ingredientes de Ecuadorian Sporeprints<\/h2>\n<p>Ecuadorian Sporeprints consistem inteiramente em esporos de fungos recolhidos da tampa de um cogumelo m\u00e1gico Ecuadorian maduro. Estes esporos s\u00e3o cuidadosamente colhidos e preservados para manter a sua viabilidade e pureza. Embora o esporo em si n\u00e3o contenha subst\u00e2ncias psicoactivas, \u00e9 usado para cultivar cogumelos que produzem naturalmente compostos como a psilocibina e a psilocina.<\/p>\n<p>A psilocibina e a psilocina s\u00e3o os principais ingredientes activos encontrados nos cogumelos m\u00e1gicos. Estes compostos s\u00e3o conhecidos pela sua capacidade de alterar a perce\u00e7\u00e3o, aumentar a introspe\u00e7\u00e3o e facilitar experi\u00eancias profundas de consci\u00eancia. No entanto, estas subst\u00e2ncias s\u00f3 est\u00e3o presentes nos cogumelos maduros cultivados a partir da impress\u00e3o de esporos, e n\u00e3o na pr\u00f3pria impress\u00e3o de esporos.<\/p>\n<p>Ao utilizar esporos de alta qualidade como os do McSmart, os entusiastas podem garantir que est\u00e3o a iniciar a sua jornada de cultivo com uma fonte pura e fi\u00e1vel de esporos, estabelecendo as bases para um crescimento bem sucedido de cogumelos.<\/p>\n<p><strong>Aviso<\/strong><\/p>\n<p>Os cogumelos m\u00e1gicos cont\u00eam compostos naturais, como a psilocibina e a psilocina, que s\u00e3o alucinog\u00e9nios. Estas subst\u00e2ncias podem causar estados alterados de consci\u00eancia e alucina\u00e7\u00f5es. Guarda sempre os cogumelos m\u00e1gicos fora do alcance das crian\u00e7as e tem em aten\u00e7\u00e3o os seus efeitos quando os consomes.<\/p>","protected":false},"excerpt":{"rendered":"<p>Explore o mundo distinto da impress\u00e3o de esporos Ecuadorian da McSmart, uma oferta premium criada para entusiastas psicad\u00e9licos experientes. Ideal para quem procura examinar os padr\u00f5es intrincados da natureza, esta impress\u00e3o de esporos permite-lhe cultivar os seus pr\u00f3prios cogumelos m\u00e1gicos e embarcar numa viagem profunda aos mist\u00e9rios da consci\u00eancia.<\/p>","protected":false},"featured_media":82754,"template":"","meta":[],"product_brand":[],"product_cat":[970,297,399,384],"product_tag":[978],"class_list":{"0":"post-82752","1":"product","2":"type-product","3":"status-publish","4":"has-post-thumbnail","6":"product_cat-magic-mushroom-spore-prints","7":"product_cat-all-products","8":"product_cat-shroomshop","9":"product_cat-smartshop","10":"product_tag-shrdeal","11":"product_shipping_class-group-7","13":"first","14":"instock","15":"taxable","16":"shipping-taxable","17":"purchasable","18":"product-type-variable","19":"has-default-attributes"},"_links":{"self":[{"href":"https:\/\/www.headshop.nl\/pt\/wp-json\/wp\/v2\/product\/82752","targetHints":{"allow":["GET"]}}],"collection":[{"href":"https:\/\/www.headshop.nl\/pt\/wp-json\/wp\/v2\/product"}],"about":[{"href":"https:\/\/www.headshop.nl\/pt\/wp-json\/wp\/v2\/types\/product"}],"wp:featuredmedia":[{"embeddable":true,"href":"https:\/\/www.headshop.nl\/pt\/wp-json\/wp\/v2\/media\/82754"}],"wp:attachment":[{"href":"https:\/\/www.headshop.nl\/pt\/wp-json\/wp\/v2\/media?parent=82752"}],"wp:term":[{"taxonomy":"product_brand","embeddable":true,"href":"https:\/\/www.headshop.nl\/pt\/wp-json\/wp\/v2\/product_brand?post=82752"},{"taxonomy":"product_cat","embeddable":true,"href":"https:\/\/www.headshop.nl\/pt\/wp-json\/wp\/v2\/product_cat?post=82752"},{"taxonomy":"product_tag","embeddable":true,"href":"https:\/\/www.headshop.nl\/pt\/wp-json\/wp\/v2\/product_tag?post=82752"}],"curies":[{"name":"wp","href":"https:\/\/api.w.org\/{rel}","templated":true}]}}