{"id":82748,"date":"2025-01-10T08:20:04","date_gmt":"2025-01-10T08:20:04","guid":{"rendered":"https:\/\/www.headshop.nl\/?post_type=product&#038;p=82748"},"modified":"2025-10-16T07:04:35","modified_gmt":"2025-10-16T07:04:35","slug":"mckennaii-sporeprint","status":"publish","type":"product","link":"https:\/\/www.headshop.nl\/pt\/mckennaii-sporeprint\/","title":{"rendered":"McKennaii Esporoimpress\u00e3o"},"content":{"rendered":"<h2>O que s\u00e3o as impress\u00f5es de esporos McKennaii?<\/h2>\n<p>As impress\u00f5es de esporos McKennaii s\u00e3o ferramentas essenciais para cultivar a estirpe McKennaii de cogumelos m\u00e1gicos, fornecendo o material gen\u00e9tico necess\u00e1rio para um crescimento bem sucedido. Cada impress\u00e3o de esporos cont\u00e9m milh\u00f5es de esporos microsc\u00f3picos, cuidadosamente colhidos das guelras de cogumelos McKennaii maduros e preservados num meio est\u00e9ril.<\/p>\n<p>Estas impress\u00f5es de esporos servem de porta de entrada para entusiastas e investigadores, oferecendo uma oportunidade para cultivar cogumelos ou explorar o fascinante mundo da biologia dos fungos. Conhecidos pela sua resili\u00eancia e pot\u00eancia, os cogumelos McKennaii proporcionam uma experi\u00eancia de cultivo rica e gratificante. Quer se trate de um amador ou de um micologista, os Sporeprints McKennaii da McSmart garantem fiabilidade e excel\u00eancia para os seus esfor\u00e7os.<\/p>\n<hr \/>\n<h2>Hist\u00f3ria das impress\u00f5es de esporos do McKennaii<\/h2>\n<p>A variedade McKennaii foi baptizada em honra de Terence McKenna, o famoso etnobot\u00e2nico e psiconauta que fez contribui\u00e7\u00f5es significativas para a compreens\u00e3o dos cogumelos psicad\u00e9licos. Embora a variedade em si n\u00e3o esteja diretamente relacionada com o trabalho de McKenna, foi desenvolvida para celebrar o seu legado no campo dos psicad\u00e9licos.<\/p>\n<p>Os cogumelos McKennaii s\u00e3o apreciados pela sua pot\u00eancia e efeitos visuais distintos, o que os torna uma escolha popular entre os psiconautas experientes. Esta variedade ganhou proemin\u00eancia no final do s\u00e9culo XX, atraindo entusiastas ansiosos por explorar novas experi\u00eancias psicad\u00e9licas. As impress\u00f5es de esporos tornaram-se vitais para preservar e partilhar as carater\u00edsticas \u00fanicas desta variedade, permitindo o seu estudo e cultivo a n\u00edvel mundial.<\/p>\n<p>Atualmente, as Sporeprints McKennaii representam uma ferramenta pr\u00e1tica de cultivo e um tributo ao esp\u00edrito duradouro de explora\u00e7\u00e3o e liga\u00e7\u00e3o com a natureza.<\/p>\n<hr \/>\n<h2>Como utilizar as impress\u00f5es de esporos McKennaii<\/h2>\n<h3>Passo 1: Prepara\u00e7\u00e3o da placa de Petri<\/h3>\n<p>Comece com uma placa de Petri est\u00e9ril cheia de uma solu\u00e7\u00e3o de \u00e1gar, caseira ou pr\u00e9-fabricada. Abra a placa num ambiente esterilizado para evitar a contamina\u00e7\u00e3o.<\/p>\n<h3>Passo 2: Adicionar os esporos<\/h3>\n<p>Se se utilizar uma impress\u00e3o de esporos, raspar suavemente alguns esporos na superf\u00edcie do \u00e1gar. Em alternativa, extrair o l\u00edquido de esporos de um frasco com uma seringa esterilizada e aplic\u00e1-lo na placa.<\/p>\n<h3>Etapa 3: Incuba\u00e7\u00e3o<\/h3>\n<p>Selar a placa de Petri e coloc\u00e1-la num ambiente controlado adequado para o crescimento de fungos. Ao longo de v\u00e1rios dias ou semanas, os esporos germinar\u00e3o e desenvolver-se-\u00e3o em mic\u00e9lio.<\/p>\n<h3>Etapa 4: Purifica\u00e7\u00e3o do mic\u00e9lio<\/h3>\n<p>Quando o mic\u00e9lio se tiver espalhado pelo \u00e1gar, selecionar cuidadosamente uma sec\u00e7\u00e3o saud\u00e1vel para garantir uma cultura limpa e robusta.<\/p>\n<h3>Etapa 5: Cortar o mic\u00e9lio<\/h3>\n<p>Utilizando um bisturi esterilizado, cortar um pequeno peda\u00e7o de mic\u00e9lio (aproximadamente 6 x 6 mm) para servir de iniciador para uma nova cultura.<\/p>\n<h3>Passo 6: Inocula\u00e7\u00e3o do crescimento Medium<\/h3>\n<p>Transferir o peda\u00e7o de mic\u00e9lio para um meio de cultura novo, como uma nova placa de \u00e1gar, e incub\u00e1-lo em condi\u00e7\u00f5es est\u00e9reis.<\/p>\n<p>Com paci\u00eancia e precis\u00e3o, \u00e9 poss\u00edvel cultivar cogumelos McKennaii vibrantes. Cada passo fornece informa\u00e7\u00f5es valiosas sobre a biologia dos fungos, tornando o processo educativo e gratificante.<\/p>\n<hr \/>\n<h2>Ingredientes de McKennaii Sporeprints<\/h2>\n<p>As impress\u00f5es de esporos McKennaii s\u00e3o constitu\u00eddas por esporos colhidos de cogumelos McKennaii maduros. Estes esporos s\u00e3o cuidadosamente recolhidos e preservados num meio est\u00e9ril para manter a sua pureza e viabilidade.<\/p>\n<p>Embora os esporos em si n\u00e3o contenham subst\u00e2ncias psicoactivas, os cogumelos cultivados a partir destes esporos produzem naturalmente compostos como a psilocibina e a psilocina, respons\u00e1veis pelos seus efeitos psicad\u00e9licos.<\/p>\n<p>Come\u00e7ar com um Sporeprint McKennaii garante o acesso a uma fonte limpa e fi\u00e1vel de material gen\u00e9tico, proporcionando uma base s\u00f3lida para um cultivo e explora\u00e7\u00e3o bem sucedidos.<\/p>\n<hr \/>\n<p><strong>Aviso<\/strong><\/p>\n<p>Os cogumelos m\u00e1gicos produzem naturalmente psilocibina e psilocina, que podem induzir estados alterados de consci\u00eancia e alucina\u00e7\u00f5es. Estas subst\u00e2ncias s\u00e3o potentes e devem ser utilizadas de forma respons\u00e1vel. Guarda os cogumelos em seguran\u00e7a, fora do alcance das crian\u00e7as, e tem sempre em aten\u00e7\u00e3o os regulamentos locais e os potenciais efeitos do seu consumo.<\/p>","protected":false},"excerpt":{"rendered":"<p>Entre no mundo cativante do McKennaii Sporeprint da McSmart, um produto de topo concebido para entusiastas psicad\u00e9licos experientes. Liberte as maravilhas da natureza e cultive os seus pr\u00f3prios cogumelos m\u00e1gicos com esta impress\u00e3o de esporos meticulosamente trabalhada, que oferece uma qualidade e fiabilidade sem paralelo.<\/p>","protected":false},"featured_media":82750,"template":"","meta":[],"product_brand":[],"product_cat":[970,297,399,384],"product_tag":[978],"class_list":{"0":"post-82748","1":"product","2":"type-product","3":"status-publish","4":"has-post-thumbnail","6":"product_cat-magic-mushroom-spore-prints","7":"product_cat-all-products","8":"product_cat-shroomshop","9":"product_cat-smartshop","10":"product_tag-shrdeal","11":"product_shipping_class-group-7","13":"first","14":"instock","15":"taxable","16":"shipping-taxable","17":"purchasable","18":"product-type-variable","19":"has-default-attributes"},"_links":{"self":[{"href":"https:\/\/www.headshop.nl\/pt\/wp-json\/wp\/v2\/product\/82748","targetHints":{"allow":["GET"]}}],"collection":[{"href":"https:\/\/www.headshop.nl\/pt\/wp-json\/wp\/v2\/product"}],"about":[{"href":"https:\/\/www.headshop.nl\/pt\/wp-json\/wp\/v2\/types\/product"}],"wp:featuredmedia":[{"embeddable":true,"href":"https:\/\/www.headshop.nl\/pt\/wp-json\/wp\/v2\/media\/82750"}],"wp:attachment":[{"href":"https:\/\/www.headshop.nl\/pt\/wp-json\/wp\/v2\/media?parent=82748"}],"wp:term":[{"taxonomy":"product_brand","embeddable":true,"href":"https:\/\/www.headshop.nl\/pt\/wp-json\/wp\/v2\/product_brand?post=82748"},{"taxonomy":"product_cat","embeddable":true,"href":"https:\/\/www.headshop.nl\/pt\/wp-json\/wp\/v2\/product_cat?post=82748"},{"taxonomy":"product_tag","embeddable":true,"href":"https:\/\/www.headshop.nl\/pt\/wp-json\/wp\/v2\/product_tag?post=82748"}],"curies":[{"name":"wp","href":"https:\/\/api.w.org\/{rel}","templated":true}]}}