{"id":82744,"date":"2025-01-10T08:11:03","date_gmt":"2025-01-10T08:11:03","guid":{"rendered":"https:\/\/www.headshop.nl\/?post_type=product&#038;p=82744"},"modified":"2025-10-16T07:04:36","modified_gmt":"2025-10-16T07:04:36","slug":"mexican-sporeprint","status":"publish","type":"product","link":"https:\/\/www.headshop.nl\/pt\/mexican-sporeprint\/","title":{"rendered":"Mexican Impress\u00e3o de esporos"},"content":{"rendered":"<h2>O que s\u00e3o as impress\u00f5es de esporos Mexican?<\/h2>\n<p>Mexican Os Sporeprints s\u00e3o produtos de qualidade superior concebidos para cultivar o ic\u00f3nico <em>Psilocibo cubensis<\/em> Estirpe Mexican. Criadas pela McSmart, estas impress\u00f5es de esporos cont\u00eam milh\u00f5es de esporos meticulosamente recolhidos de cogumelos Mexican maduros, proporcionando um ponto de partida fi\u00e1vel e aut\u00eantico para o cultivo de cogumelos.<\/p>\n<p>Celebrados pelo seu significado cultural e hist\u00f3rico, os cogumelos Mexican s\u00e3o venerados h\u00e1 s\u00e9culos pelo seu papel em experi\u00eancias espirituais e m\u00edsticas. Os esporos nestas impress\u00f5es de esporos s\u00e3o preservados num meio est\u00e9ril, garantindo a sua qualidade e utiliza\u00e7\u00e3o. Ideal para cultivadores e investigadores avan\u00e7ados, as impress\u00f5es de esporos Mexican oferecem uma excelente base para o cultivo de cogumelos ou para o avan\u00e7o dos estudos micol\u00f3gicos.<\/p>\n<p>Mais do que uma ferramenta de cultivo, o Mexican Sporeprint representa uma porta de entrada para o not\u00e1vel ciclo de vida dos fungos. Quer seja para crescimento pessoal ou para explora\u00e7\u00e3o cient\u00edfica, esta impress\u00e3o de esporos fornece um recurso inestim\u00e1vel para compreender o fascinante mundo dos cogumelos.<\/p>\n<hr \/>\n<h2>Hist\u00f3ria das impress\u00f5es de esporos do Mexican<\/h2>\n<p>A hist\u00f3ria do cogumelo Mexican remonta a milhares de anos, profundamente entrela\u00e7ada nas tradi\u00e7\u00f5es e rituais de antigas culturas Mesoamericanas. Os povos ind\u00edgenas, como os Aztecas e os Mazatecas, veneravam estes cogumelos pelas suas propriedades psicoactivas, utilizando-os frequentemente em cerim\u00f3nias sagradas. Chamavam-lhes <em>teonan\u00e1catl<\/em>, que significa \"carne dos deuses\".<\/p>\n<p>Em meados do s\u00e9culo XX, o trabalho de investigadores como R. Gordon Wasson reacendeu o interesse global por estes cogumelos, real\u00e7ando o seu significado cultural, espiritual e psicoativo. Esta redescoberta levou ao desenvolvimento de t\u00e9cnicas modernas de cultivo, incluindo a utiliza\u00e7\u00e3o de esporos, tornando estes cogumelos acess\u00edveis a entusiastas de todo o mundo.<\/p>\n<p>O Mexican Sporeprint incorpora este rico legado, ligando os cultivadores modernos \u00e0 profunda hist\u00f3ria e m\u00edstica da <em>Psilocibo cubensis<\/em> Mexican. Atrav\u00e9s do cultivo, os utilizadores podem honrar e explorar esta heran\u00e7a duradoura.<\/p>\n<hr \/>\n<h2>Como utilizar as impress\u00f5es de esporos Mexican<\/h2>\n<p><strong>Passo 1: Prepara\u00e7\u00e3o da placa de Petri<\/strong><br \/>\nPreparar uma placa de Petri est\u00e9ril com uma solu\u00e7\u00e3o de \u00e1gar, feita em casa ou comprada previamente. Abrir a placa num ambiente est\u00e9ril para minimizar a contamina\u00e7\u00e3o.<\/p>\n<p><strong>Passo 2: Adicionar os esporos<\/strong><br \/>\nSe utilizar uma impress\u00e3o de esporos, raspar suavemente um pequeno n\u00famero de esporos na superf\u00edcie do \u00e1gar. Em alternativa, utilizar uma seringa esterilizada para aplicar o l\u00edquido de esporos.<\/p>\n<p><strong>Etapa 3: Incuba\u00e7\u00e3o<\/strong><br \/>\nSelar a placa de Petri e coloc\u00e1-la num ambiente controlado para promover o crescimento dos fungos. Os esporos germinar\u00e3o e desenvolver-se-\u00e3o em mic\u00e9lio ao longo de v\u00e1rios dias ou semanas, dependendo das condi\u00e7\u00f5es.<\/p>\n<p><strong>Etapa 4: Purifica\u00e7\u00e3o do mic\u00e9lio<\/strong><br \/>\nQuando o mic\u00e9lio tiver crescido o suficiente, selecionar uma sec\u00e7\u00e3o saud\u00e1vel para garantir uma cultura limpa para o crescimento posterior.<\/p>\n<p><strong>Etapa 5: Cortar o mic\u00e9lio<\/strong><br \/>\nUtilizando um bisturi esterilizado, cortar uma pequena sec\u00e7\u00e3o (aproximadamente 6 x 6 mm) do mic\u00e9lio. Este peda\u00e7o servir\u00e1 como iniciador para uma nova cultura.<\/p>\n<p><strong>Passo 6: Inocula\u00e7\u00e3o de um crescimento Medium<\/strong><br \/>\nTransferir o peda\u00e7o de mic\u00e9lio para um meio de cultura novo, como um novo prato de \u00e1gar. Manter condi\u00e7\u00f5es est\u00e9reis para evitar a contamina\u00e7\u00e3o durante o processo.<\/p>\n<p>Com paci\u00eancia e precis\u00e3o, \u00e9 poss\u00edvel cultivar cogumelos Mexican vibrantes e saud\u00e1veis. Cada passo oferece uma oportunidade para aprender mais sobre a biologia dos fungos, tornando o processo t\u00e3o gratificante como os resultados.<\/p>\n<hr \/>\n<h2>Ingredientes de Mexican Sporeprints<\/h2>\n<p>Uma impress\u00e3o de esporos Mexican cont\u00e9m milh\u00f5es de esporos de <em>Psilocibo cubensis<\/em> Cogumelos Mexican. Estes esporos s\u00e3o cuidadosamente colhidos e conservados num meio est\u00e9ril para garantir a sua pureza e viabilidade.<\/p>\n<p>Embora a pr\u00f3pria impress\u00e3o de esporos n\u00e3o contenha compostos psicoactivos, os cogumelos cultivados a partir destes esporos produzem naturalmente psilocibina e psilocina, as subst\u00e2ncias activas respons\u00e1veis pelos seus efeitos alucinog\u00e9nios. Isto torna o Mexican Sporeprint uma excelente escolha para quem procura uma fonte fi\u00e1vel de material gen\u00e9tico para cultivo ou investiga\u00e7\u00e3o.<\/p>\n<hr \/>\n<p><strong>Aviso<\/strong><\/p>\n<p>Os cogumelos m\u00e1gicos Mexican cont\u00eam psilocibina e psilocina, compostos psicoactivos potentes que podem alterar a perce\u00e7\u00e3o e induzir alucina\u00e7\u00f5es. Utilizar de forma respons\u00e1vel e guardar em seguran\u00e7a, fora do alcance das crian\u00e7as. Respeita sempre os efeitos destas subst\u00e2ncias e cumpre as leis e regulamentos locais relativos \u00e0 sua utiliza\u00e7\u00e3o.<\/p>","protected":false},"excerpt":{"rendered":"<p>Mergulhe no mundo fascinante da Mexican Sporeprint da McSmart, concebida para entusiastas psicad\u00e9licos experientes. Descubra os detalhes intrincados e as carater\u00edsticas distintivas desta impress\u00e3o de esporos de alta qualidade - uma pedra angular para o cultivo avan\u00e7ado de cogumelos e investiga\u00e7\u00e3o micol\u00f3gica.<\/p>","protected":false},"featured_media":82746,"template":"","meta":[],"product_brand":[],"product_cat":[970,297,399,384],"product_tag":[978],"class_list":{"0":"post-82744","1":"product","2":"type-product","3":"status-publish","4":"has-post-thumbnail","6":"product_cat-magic-mushroom-spore-prints","7":"product_cat-all-products","8":"product_cat-shroomshop","9":"product_cat-smartshop","10":"product_tag-shrdeal","11":"product_shipping_class-group-7","13":"first","14":"instock","15":"taxable","16":"shipping-taxable","17":"purchasable","18":"product-type-variable","19":"has-default-attributes"},"_links":{"self":[{"href":"https:\/\/www.headshop.nl\/pt\/wp-json\/wp\/v2\/product\/82744","targetHints":{"allow":["GET"]}}],"collection":[{"href":"https:\/\/www.headshop.nl\/pt\/wp-json\/wp\/v2\/product"}],"about":[{"href":"https:\/\/www.headshop.nl\/pt\/wp-json\/wp\/v2\/types\/product"}],"wp:featuredmedia":[{"embeddable":true,"href":"https:\/\/www.headshop.nl\/pt\/wp-json\/wp\/v2\/media\/82746"}],"wp:attachment":[{"href":"https:\/\/www.headshop.nl\/pt\/wp-json\/wp\/v2\/media?parent=82744"}],"wp:term":[{"taxonomy":"product_brand","embeddable":true,"href":"https:\/\/www.headshop.nl\/pt\/wp-json\/wp\/v2\/product_brand?post=82744"},{"taxonomy":"product_cat","embeddable":true,"href":"https:\/\/www.headshop.nl\/pt\/wp-json\/wp\/v2\/product_cat?post=82744"},{"taxonomy":"product_tag","embeddable":true,"href":"https:\/\/www.headshop.nl\/pt\/wp-json\/wp\/v2\/product_tag?post=82744"}],"curies":[{"name":"wp","href":"https:\/\/api.w.org\/{rel}","templated":true}]}}