{"id":82384,"date":"2024-12-06T12:41:06","date_gmt":"2024-12-06T12:41:06","guid":{"rendered":"https:\/\/www.headshop.nl\/?post_type=product&#038;p=82384"},"modified":"2025-10-31T08:51:55","modified_gmt":"2025-10-31T08:51:55","slug":"tremella-fuciformis-extract-capsules","status":"publish","type":"product","link":"https:\/\/www.headshop.nl\/pt\/tremella-fuciformis-extract-capsules\/","title":{"rendered":"C\u00e1psulas de extrato de Tremella Fuciformis"},"content":{"rendered":"<h2>O que \u00e9 o McMyco Tremella Fuciformis Capsules?<\/h2>\n<p>McMyco Tremella Fuciformis Capsules \u00e9 um suplemento \u00e0 base de plantas criado a partir de 100% extrato org\u00e2nico do cogumelo Tremella Fuciformis. Tamb\u00e9m chamado de \"Cogumelo da Orelha de Prata\", este fungo \u00fanico \u00e9 conhecido pela sua capacidade de apoiar a sa\u00fade imunit\u00e1ria, melhorar a hidrata\u00e7\u00e3o da pele e fornecer prote\u00e7\u00e3o antioxidante. Com 30% polissac\u00e1ridos e beta-glucanos, estas c\u00e1psulas oferecem compostos bioactivos potentes que contribuem para os seus impressionantes benef\u00edcios para a sa\u00fade.<\/p>\n<p>Cada c\u00e1psula \u00e9 refor\u00e7ada com Vitamina C, que protege as c\u00e9lulas contra o stress oxidativo e ajuda na produ\u00e7\u00e3o de colag\u00e9nio, e Zinco, um mineral essencial para a fun\u00e7\u00e3o imunit\u00e1ria e a sa\u00fade celular. As c\u00e1psulas pr\u00e1ticas s\u00e3o f\u00e1ceis de incorporar na sua rotina di\u00e1ria e s\u00e3o adequadas para veganos, garantindo que satisfazem uma variedade de necessidades diet\u00e9ticas.<\/p>\n<hr \/>\n<h2>Hist\u00f3ria da Tremella Fuciformis<\/h2>\n<p>A Tremella Fuciformis tem uma hist\u00f3ria rica, particularmente na medicina tradicional chinesa, onde tem sido utilizada durante s\u00e9culos como um potenciador de beleza e t\u00f3nico para a sa\u00fade. Conhecido como o \"Cogumelo da Beleza\", era altamente considerado pela antiga nobreza chinesa pela sua capacidade de promover uma pele jovem e apoiar a vitalidade geral.<\/p>\n<p>1TP264Encontrado sobretudo em climas tropicais, o Tremella Fuciformis cresce em madeira em decomposi\u00e7\u00e3o e caracteriza-se pelo seu aspeto transl\u00facido e gelatinoso. Com o tempo, a reputa\u00e7\u00e3o do cogumelo espalhou-se e tornou-se um elemento b\u00e1sico das pr\u00e1ticas medicinais orientais. Atualmente, \u00e9 cultivado em todo o mundo e reconhecido nos c\u00edrculos modernos de bem-estar pelas suas propriedades hidratantes, capacidade de apoiar o sistema imunit\u00e1rio e elevados n\u00edveis de antioxidantes.<\/p>\n<hr \/>\n<h2>Como utilizar o McMyco Tremella Fuciformis Capsules<\/h2>\n<p>Para obter resultados \u00f3ptimos, tomar uma c\u00e1psula de Tremella Fuciformis McMyco duas vezes por dia durante as refei\u00e7\u00f5es com \u00e1gua. Esta rotina simples garante que o seu corpo absorve os poderosos nutrientes de forma eficaz, ajudando-o a manter um sistema imunit\u00e1rio forte, uma pele saud\u00e1vel e um bem-estar geral.<\/p>\n<p>As c\u00e1psulas s\u00e3o f\u00e1ceis de integrar na sua rotina di\u00e1ria, quer pretenda melhorar o seu regime de beleza ou refor\u00e7ar as suas defesas naturais. Associar o suplemento a uma dieta equilibrada e a um estilo de vida ativo maximizar\u00e1 os seus benef\u00edcios. A utiliza\u00e7\u00e3o consistente durante v\u00e1rias semanas pode produzir melhorias vis\u00edveis na textura da pele, na hidrata\u00e7\u00e3o e nos n\u00edveis de energia.<\/p>\n<p>\u00c9 essencial seguir a dose recomendada e n\u00e3o a exceder. Tomar mais do que a dose recomendada n\u00e3o ir\u00e1 aumentar os benef\u00edcios e pode causar efeitos secund\u00e1rios. Se tiver alguma d\u00favida, consulte um profissional de sa\u00fade antes de incorporar este suplemento na sua rotina.<\/p>\n<hr \/>\n<h2>Ingredientes de McMyco Tremella Fuciformis Capsules<\/h2>\n<p>Cada c\u00e1psula vegana cont\u00e9m:<\/p>\n<ul>\n<li><strong>400 mg de extrato biol\u00f3gico de Tremella Fuciformis:<\/strong> Proveniente de 100% corpos de frutifica\u00e7\u00e3o, fornecendo 30% polissac\u00e1ridos e beta-glucanos para a sa\u00fade imunit\u00e1ria e da pele.<\/li>\n<li><strong>15 mg de vitamina C:<\/strong> Conhecida pelas suas propriedades antioxidantes, a vitamina C apoia a produ\u00e7\u00e3o de colag\u00e9nio e protege contra os danos causados pelos radicais livres.<\/li>\n<li><strong>10 mg de Zinco:<\/strong> Essencial para um sistema imunit\u00e1rio robusto, cicatriza\u00e7\u00e3o de feridas e manuten\u00e7\u00e3o da fun\u00e7\u00e3o celular.<\/li>\n<\/ul>\n<p>A f\u00f3rmula inclui igualmente citrato de magn\u00e9sio e di\u00f3xido de sil\u00edcio como excipientes naturais, garantindo a estabilidade das c\u00e1psulas e a sua f\u00e1cil digest\u00e3o. Os produtos McMyco respeitam normas de qualidade rigorosas, oferecendo suplementos sem aditivos artificiais e adequados para veganos.<\/p>\n<hr \/>\n<p><strong>Aviso<\/strong><br \/>\nMcMyco Tremella Fuciformis Capsules \u00e9 um suplemento alimentar e deve ser utilizado como tal. N\u00e3o exceder a dose di\u00e1ria recomendada. Manter o produto fora do alcance das crian\u00e7as. Consulte o seu m\u00e9dico antes de utilizar o produto se estiver gr\u00e1vida, a amamentar ou se sofrer de alguma doen\u00e7a.<\/p>","protected":false},"excerpt":{"rendered":"<p>McMyco Tremella Fuciformis Capsules, enriquecido com Vitamina C e Zinco, \u00e9 um suplemento vegan de qualidade superior concebido para apoiar o sistema imunit\u00e1rio, promover a sa\u00fade da pele e melhorar o bem-estar geral. Esta poderosa f\u00f3rmula combina os benef\u00edcios da Tremella Fuciformis, conhecida pelos seus ricos polissac\u00e1ridos e antioxidantes, com nutrientes essenciais para o ajudar a alcan\u00e7ar um estilo de vida mais saud\u00e1vel.<\/p>","protected":false},"featured_media":87971,"template":"","meta":[],"product_brand":[],"product_cat":[813,297,455,462,399],"product_tag":[978],"class_list":{"0":"post-82384","1":"product","2":"type-product","3":"status-publish","4":"has-post-thumbnail","6":"product_cat-mcmyco","7":"product_cat-all-products","8":"product_cat-healthshop","9":"product_cat-medicinal-mushrooms-healthshop","10":"product_cat-shroomshop","11":"product_tag-shrdeal","13":"first","14":"instock","15":"taxable","16":"shipping-taxable","17":"purchasable","18":"product-type-variable","19":"has-default-attributes"},"_links":{"self":[{"href":"https:\/\/www.headshop.nl\/pt\/wp-json\/wp\/v2\/product\/82384","targetHints":{"allow":["GET"]}}],"collection":[{"href":"https:\/\/www.headshop.nl\/pt\/wp-json\/wp\/v2\/product"}],"about":[{"href":"https:\/\/www.headshop.nl\/pt\/wp-json\/wp\/v2\/types\/product"}],"wp:featuredmedia":[{"embeddable":true,"href":"https:\/\/www.headshop.nl\/pt\/wp-json\/wp\/v2\/media\/87971"}],"wp:attachment":[{"href":"https:\/\/www.headshop.nl\/pt\/wp-json\/wp\/v2\/media?parent=82384"}],"wp:term":[{"taxonomy":"product_brand","embeddable":true,"href":"https:\/\/www.headshop.nl\/pt\/wp-json\/wp\/v2\/product_brand?post=82384"},{"taxonomy":"product_cat","embeddable":true,"href":"https:\/\/www.headshop.nl\/pt\/wp-json\/wp\/v2\/product_cat?post=82384"},{"taxonomy":"product_tag","embeddable":true,"href":"https:\/\/www.headshop.nl\/pt\/wp-json\/wp\/v2\/product_tag?post=82384"}],"curies":[{"name":"wp","href":"https:\/\/api.w.org\/{rel}","templated":true}]}}