{"id":82378,"date":"2024-12-06T12:19:05","date_gmt":"2024-12-06T12:19:05","guid":{"rendered":"https:\/\/www.headshop.nl\/?post_type=product&#038;p=82378"},"modified":"2025-10-31T08:52:29","modified_gmt":"2025-10-31T08:52:29","slug":"agaricus-blazei-extract-capsules","status":"publish","type":"product","link":"https:\/\/www.headshop.nl\/pt\/agaricus-blazei-extract-capsules\/","title":{"rendered":"C\u00e1psulas de extrato de Agaricus Blazei"},"content":{"rendered":"<h2>O que \u00e9 o Agaricus Blazei?<\/h2>\n<p>Agaricus Blazei McMyco \u00e9 um suplemento alimentar feito a partir do cogumelo Agaricus Blazei, tamb\u00e9m chamado \"Cogumelo do Sol\". Nativo do Brasil, este cogumelo \u00e9 famoso pelos seus amplos benef\u00edcios para a sa\u00fade, incluindo a sua capacidade de estimular o metabolismo, aumentar a energia e apoiar os processos de desintoxica\u00e7\u00e3o. Conhecido pelo seu elevado teor de beta-glucanos e polissac\u00e1ridos, ajuda a estimular o sistema imunit\u00e1rio e a promover o bem-estar geral. As c\u00e1psulas de Agaricus Blazei da McMyco s\u00e3o formuladas com um extrato de espetro total de 100% corpos de frutifica\u00e7\u00e3o do cogumelo, garantindo a mais elevada concentra\u00e7\u00e3o de compostos activos. Cada c\u00e1psula \u00e9 refor\u00e7ada com Vitamina C e Zinco, ambos essenciais para reduzir a fadiga e apoiar a fun\u00e7\u00e3o imunit\u00e1ria. Com 120 c\u00e1psulas veganas em cada embalagem, Agaricus Blazei McMyco oferece uma forma conveniente de integrar os benef\u00edcios deste poderoso cogumelo na sua rotina di\u00e1ria. Este suplemento \u00e9 ideal para pessoas que procuram melhorar os seus n\u00edveis de energia, apoiar a sa\u00fade metab\u00f3lica e promover a vitalidade geral. O Agaricus Blazei McMyco \u00e9 tamb\u00e9m uma excelente adi\u00e7\u00e3o a um plano de bem-estar abrangente, complementando outros cogumelos medicinais e escolhas de estilo de vida saud\u00e1veis.<\/p>\n<h2>Hist\u00f3ria do Agaricus Blazei<\/h2>\n<p>O Agaricus Blazei, ou \"Cogumelo do Sol\", tem uma hist\u00f3ria rica enraizada na medicina tradicional, particularmente no Brasil, onde era utilizado pelas comunidades locais pelas suas propriedades curativas. Conhecido por promover a longevidade e melhorar a imunidade, o cogumelo tornou-se um elemento central nas pr\u00e1ticas de sa\u00fade ind\u00edgenas. Os seus potenciais benef\u00edcios para a sa\u00fade foram amplamente reconhecidos no in\u00edcio do s\u00e9culo XX, mas s\u00f3 na d\u00e9cada de 1960 \u00e9 que os investigadores come\u00e7aram a estudar o Agaricus Blazei em profundidade. Descobriram que continha uma elevada concentra\u00e7\u00e3o de beta-glucanos, um grupo de polissac\u00e1ridos conhecidos pelas suas propriedades imunit\u00e1rias. O cogumelo ganhou reconhecimento internacional nas d\u00e9cadas seguintes, especialmente no Jap\u00e3o e nos Estados Unidos, onde se tornou um ingrediente popular em suplementos de sa\u00fade. Atualmente, o Agaricus Blazei \u00e9 cultivado em todo o mundo, e as suas utiliza\u00e7\u00f5es terap\u00eauticas continuam a expandir-se, \u00e0 medida que a investiga\u00e7\u00e3o descobre mais dos seus potenciais benef\u00edcios para a sa\u00fade. A sua combina\u00e7\u00e3o de conhecimentos tradicionais e valida\u00e7\u00e3o cient\u00edfica moderna tornou-o numa escolha de confian\u00e7a para quem procura melhorar a sua sa\u00fade e vitalidade.<\/p>\n<h2>Como utilizar o Agaricus Blazei<\/h2>\n<p>Para utilizar Agaricus Blazei McMyco, basta tomar uma c\u00e1psula duas vezes por dia \u00e0s refei\u00e7\u00f5es, acompanhada de \u00e1gua. Isto garante uma absor\u00e7\u00e3o \u00f3ptima e facilita a integra\u00e7\u00e3o na sua rotina di\u00e1ria. A dose recomendada \u00e9 de 2 c\u00e1psulas por dia, o que lhe permitir\u00e1 experimentar toda a gama de benef\u00edcios que o Agaricus Blazei oferece, incluindo um metabolismo melhorado, n\u00edveis de energia refor\u00e7ados e um sistema imunit\u00e1rio fortalecido. Para obter melhores resultados, recomenda-se tomar as c\u00e1psulas de forma consistente e em combina\u00e7\u00e3o com uma dieta equilibrada e atividade f\u00edsica regular. O suplemento tamb\u00e9m pode ser utilizado juntamente com outros cogumelos medicinais do McMyco, permitindo-lhe criar um plano de bem-estar personalizado. Ouve sempre o teu corpo e ajusta a dosagem se necess\u00e1rio, mas \u00e9 importante n\u00e3o exceder a dose recomendada. Se \u00e9 novo no consumo deste suplemento, come\u00e7ar com uma dose mais pequena pode ajudar a avaliar a sua toler\u00e2ncia individual. O Agaricus Blazei McMyco \u00e9 adequado para uma utiliza\u00e7\u00e3o a longo prazo, e \u00e9 melhor tom\u00e1-lo como parte de uma abordagem hol\u00edstica \u00e0 sa\u00fade.<\/p>\n<h2>Ingredientes de Agaricus Blazei<\/h2>\n<p>Cada c\u00e1psula vegana de Agaricus Blazei McMyco cont\u00e9m 400 mg de extrato biol\u00f3gico de Agaricus Blazei, proveniente exclusivamente do corpo de frutifica\u00e7\u00e3o do cogumelo. Este extrato de espetro completo \u00e9 cuidadosamente produzido atrav\u00e9s de uma combina\u00e7\u00e3o de m\u00e9todos de extra\u00e7\u00e3o com \u00e1gua e etanol, o que garante a reten\u00e7\u00e3o da quantidade m\u00e1xima de compostos bioactivos, como os beta-glucanos e os polissac\u00e1ridos. A f\u00f3rmula \u00e9 enriquecida com Vitamina C e Zinco para apoiar ainda mais os n\u00edveis de energia e a fun\u00e7\u00e3o imunit\u00e1ria. A vitamina C \u00e9 essencial para reduzir a fadiga e aumentar a vitalidade geral, enquanto o zinco contribui para manter um sistema imunit\u00e1rio saud\u00e1vel. As c\u00e1psulas de Agaricus Blazei McMyco s\u00e3o isentas de aditivos artificiais, com citrato de magn\u00e9sio e di\u00f3xido de sil\u00edcio inclu\u00eddos como excipientes naturais. Este produto \u00e9 totalmente vegan e proporciona uma forma limpa e eficaz de desfrutar dos benef\u00edcios do Cogumelo do Sol. A combina\u00e7\u00e3o destes ingredientes cuidadosamente selecionados funciona em sinergia para proporcionar um poderoso impulso \u00e0 sa\u00fade, tornando o Agaricus Blazei McMyco uma excelente adi\u00e7\u00e3o \u00e0 sua rotina di\u00e1ria de suplementos.<\/p>\n<p><strong>Aviso:<\/strong><\/p>\n<p>O Agaricus Blazei McMyco \u00e9 um suplemento alimentar e deve ser utilizado como tal. N\u00e3o exceder a dose recomendada. Manter fora do alcance das crian\u00e7as. Consultar o m\u00e9dico antes da utiliza\u00e7\u00e3o se estiver gr\u00e1vida, a amamentar ou se tiver algum problema de sa\u00fade.<\/p>","protected":false},"excerpt":{"rendered":"<p>As c\u00e1psulas de Agaricus Blazei McMyco s\u00e3o um potente suplemento alimentar produzido a partir do \"Cogumelo do Sol\", conhecido pelas suas propriedades estimulantes do metabolismo e desintoxicantes. Este cogumelo \u00fanico, origin\u00e1rio do Brasil, \u00e9 rico em beta-glucanos e polissac\u00e1ridos, promovendo o bem-estar geral. Enriquecido com vitamina C e zinco, ajuda a reduzir a fadiga e apoia os n\u00edveis de energia. Estas c\u00e1psulas veganas s\u00e3o ideais para uso di\u00e1rio para apoiar a sua sa\u00fade.<\/p>","protected":false},"featured_media":87975,"template":"","meta":[],"product_brand":[],"product_cat":[813,297,455,404,462,399,384],"product_tag":[978],"class_list":{"0":"post-82378","1":"product","2":"type-product","3":"status-publish","4":"has-post-thumbnail","6":"product_cat-mcmyco","7":"product_cat-all-products","8":"product_cat-healthshop","9":"product_cat-medicinal-mushrooms-supplements","10":"product_cat-medicinal-mushrooms-healthshop","11":"product_cat-shroomshop","12":"product_cat-smartshop","13":"product_tag-shrdeal","15":"first","16":"instock","17":"taxable","18":"shipping-taxable","19":"purchasable","20":"product-type-variable","21":"has-default-attributes"},"_links":{"self":[{"href":"https:\/\/www.headshop.nl\/pt\/wp-json\/wp\/v2\/product\/82378","targetHints":{"allow":["GET"]}}],"collection":[{"href":"https:\/\/www.headshop.nl\/pt\/wp-json\/wp\/v2\/product"}],"about":[{"href":"https:\/\/www.headshop.nl\/pt\/wp-json\/wp\/v2\/types\/product"}],"wp:featuredmedia":[{"embeddable":true,"href":"https:\/\/www.headshop.nl\/pt\/wp-json\/wp\/v2\/media\/87975"}],"wp:attachment":[{"href":"https:\/\/www.headshop.nl\/pt\/wp-json\/wp\/v2\/media?parent=82378"}],"wp:term":[{"taxonomy":"product_brand","embeddable":true,"href":"https:\/\/www.headshop.nl\/pt\/wp-json\/wp\/v2\/product_brand?post=82378"},{"taxonomy":"product_cat","embeddable":true,"href":"https:\/\/www.headshop.nl\/pt\/wp-json\/wp\/v2\/product_cat?post=82378"},{"taxonomy":"product_tag","embeddable":true,"href":"https:\/\/www.headshop.nl\/pt\/wp-json\/wp\/v2\/product_tag?post=82378"}],"curies":[{"name":"wp","href":"https:\/\/api.w.org\/{rel}","templated":true}]}}