{"id":78389,"date":"2023-10-11T10:42:19","date_gmt":"2023-10-11T10:42:19","guid":{"rendered":"https:\/\/www.headshop.nl\/?post_type=product&#038;p=78389"},"modified":"2025-10-10T01:26:26","modified_gmt":"2025-10-10T01:26:26","slug":"smart-x","status":"publish","type":"product","link":"https:\/\/www.headshop.nl\/pt\/smart-x\/","title":{"rendered":"Inteligente X"},"content":{"rendered":"<h2>O que \u00e9 o Smart X?<\/h2>\n<p>Smart X \u00e9 um comprimido revolucion\u00e1rio para festas que leva a tua celebra\u00e7\u00e3o ao pr\u00f3ximo n\u00edvel. Este produto cont\u00e9m 6 c\u00e1psulas, cada uma com uma mistura de potentes ingredientes naturais concebidos para melhorar a tua experi\u00eancia de festa. O Smart X \u00e9 composto por 3 f\u00f3rmulas diferentes: 2 c\u00e1psulas Speed X vermelhas para uma energia turbo, 2 c\u00e1psulas Sexy X cor-de-rosa para sensa\u00e7\u00f5es de euforia e 2 c\u00e1psulas Party X cor de laranja para a derradeira vibra\u00e7\u00e3o da festa holandesa. Cada c\u00e1psula \u00e9 cuidadosamente elaborada com uma mistura de ingredientes para ajudar a aumentar a energia, elevar o humor e promover a euforia, garantindo uma atmosfera divertida e vibrante.<\/p>\n<p>Smart X foi concebido para aqueles que querem viver a derradeira noite de festa com energia e entusiasmo. As c\u00e1psulas oferecem a flexibilidade de misturar e combinar diferentes f\u00f3rmulas, permitindo-te criar uma experi\u00eancia de festa personalizada. Quer esteja \u00e0 procura de mais energia ou de maior prazer, Smart X oferece uma solu\u00e7\u00e3o \u00e0 medida para tornar a sua noite inesquec\u00edvel. Com c\u00e1psulas suficientes para serem partilhadas por duas pessoas, \u00e9 o companheiro perfeito para quem quer passar um momento incr\u00edvel.<\/p>\n<h2>Hist\u00f3ria do Smart X<\/h2>\n<p>O Smart X foi criado com o objetivo de oferecer uma experi\u00eancia de festa \u00fanica que combina os melhores aspectos de energia, euforia e divers\u00e3o. O produto \u00e9 uma evolu\u00e7\u00e3o da linha de p\u00edlulas para festas DNX, que \u00e9 popular entre os frequentadores de festas h\u00e1 anos. A combina\u00e7\u00e3o de Speed X, Sexy X e Party X \u00e9 o resultado de uma extensa pesquisa e experimenta\u00e7\u00e3o para criar a mistura perfeita de ingredientes que podem elevar a atmosfera da festa.<\/p>\n<p>A hist\u00f3ria do Smart X est\u00e1 profundamente enraizada no desejo de fornecer aos consumidores um produto seguro, agrad\u00e1vel e poderoso. Os seus ingredientes naturais s\u00e3o cuidadosamente selecionados para aumentar a energia f\u00edsica e o bem-estar mental, criando uma experi\u00eancia inesquec\u00edvel. Ao longo do tempo, a Smart X tornou-se uma das escolhas preferidas para quem procura um comprimido de festa de qualidade superior que ofere\u00e7a uma mistura equilibrada de euforia e energia. Atualmente, \u00e9 conhecido por ser uma escolha de topo entre os entusiastas de festas que querem um impulso que dure toda a noite.<\/p>\n<h2>Como utilizar o Smart X<\/h2>\n<p>A utiliza\u00e7\u00e3o de Smart X \u00e9 simples e direta. Para obter os melhores resultados, recomenda-se que tome a combina\u00e7\u00e3o desejada de c\u00e1psulas 30 a 45 minutos antes do efeito desejado, com \u00e1gua ou sumo de fruta. A dose di\u00e1ria recomendada \u00e9 de 3 c\u00e1psulas e n\u00e3o se deve exceder a dose di\u00e1ria m\u00e1xima permitida.<\/p>\n<p>A flexibilidade do Smart X permite-lhe misturar e combinar as c\u00e1psulas de acordo com as suas necessidades. Por exemplo, a combina\u00e7\u00e3o das c\u00e1psulas cor-de-rosa Sexy X com as c\u00e1psulas vermelhas Speed X cria um equil\u00edbrio perfeito de energia e euforia. Em alternativa, a mistura das tr\u00eas cores - vermelho, rosa e laranja - oferece uma experi\u00eancia intensa concebida para um ambiente de festa hardcore. Ouve sempre o teu corpo e come\u00e7a com uma dose mais baixa se fores novo no Smart X, e ajusta conforme necess\u00e1rio para as tuas prefer\u00eancias pessoais.<\/p>\n<h2>Ingredientes de Smart X<\/h2>\n<p>Smart X cont\u00e9m uma potente combina\u00e7\u00e3o de ingredientes cuidadosamente selecionados pela sua capacidade de melhorar a experi\u00eancia da festa. A c\u00e1psula vermelha Speed X inclui DL-Fenilalanina, Eviodiamina, cafe\u00edna e citrus aurantium para proporcionar um poderoso impulso energ\u00e9tico. A c\u00e1psula cor-de-rosa Sexy X cont\u00e9m ingredientes como Damiana, Gaba, Ginkgo Biloba, extrato de Kanna e passiflora, que trabalham em conjunto para promover a euforia, o relaxamento e a clareza mental. A c\u00e1psula laranja Party X cont\u00e9m Black Maca, extrato de Kanna e zinco, concebidos para ajudar a melhorar o humor e a resist\u00eancia.<\/p>\n<p>Cada um destes ingredientes desempenha um papel fundamental na produ\u00e7\u00e3o dos efeitos desejados, como o aumento da energia, a melhoria do humor e o aumento do prazer. Estes ingredientes naturais s\u00e3o misturados em propor\u00e7\u00f5es exactas para garantir uma experi\u00eancia equilibrada e eficaz. A f\u00f3rmula do Smart X foi desenvolvida com cuidado para proporcionar resultados consistentes e potentes, dando-lhe a confian\u00e7a para desfrutar da sua festa sem se preocupar com a qualidade ou a seguran\u00e7a do produto.<\/p>\n<p><strong>Avisos:<\/strong><\/p>\n<p>Smart X n\u00e3o deve ser utilizado como substituto de um regime alimentar variado. Manter fora do alcance das crian\u00e7as. A utiliza\u00e7\u00e3o s\u00f3 \u00e9 permitida a pessoas com mais de 18 anos. Evitar a combina\u00e7\u00e3o com medicamentos ou outros estimulantes, especialmente em pessoas com tens\u00e3o arterial alta ou baixa, problemas card\u00edacos, dist\u00farbios da tiroide, doen\u00e7as renais, depress\u00e3o, nervosismo, problemas f\u00edsicos ou mentais ou em caso de utiliza\u00e7\u00e3o de inibidores da MAO. Ter cuidado com o consumo excessivo de \u00e1lcool. Consultar um profissional de sa\u00fade em caso de d\u00favida.<\/p>","protected":false},"excerpt":{"rendered":"<p>Liberta a derradeira experi\u00eancia de festa com Smart X! Este revolucion\u00e1rio comprimido para festas combina energia, euforia e sensa\u00e7\u00f5es de festa inigual\u00e1veis numa mistura m\u00e1gica de seis c\u00e1psulas naturais. Quer esteja \u00e0 procura de energia turbinada, de uma experi\u00eancia sensual euf\u00f3rica ou da verdadeira vibra\u00e7\u00e3o holandesa Party, Smart X tem tudo. Perfeito para partilhar com um amigo ou parceiro, este conjunto d\u00e1-lhe a liberdade de misturar e combinar para obter a sua combina\u00e7\u00e3o ideal para a festa. Opte por um Hardcore Sex Party, combinando rosa, vermelho e laranja, e experimente o prazer supremo. Com Smart X, cada festa \u00e9 uma aventura inesquec\u00edvel. Misture, combine e divirta-se com Smart X - o seu bilhete para uma alegria de festa sem fim!<\/p>","protected":false},"featured_media":78397,"template":"","meta":[],"product_brand":[],"product_cat":[408,386,384,412],"product_tag":[],"class_list":{"0":"post-78389","1":"product","2":"type-product","3":"status-publish","4":"has-post-thumbnail","6":"product_cat-dnx","7":"product_cat-party-pills","8":"product_cat-smartshop","9":"product_cat-trippy-pills","11":"first","12":"instock","13":"taxable","14":"shipping-taxable","15":"purchasable","16":"product-type-variable","17":"has-default-attributes"},"_links":{"self":[{"href":"https:\/\/www.headshop.nl\/pt\/wp-json\/wp\/v2\/product\/78389","targetHints":{"allow":["GET"]}}],"collection":[{"href":"https:\/\/www.headshop.nl\/pt\/wp-json\/wp\/v2\/product"}],"about":[{"href":"https:\/\/www.headshop.nl\/pt\/wp-json\/wp\/v2\/types\/product"}],"wp:featuredmedia":[{"embeddable":true,"href":"https:\/\/www.headshop.nl\/pt\/wp-json\/wp\/v2\/media\/78397"}],"wp:attachment":[{"href":"https:\/\/www.headshop.nl\/pt\/wp-json\/wp\/v2\/media?parent=78389"}],"wp:term":[{"taxonomy":"product_brand","embeddable":true,"href":"https:\/\/www.headshop.nl\/pt\/wp-json\/wp\/v2\/product_brand?post=78389"},{"taxonomy":"product_cat","embeddable":true,"href":"https:\/\/www.headshop.nl\/pt\/wp-json\/wp\/v2\/product_cat?post=78389"},{"taxonomy":"product_tag","embeddable":true,"href":"https:\/\/www.headshop.nl\/pt\/wp-json\/wp\/v2\/product_tag?post=78389"}],"curies":[{"name":"wp","href":"https:\/\/api.w.org\/{rel}","templated":true}]}}