{"id":77217,"date":"2021-08-09T12:30:58","date_gmt":"2021-08-09T12:30:58","guid":{"rendered":"https:\/\/www.headshop.nl\/?post_type=product&#038;p=77217"},"modified":"2026-02-08T13:26:32","modified_gmt":"2026-02-08T13:26:32","slug":"mcmicrodose-starterkit","status":"publish","type":"product","link":"https:\/\/www.headshop.nl\/pt\/mcmicrodose-starterkit\/","title":{"rendered":"McMicrodose Starterkit"},"content":{"rendered":"<h2>McMicrodose Starterkit Trufas m\u00e1gicas para Microdosing<\/h2>\n<p>McMicrodose Starter O kit cont\u00e9m um blister com trufas Mexicana doseadas de 6x 1 grama. As trufas cont\u00eam psilocibina natural e foram especialmente seleccionadas pelas suas propriedades para a melhor microdosagem. O kit Starter \u00e9 ideal para aqueles que querem familiarizar-se com trufas de microdosagem.<\/p>\n<p>Se j\u00e1 tem experi\u00eancia com microdosagem, pode mudar para: <a href=\"https:\/\/www.headshop.nl\/pt\/mcmicrodose-magic-truffles\/\">McMicrodose 2\u00d75 gramas ou 2\u00d710 gramas<\/a>. Estes produtos oferecem a possibilidade de basear a microdosagem mais nas necessidades pessoais.<\/p>","protected":false},"excerpt":{"rendered":"<p>O McMicrodose \u00e9 um produto de ponta para quem quer explorar o mundo excitante e ben\u00e9fico dos psicad\u00e9licos, mantendo-se em seguran\u00e7a abaixo do limiar percetivo. Toma o McMicrodose uma vez por dia (os microdosadores variam quanto ao n\u00famero de dias por semana em que tomam a microdose) para ti ou partilha-o com os teus amigos! O Microdosing est\u00e1 a ser investigado cientificamente, mas, como qualquer outra subst\u00e2ncia psicoactiva, n\u00e3o deve ser tomado sem a devida forma\u00e7\u00e3o e orienta\u00e7\u00e3o de profissionais experientes.<\/p>","protected":false},"featured_media":77225,"template":"","meta":[],"product_brand":[],"product_cat":[401,297,831,402,925,812,706,398,399,384],"product_tag":[978],"class_list":{"0":"post-77217","1":"product","2":"type-product","3":"status-publish","4":"has-post-thumbnail","6":"product_cat-microdosing","7":"product_cat-all-products","8":"product_cat-beginner-magic-truffles","9":"product_cat-magic-truffles","10":"product_cat-mcmicrodose","11":"product_cat-mcsmart-truffles","12":"product_cat-microdosing-truffles","13":"product_cat-mushrooms","14":"product_cat-shroomshop","15":"product_cat-smartshop","16":"product_tag-shrdeal","17":"product_shipping_class-group-7","19":"first","20":"instock","21":"taxable","22":"shipping-taxable","23":"purchasable","24":"product-type-variable","25":"has-default-attributes"},"_links":{"self":[{"href":"https:\/\/www.headshop.nl\/pt\/wp-json\/wp\/v2\/product\/77217","targetHints":{"allow":["GET"]}}],"collection":[{"href":"https:\/\/www.headshop.nl\/pt\/wp-json\/wp\/v2\/product"}],"about":[{"href":"https:\/\/www.headshop.nl\/pt\/wp-json\/wp\/v2\/types\/product"}],"wp:featuredmedia":[{"embeddable":true,"href":"https:\/\/www.headshop.nl\/pt\/wp-json\/wp\/v2\/media\/77225"}],"wp:attachment":[{"href":"https:\/\/www.headshop.nl\/pt\/wp-json\/wp\/v2\/media?parent=77217"}],"wp:term":[{"taxonomy":"product_brand","embeddable":true,"href":"https:\/\/www.headshop.nl\/pt\/wp-json\/wp\/v2\/product_brand?post=77217"},{"taxonomy":"product_cat","embeddable":true,"href":"https:\/\/www.headshop.nl\/pt\/wp-json\/wp\/v2\/product_cat?post=77217"},{"taxonomy":"product_tag","embeddable":true,"href":"https:\/\/www.headshop.nl\/pt\/wp-json\/wp\/v2\/product_tag?post=77217"}],"curies":[{"name":"wp","href":"https:\/\/api.w.org\/{rel}","templated":true}]}}