{"id":75677,"date":"2023-09-26T14:01:50","date_gmt":"2023-09-26T14:01:50","guid":{"rendered":"https:\/\/www.headshop.nl\/?post_type=product&#038;p=75677"},"modified":"2026-02-23T01:26:20","modified_gmt":"2026-02-23T01:26:20","slug":"molly-x","status":"publish","type":"product","link":"https:\/\/www.headshop.nl\/pt\/molly-x\/","title":{"rendered":"Molly X"},"content":{"rendered":"<h2>O que s\u00e3o as c\u00e1psulas Molly X Intense Ecstasy?<\/h2>\n<p>As c\u00e1psulas Molly X Intense Ecstasy s\u00e3o suplementos alimentares especialmente formulados e concebidos para melhorar a tua experi\u00eancia de festa. Estas c\u00e1psulas foram criadas para proporcionar efeitos poderosos, euf\u00f3ricos e envolventes, elevando a tua disposi\u00e7\u00e3o e energia. Quer esteja numa rave, numa discoteca ou em qualquer celebra\u00e7\u00e3o, Molly X ajuda-o a mergulhar totalmente no ritmo do evento, permitindo-lhe experimentar a m\u00fasica e a energia como nunca antes. A mistura de ingredientes naturais funciona em sinergia para lhe dar uma sensa\u00e7\u00e3o elevada de alegria e liga\u00e7\u00e3o, garantindo que se mant\u00e9m envolvido e energizado durante toda a noite. Se procura um impulso intenso e inesquec\u00edvel para a sua festa, Molly X \u00e9 a escolha ideal para levar a sua celebra\u00e7\u00e3o ao pr\u00f3ximo n\u00edvel.<\/p>\n<h2>Hist\u00f3ria da Molly X Intense Ecstasy Caps<\/h2>\n<p>Os Molly X Intense Ecstasy Caps foram criados com um objetivo claro: proporcionar uma experi\u00eancia poderosa e envolvente aos frequentadores de festas que querem elevar as suas noites. Inspirados pelos ambientes de alta energia e euforia das festas de dan\u00e7a e festivais, os criadores do Molly X quiseram criar um suplemento que melhorasse a disposi\u00e7\u00e3o e a energia da multid\u00e3o. Ap\u00f3s uma investiga\u00e7\u00e3o e testes exaustivos, criaram uma mistura \u00fanica de ingredientes que proporcionam o tipo de experi\u00eancia intensa que as pessoas desejam. Desde o seu lan\u00e7amento, o Molly X foi adotado por todos os que apreciam a sensa\u00e7\u00e3o emocionante e libertadora de se ligarem profundamente \u00e0 m\u00fasica, \u00e0 dan\u00e7a e \u00e0s intera\u00e7\u00f5es sociais. Atualmente, \u00e9 um produto de refer\u00eancia para quem procura uma experi\u00eancia de festa en\u00e9rgica e inesquec\u00edvel.<\/p>\n<h2>Como utilizar Molly X Intense Ecstasy Caps<\/h2>\n<p>Para utilizar Molly X Intense Ecstasy Caps eficazmente, tome uma c\u00e1psula 30 a 45 minutos antes de desejar sentir os efeitos. A melhor forma de consumir a c\u00e1psula \u00e9 com \u00e1gua ou sumo de fruta, o que facilita a absor\u00e7\u00e3o. A dose di\u00e1ria recomendada \u00e9 de duas c\u00e1psulas, mas n\u00e3o deves exceder o limite m\u00e1ximo de duas c\u00e1psulas por 24 horas. O timing \u00e9 essencial para sentir plenamente os efeitos euf\u00f3ricos, por isso toma as c\u00e1psulas quando estiveres pronto para abra\u00e7ar a intensidade total da festa. Segue sempre as instru\u00e7\u00f5es de dosagem cuidadosamente para garantires uma experi\u00eancia segura e agrad\u00e1vel. Com Molly X, estar\u00e1s pronto para mergulhar num mundo de sensa\u00e7\u00f5es electrizantes e de alegria inesquec\u00edvel.<\/p>\n<h2>Ingredientes de Molly X Intense Ecstasy Caps<\/h2>\n<p>Molly X Intense Ecstasy Caps cont\u00e9m uma combina\u00e7\u00e3o \u00fanica de ingredientes naturais, cada um deles escolhido pelo seu papel espec\u00edfico na melhoria da experi\u00eancia da festa. O gengibre preto (300 mg) foi inclu\u00eddo pelas suas propriedades energizantes e estimulantes, ajudando-o a manter-se ativo e empenhado. A DL-fenilalanina (200 mg) melhora o humor e promove sentimentos de euforia, criando a atmosfera mental perfeita para uma celebra\u00e7\u00e3o. O extrato de Kanna (100 mg) ajuda a reduzir o stress e a aumentar a intera\u00e7\u00e3o social, permitindo-lhe desfrutar plenamente da companhia dos outros. Por fim, o zinco (10 mg) apoia as fun\u00e7\u00f5es naturais do organismo e ajuda a manter o equil\u00edbrio durante toda a noite. Juntos, estes ingredientes formam uma mistura poderosa que proporciona uma experi\u00eancia imersiva e euf\u00f3rica, garantindo que Molly X \u00e9 o companheiro de festa perfeito.<\/p>\n<p><strong>Aviso:<\/strong><\/p>\n<p>N\u00e3o utilizar este suplemento alimentar como substituto de um regime alimentar variado. Manter fora do alcance das crian\u00e7as. Utilizar apenas se tiveres mais de 18 anos de idade. N\u00e3o utilizar em combina\u00e7\u00e3o com medicamentos ou outros estimulantes, especialmente se tiver tens\u00e3o arterial alta ou baixa, problemas card\u00edacos, perturba\u00e7\u00f5es da tiroide, doen\u00e7as renais, depress\u00e3o, nervosismo ou problemas mentais\/f\u00edsicos. Evitar o consumo excessivo de \u00e1lcool durante a utiliza\u00e7\u00e3o deste produto. Em caso de d\u00favida, consulta o teu m\u00e9dico.<\/p>","protected":false},"excerpt":{"rendered":"<p>Revitalize a sua energia e mergulhe na intensidade com os Dynamic Party Enhancers da Molly X! Entre num mundo de vitalidade ilimitada e de experi\u00eancias imersivas com os Dynamic Party Enhancers da Molly X - os catalisadores mais recentes concebidos para criar uma atmosfera de festa inesquec\u00edvel. Concebidos para aqueles que anseiam por intensidade, a nossa potente mistura de ingredientes naturais ir\u00e1 elevar a sua experi\u00eancia de festa, permitindo-lhe transcender o caos e saborear plenamente a energia vibrante que o envolve. Prepare-se para ser transportado para um reino onde a euforia eletrizante e a alegria sem limites convergem, tudo gra\u00e7as a Molly X.<\/p>","protected":false},"featured_media":75681,"template":"","meta":[],"product_brand":[],"product_cat":[408,386,384,412],"product_tag":[],"class_list":{"0":"post-75677","1":"product","2":"type-product","3":"status-publish","4":"has-post-thumbnail","6":"product_cat-dnx","7":"product_cat-party-pills","8":"product_cat-smartshop","9":"product_cat-trippy-pills","10":"product_shipping_class-not-allowed-group-1","12":"first","13":"instock","14":"taxable","15":"shipping-taxable","16":"purchasable","17":"product-type-variable","18":"has-default-attributes"},"_links":{"self":[{"href":"https:\/\/www.headshop.nl\/pt\/wp-json\/wp\/v2\/product\/75677","targetHints":{"allow":["GET"]}}],"collection":[{"href":"https:\/\/www.headshop.nl\/pt\/wp-json\/wp\/v2\/product"}],"about":[{"href":"https:\/\/www.headshop.nl\/pt\/wp-json\/wp\/v2\/types\/product"}],"wp:featuredmedia":[{"embeddable":true,"href":"https:\/\/www.headshop.nl\/pt\/wp-json\/wp\/v2\/media\/75681"}],"wp:attachment":[{"href":"https:\/\/www.headshop.nl\/pt\/wp-json\/wp\/v2\/media?parent=75677"}],"wp:term":[{"taxonomy":"product_brand","embeddable":true,"href":"https:\/\/www.headshop.nl\/pt\/wp-json\/wp\/v2\/product_brand?post=75677"},{"taxonomy":"product_cat","embeddable":true,"href":"https:\/\/www.headshop.nl\/pt\/wp-json\/wp\/v2\/product_cat?post=75677"},{"taxonomy":"product_tag","embeddable":true,"href":"https:\/\/www.headshop.nl\/pt\/wp-json\/wp\/v2\/product_tag?post=75677"}],"curies":[{"name":"wp","href":"https:\/\/api.w.org\/{rel}","templated":true}]}}