{"id":75396,"date":"2023-08-21T13:19:52","date_gmt":"2023-08-21T13:19:52","guid":{"rendered":"https:\/\/www.headshop.nl\/?post_type=product&#038;p=75396"},"modified":"2026-02-23T01:26:20","modified_gmt":"2026-02-23T01:26:20","slug":"sexy-x","status":"publish","type":"product","link":"https:\/\/www.headshop.nl\/pt\/sexy-x\/","title":{"rendered":"Sexy X"},"content":{"rendered":"<h2>O que s\u00e3o as tampas Sexy X Euphoric Sex?<\/h2>\n<p>Sexy X Euphoric Sex Caps \u00e9 um suplemento avan\u00e7ado concebido para melhorar as suas experi\u00eancias \u00edntimas, aumentando as sensa\u00e7\u00f5es f\u00edsicas e promovendo uma liga\u00e7\u00e3o emocional mais profunda. Esta mistura de ervas foi cuidadosamente elaborada para estimular os sentidos, promover o relaxamento e aumentar o prazer, tornando-a ideal para momentos de intimidade. A f\u00f3rmula \u00fanica actua aumentando a euforia e a paix\u00e3o, dando a si e ao seu parceiro a liberdade de explorar novos dom\u00ednios do desejo. Sexy X n\u00e3o \u00e9 apenas um comprimido de festa; \u00e9 uma ferramenta para aumentar a intimidade, criando uma atmosfera elevada de prazer e liga\u00e7\u00e3o. Com os seus ingredientes cuidadosamente escolhidos, desbloqueia uma experi\u00eancia mais sensual, permitindo-lhe desfrutar de um n\u00edvel mais profundo de prazer e proximidade emocional com o seu parceiro. Quer pretenda intensificar os seus momentos \u00edntimos ou embarcar numa viagem apaixonada, Sexy X Euphoric Sex Caps pode fornecer o impulso necess\u00e1rio para elevar a sua experi\u00eancia a novos patamares.<\/p>\n<h2>Hist\u00f3ria de Sexy X Euphoric Sex Caps<\/h2>\n<p>Sexy X Euphoric Sex Caps foi desenvolvido como uma resposta \u00e0 necessidade crescente de produtos que promovam a intimidade f\u00edsica e emocional. Reconhecendo o poder das ervas naturais para melhorar o bem-estar sexual e emocional, os criadores de Sexy X combinaram estes ingredientes para formar um suplemento que apoiasse e amplificasse a liga\u00e7\u00e3o natural entre parceiros. Os ingredientes da f\u00f3rmula t\u00eam sido utilizados durante s\u00e9culos em v\u00e1rias culturas para aumentar a libido, aumentar o prazer e criar euforia. Ao misturar estas ervas potentes numa c\u00e1psula f\u00e1cil de utilizar, nasceu o Sexy X. Desde a sua introdu\u00e7\u00e3o, rapidamente ganhou popularidade entre os indiv\u00edduos que procuram intensificar as suas rela\u00e7\u00f5es e experimentar uma maior liga\u00e7\u00e3o emocional e f\u00edsica com os seus parceiros. Tornou-se uma escolha popular para quem procura desbloquear novos n\u00edveis de intimidade e sensualidade nas suas rela\u00e7\u00f5es.<\/p>\n<h2>Como utilizar as tampas Sexy X Euphoric Sex<\/h2>\n<p>Para sentir todos os efeitos de Sexy X Euphoric Sex Caps, basta tomar uma c\u00e1psula 30 a 45 minutos antes do efeito desejado. Para uma melhor absor\u00e7\u00e3o, recomenda-se que a c\u00e1psula seja tomada com \u00e1gua ou sumo de fruta. A dose di\u00e1ria recomendada \u00e9 de duas c\u00e1psulas, sendo importante n\u00e3o ultrapassar o limite m\u00e1ximo de duas c\u00e1psulas por 24 horas. Este timing garante que sente os efeitos desejados no momento perfeito. A f\u00f3rmula foi concebida para aumentar a sua liga\u00e7\u00e3o f\u00edsica e emocional, pelo que tomar a c\u00e1psula imediatamente antes de uma experi\u00eancia \u00edntima permitir-lhe-\u00e1 desfrutar de todos os benef\u00edcios desta mistura de ervas. N\u00e3o se esque\u00e7a de seguir cuidadosamente as instru\u00e7\u00f5es de dosagem recomendadas para garantir uma experi\u00eancia segura e agrad\u00e1vel. Se procura aumentar a sua sensualidade e explorar novas dimens\u00f5es de prazer, Sexy X Euphoric Sex Caps \u00e9 a escolha ideal.<\/p>\n<h2>Ingredientes de Sexy X Euphoric Sex Caps<\/h2>\n<p>Sexy X Euphoric Sex As c\u00e1psulas s\u00e3o formuladas com uma mistura \u00fanica de ervas, cada uma delas escolhida pela sua capacidade de melhorar as sensa\u00e7\u00f5es f\u00edsicas, aumentar o prazer e criar uma liga\u00e7\u00e3o emocional mais profunda. Os ingredientes principais em cada c\u00e1psula vegetal incluem Damiana 10% (100 mg), que tem sido utilizado durante s\u00e9culos para apoiar a sa\u00fade sexual e aumentar o desejo. GABA (100 mg) \u00e9 inclu\u00eddo pela sua capacidade de promover o relaxamento e reduzir o stress, ajudando-o a estar mais presente e ligado. O Ginkgo Biloba (100 mg) apoia a circula\u00e7\u00e3o, melhorando as sensa\u00e7\u00f5es f\u00edsicas. O extrato Kanna (100 mg) melhora o humor e alivia o stress, aumentando a liga\u00e7\u00e3o emocional. A passiflora (100 mg) \u00e9 conhecida pelos seus efeitos calmantes, permitindo-lhe relaxar e abra\u00e7ar totalmente a experi\u00eancia. O \u00e1cido asc\u00f3rbico (80 mg) e o zinco (10 mg) apoiam a sa\u00fade geral e a energia, melhorando ainda mais a experi\u00eancia geral. Juntos, estes ingredientes trabalham em sinergia para proporcionar uma experi\u00eancia elevada e sensual, desbloqueando novos n\u00edveis de prazer e desejo tanto para si como para o seu parceiro.<\/p>\n<p><strong>Aviso:<\/strong><\/p>\n<p>N\u00e3o utilizar este suplemento alimentar como substituto de um regime alimentar variado. Manter fora do alcance das crian\u00e7as. Utilizar apenas se tiveres mais de 18 anos de idade. N\u00e3o utilizar em combina\u00e7\u00e3o com medicamentos ou outros estimulantes, especialmente se tiver tens\u00e3o arterial alta ou baixa, problemas card\u00edacos, perturba\u00e7\u00f5es da tiroide, doen\u00e7as renais, depress\u00e3o, nervosismo ou problemas mentais\/f\u00edsicos. Evitar o consumo excessivo de \u00e1lcool durante a utiliza\u00e7\u00e3o deste produto. Em caso de d\u00favida, consulta o teu m\u00e9dico.<\/p>","protected":false},"excerpt":{"rendered":"<p><span data-sheets-value=\"{&quot;1&quot;:2,&quot;2&quot;:&quot;Introducing Sexy X Euphoric Sex Caps: Your Pathway to Passion and Ecstasy\\n\\nWelcome to a realm of uncharted sensations and untamed desires \u2013 welcome to Sexy X Euphoric Sex Caps. Crafted with precision, this exclusive herbal blend is your ticket to a journey that awakens your senses and leads you hand in hand through the landscape of love and intimacy. Prepare to be captivated as the effects of Sexy X open doors to euphoria and passion, intertwining physical pleasure with emotional connections in ways you've never imagined.\\n\\nA Symphony of Sensations: Elevate Your Pleasure\\n\\nClose your eyes and envision a world where every touch sends shivers down your spine, every whisper ignites your soul, and every moment becomes a masterpiece of sensation. Sexy X is the catalyst that turns this reverie into reality. A symphony of herbs and carefully chosen elements converge to heighten your experiences. Anticipation mounts as you step into a realm of exploration, where pleasure takes on a whole new dimension.\\n\\nSet Your Desires Free with Sexy X\\n\\nEmbrace your innermost desires without hesitation, courtesy of Sexy X Euphoric Sex Caps. Say farewell to boundaries and let your passions unfurl. Whether you're nurturing an existing flame or igniting a new connection, Sexy X is your guide to a domain where inhibitions melt away and desire reigns supreme.\\n\\nWhy Opt for Sexy X Euphoric Sex Caps?\\n\\nBeyond being just a party pill, Sexy X is a commitment to quality, safety, and satisfaction. Each capsule is a testament to our dedication to delivering an experience that transcends the ordinary. Transform every interaction into an opportunity for profound connection, elevating your journey of intimacy and shared excitement.\\n\\nEmbark on the Unforgettable: Order Sexy X Today\\n\\nReady to redefine your understanding of intimacy and passion? The gateway to unparalleled pleasure is within reach \u2013 Sexy X Euphoric Sex Caps are your companions on this voyage. Delve into a world where sensations are heightened, emotions run deep, and desires are unapologetically indulged. Elevate the moments you hold dear, and imprint memories that stand the test of time. Unveil the magic of Sexy X \u2013 order now and embrace the euphoria that awaits!&quot;}\" data-sheets-userformat=\"{&quot;2&quot;:771,&quot;3&quot;:{&quot;1&quot;:0},&quot;4&quot;:{&quot;1&quot;:2,&quot;2&quot;:16711935},&quot;11&quot;:3,&quot;12&quot;:0}\">Apresentando Sexy X Euphoric Sex Caps: O seu caminho para a paix\u00e3o e Ecstasy. Bem-vindo a um reino de sensa\u00e7\u00f5es desconhecidas e desejos indom\u00e1veis, bem-vindo ao Sexy X Euphoric Sex Caps. Criada com precis\u00e3o, esta mistura exclusiva de ervas \u00e9 o seu bilhete para uma viagem que desperta os seus sentidos e o conduz de m\u00e3os dadas pela paisagem do amor e da intimidade. Prepare-se para ser cativado enquanto os efeitos de Sexy X abrem portas para a euforia e a paix\u00e3o, entrela\u00e7ando o prazer f\u00edsico com liga\u00e7\u00f5es emocionais de formas nunca imaginadas.<\/span><\/p>","protected":false},"featured_media":75400,"template":"","meta":[],"product_brand":[],"product_cat":[408,386,384,412],"product_tag":[],"class_list":{"0":"post-75396","1":"product","2":"type-product","3":"status-publish","4":"has-post-thumbnail","6":"product_cat-dnx","7":"product_cat-party-pills","8":"product_cat-smartshop","9":"product_cat-trippy-pills","10":"product_shipping_class-not-allowed-group-1","12":"first","13":"instock","14":"taxable","15":"shipping-taxable","16":"purchasable","17":"product-type-variable","18":"has-default-attributes"},"_links":{"self":[{"href":"https:\/\/www.headshop.nl\/pt\/wp-json\/wp\/v2\/product\/75396","targetHints":{"allow":["GET"]}}],"collection":[{"href":"https:\/\/www.headshop.nl\/pt\/wp-json\/wp\/v2\/product"}],"about":[{"href":"https:\/\/www.headshop.nl\/pt\/wp-json\/wp\/v2\/types\/product"}],"wp:featuredmedia":[{"embeddable":true,"href":"https:\/\/www.headshop.nl\/pt\/wp-json\/wp\/v2\/media\/75400"}],"wp:attachment":[{"href":"https:\/\/www.headshop.nl\/pt\/wp-json\/wp\/v2\/media?parent=75396"}],"wp:term":[{"taxonomy":"product_brand","embeddable":true,"href":"https:\/\/www.headshop.nl\/pt\/wp-json\/wp\/v2\/product_brand?post=75396"},{"taxonomy":"product_cat","embeddable":true,"href":"https:\/\/www.headshop.nl\/pt\/wp-json\/wp\/v2\/product_cat?post=75396"},{"taxonomy":"product_tag","embeddable":true,"href":"https:\/\/www.headshop.nl\/pt\/wp-json\/wp\/v2\/product_tag?post=75396"}],"curies":[{"name":"wp","href":"https:\/\/api.w.org\/{rel}","templated":true}]}}