{"id":60094,"date":"2023-01-16T12:03:25","date_gmt":"2023-01-16T12:03:25","guid":{"rendered":"https:\/\/www.headshop.nl\/?post_type=product&#038;p=60094"},"modified":"2025-05-23T09:24:32","modified_gmt":"2025-05-23T09:24:32","slug":"cbd-sleep-well-gummies","status":"publish","type":"product","link":"https:\/\/www.headshop.nl\/pt\/cbd-sleep-well-gummies\/","title":{"rendered":"Gomas para dormir bem com CBD"},"content":{"rendered":"<p><strong>CBD Sleep well Gummies:<\/strong><br \/>\nOs problemas de sono s\u00e3o comuns e t\u00eam um grande impacto negativo na sua vida quotidiana. Se sofre de noites mal dormidas, ent\u00e3o deve Dr. Candy CBD Sleep Well Gummies com CBD e melatonina. O CBD \u00e9 conhecido pelas suas propriedades sedativas e analg\u00e9sicas. 1TP374A melatonina \u00e9 uma subst\u00e2ncia que o corpo produz naturalmente e que desempenha um papel na regula\u00e7\u00e3o do ritmo sono-vig\u00edlia.<\/p>\n<p>H\u00e1 poucas coisas mais frustrantes do que ter problemas para dormir. Durante o dia, sente-se sonolento, desconcentrado e irritado por n\u00e3o ter dormido o suficiente. Mas quando vai para a cama \u00e0 noite e quer ter uma noite de sono sem perturba\u00e7\u00f5es, fica acordado de olhos abertos. Talvez a sua mente esteja sempre a girar ou n\u00e3o consiga relaxar fisicamente. Algumas pessoas adormecem, mas acordam subitamente a meio da noite. Quanto mais se tenta adormecer, menos se consegue.<\/p>\n<p>As causas de um padr\u00e3o de sono perturbado podem ser muitas. Por exemplo, o stress e a ansiedade podem ser uma raz\u00e3o para ficar acordado, um ritmo diurno e noturno perturbado ou at\u00e9 mesmo dor. Felizmente, o CBD e a melatonina podem ajudar com muitas destas queixas. S\u00e3o ambas subst\u00e2ncias naturais que ajudam o corpo e a mente a relaxar, tornando mais f\u00e1cil adormecer e dormir melhor. Cada goma Sleep Well cont\u00e9m 10 mg de CBD e 0,3 mg de melatonina.<\/p>\n<p><strong>Utiliza\u00e7\u00e3o:<\/strong><br \/>\nO CBD actua no corpo quando se constr\u00f3i um espelho. Este espelho constr\u00f3i-se tomando Cannabidiol todos os dias. Recomendamos sempre come\u00e7ar a primeira semana com uma ou mais gomas por dia e aumentar se desejar. O CBD tem muitas propriedades positivas. Uma overdose de CBD \u00e9 muito improv\u00e1vel. No entanto, n\u00e3o recomendamos a toma de mais de 100 mg de CBD por dia.<\/p>\n<p><strong>Conselhos de armazenamento:<\/strong><br \/>\nGuardar este produto da Dr. Candy num local fresco e escuro, como um arm\u00e1rio de cozinha, e mant\u00ea-lo fora do alcance das crian\u00e7as.<\/p>\n<p><strong>Ingredientes:<\/strong><br \/>\nGlucose, a\u00e7\u00facar, corantes e aromas naturais, gelatina, \u00e1cido c\u00edtrico, CBD, Melatonina<\/p>\n<p><strong>Aviso:<\/strong><br \/>\nEste produto n\u00e3o \u00e9 adequado para mulheres gr\u00e1vidas e crian\u00e7as.<\/p>","protected":false},"excerpt":{"rendered":"<p>Os doces CBD Sleep Well Gummies s\u00e3o da cole\u00e7\u00e3o de doces Dr. Candy e cont\u00eam CBD. Desfrute da do\u00e7ura e aproveite os muitos benef\u00edcios que o CBD tem para o corpo e a mente. Perfeitas para o intervalo ou apenas porque s\u00e3o saborosas. Dr. Candy \u00e9 a marca quando se trata de doces com CBD, experimente agora.<\/p>","protected":false},"featured_media":58142,"template":"","meta":[],"product_brand":[],"product_cat":[839,297,847],"product_tag":[],"class_list":{"0":"post-60094","1":"product","2":"type-product","3":"status-publish","4":"has-post-thumbnail","6":"product_cat-dr-candy","7":"product_cat-all-products","8":"product_cat-edibles-2","10":"first","11":"instock","12":"taxable","13":"shipping-taxable","14":"purchasable","15":"product-type-variable","16":"has-default-attributes"},"_links":{"self":[{"href":"https:\/\/www.headshop.nl\/pt\/wp-json\/wp\/v2\/product\/60094","targetHints":{"allow":["GET"]}}],"collection":[{"href":"https:\/\/www.headshop.nl\/pt\/wp-json\/wp\/v2\/product"}],"about":[{"href":"https:\/\/www.headshop.nl\/pt\/wp-json\/wp\/v2\/types\/product"}],"wp:featuredmedia":[{"embeddable":true,"href":"https:\/\/www.headshop.nl\/pt\/wp-json\/wp\/v2\/media\/58142"}],"wp:attachment":[{"href":"https:\/\/www.headshop.nl\/pt\/wp-json\/wp\/v2\/media?parent=60094"}],"wp:term":[{"taxonomy":"product_brand","embeddable":true,"href":"https:\/\/www.headshop.nl\/pt\/wp-json\/wp\/v2\/product_brand?post=60094"},{"taxonomy":"product_cat","embeddable":true,"href":"https:\/\/www.headshop.nl\/pt\/wp-json\/wp\/v2\/product_cat?post=60094"},{"taxonomy":"product_tag","embeddable":true,"href":"https:\/\/www.headshop.nl\/pt\/wp-json\/wp\/v2\/product_tag?post=60094"}],"curies":[{"name":"wp","href":"https:\/\/api.w.org\/{rel}","templated":true}]}}