{"id":60090,"date":"2023-01-16T12:03:21","date_gmt":"2023-01-16T12:03:21","guid":{"rendered":"https:\/\/www.headshop.nl\/?post_type=product&#038;p=60090"},"modified":"2025-05-23T09:24:37","modified_gmt":"2025-05-23T09:24:37","slug":"cbd-cannabis-leaves-orange","status":"publish","type":"product","link":"https:\/\/www.headshop.nl\/pt\/cbd-cannabis-leaves-orange\/","title":{"rendered":"CBD Cannabis Folhas Laranja"},"content":{"rendered":"<p><strong>CBD Cannabis Leaves Orange:<\/strong><br \/>\nA Cannabis Leaves Orange da Dr. Candy cont\u00e9m doces deliciosos que s\u00e3o fornecidos com a subst\u00e2ncia CBD! O canabidiol (CBD) desempenha um papel importante como ingrediente ativo principal nestas folhas de cannabis em goma. A subst\u00e2ncia CBD \u00e9 extra\u00edda da planta do c\u00e2nhamo\/cannabis e tem um efeito positivo no corpo e na mente. O canabidiol pode reduzir os n\u00edveis de ansiedade ou stress no corpo e cont\u00e9m poss\u00edveis propriedades anti-inflamat\u00f3rias. A planta da can\u00e1bis est\u00e1 repleta de subst\u00e2ncias valiosas, incluindo terpenos, flavon\u00f3ides e canabin\u00f3ides. Estas subst\u00e2ncias podem ter uma influ\u00eancia positiva tanto no corpo como na mente. O espetro completo da planta de c\u00e2nhamo tamb\u00e9m inclui as subst\u00e2ncias Cannabinol (CBN), Cannabigerol (CBG) e Cannabichromene (CBC). O canabinol pode ter um efeito positivo no sono e no sono. Tamb\u00e9m pode ajudar nas n\u00e1useas. O canabigerol \u00e9 um bloco de constru\u00e7\u00e3o indispens\u00e1vel para os canabin\u00f3ides e cont\u00e9m muitas propriedades antibacterianas. O canabicromeno pode aliviar a dor.<\/p>\n<p>O Cannabis Leaves Orange \u00e9 perfeito para tomar entre as refei\u00e7\u00f5es. Cada uma das folhas de cannabis cont\u00e9m 10 mg de CBD. N\u00e3o vais ficar pedrado ou drogado com estes rebu\u00e7ados. A subst\u00e2ncia THC, que \u00e9 respons\u00e1vel pela sensa\u00e7\u00e3o psicad\u00e9lica da can\u00e1bis, n\u00e3o est\u00e1 presente nestes rebu\u00e7ados. Durante a extra\u00e7\u00e3o do CBD e de outras subst\u00e2ncias espec\u00edficas da planta, a subst\u00e2ncia THC perde-se. Isto significa que estes rebu\u00e7ados n\u00e3o t\u00eam efeitos psicad\u00e9licos. Por isso, podes consumi-los em qualquer lugar e em qualquer altura.<\/p>\n<p><strong>Utiliza\u00e7\u00e3o:<\/strong><br \/>\nO CBD actua no corpo quando um espelho se acumula. Recomendamos sempre que se comece com duas folhas de CBD por dia na primeira semana, e que se aumente a dose conforme desejado. Ao tomar uma folha de can\u00e1bis todos os dias, acumula-se um n\u00edvel de CBD no sangue e, especialmente nessa altura, os efeitos positivos tornam-se muito vis\u00edveis.<\/p>\n<p><strong>Ingredientes:<\/strong><br \/>\nCBD, Glucose, A\u00e7\u00facar Corante natural, Gelatina, \u00c1cido c\u00edtrico.<\/p>\n<p><strong>Conselhos de armazenamento:<\/strong><br \/>\nGuardar este produto da Dr. Candy num local fresco e escuro, como um arm\u00e1rio de cozinha, e mant\u00ea-lo fora do alcance das crian\u00e7as.<\/p>\n<p><strong>Aviso:<\/strong><br \/>\nEste produto n\u00e3o \u00e9 adequado para mulheres gr\u00e1vidas e crian\u00e7as.<\/p>","protected":false},"excerpt":{"rendered":"<p>O rebu\u00e7ado CBD Cannabis Leaves Orange \u00e9 da cole\u00e7\u00e3o de rebu\u00e7ados Dr. Candy e cont\u00e9m CBD. Desfrute da do\u00e7ura e aproveite os muitos benef\u00edcios que o CBD tem para o corpo e a mente. Perfeitos para os intervalos ou apenas porque s\u00e3o saborosos. Dr. Candy \u00e9 a marca quando se trata de doces com CBD, experimente agora.<\/p>","protected":false},"featured_media":58150,"template":"","meta":[],"product_brand":[],"product_cat":[839,297,847],"product_tag":[],"class_list":{"0":"post-60090","1":"product","2":"type-product","3":"status-publish","4":"has-post-thumbnail","6":"product_cat-dr-candy","7":"product_cat-all-products","8":"product_cat-edibles-2","10":"first","11":"instock","12":"taxable","13":"shipping-taxable","14":"purchasable","15":"product-type-variable","16":"has-default-attributes"},"_links":{"self":[{"href":"https:\/\/www.headshop.nl\/pt\/wp-json\/wp\/v2\/product\/60090","targetHints":{"allow":["GET"]}}],"collection":[{"href":"https:\/\/www.headshop.nl\/pt\/wp-json\/wp\/v2\/product"}],"about":[{"href":"https:\/\/www.headshop.nl\/pt\/wp-json\/wp\/v2\/types\/product"}],"wp:featuredmedia":[{"embeddable":true,"href":"https:\/\/www.headshop.nl\/pt\/wp-json\/wp\/v2\/media\/58150"}],"wp:attachment":[{"href":"https:\/\/www.headshop.nl\/pt\/wp-json\/wp\/v2\/media?parent=60090"}],"wp:term":[{"taxonomy":"product_brand","embeddable":true,"href":"https:\/\/www.headshop.nl\/pt\/wp-json\/wp\/v2\/product_brand?post=60090"},{"taxonomy":"product_cat","embeddable":true,"href":"https:\/\/www.headshop.nl\/pt\/wp-json\/wp\/v2\/product_cat?post=60090"},{"taxonomy":"product_tag","embeddable":true,"href":"https:\/\/www.headshop.nl\/pt\/wp-json\/wp\/v2\/product_tag?post=60090"}],"curies":[{"name":"wp","href":"https:\/\/api.w.org\/{rel}","templated":true}]}}