{"id":60080,"date":"2023-01-16T12:03:13","date_gmt":"2023-01-16T12:03:13","guid":{"rendered":"https:\/\/www.headshop.nl\/?post_type=product&#038;p=60080"},"modified":"2025-05-23T09:25:05","modified_gmt":"2025-05-23T09:25:05","slug":"cbd-gummy-bears-mix","status":"publish","type":"product","link":"https:\/\/www.headshop.nl\/pt\/cbd-gummy-bears-mix\/","title":{"rendered":"Mistura de gomas de ursinhos CBD"},"content":{"rendered":"<p><strong>Mistura de ursinhos de goma com CBD:<\/strong><br \/>\nAs Gomas CBD de sabor misto da Dr. Candy s\u00e3o deliciosos rebu\u00e7ados com CBD, que prov\u00e9m da planta da can\u00e1bis\/c\u00e2nhamo. O canabidiol (CBD) \u00e9 o ingrediente ativo destas gomas. A subst\u00e2ncia CBD \u00e9 extra\u00edda do c\u00e2nhamo e tem um efeito positivo no corpo e na mente. O canabidiol pode reduzir os n\u00edveis de ansiedade ou stress no corpo e tem propriedades anti-inflamat\u00f3rias. A planta da can\u00e1bis est\u00e1 repleta de excelentes compostos, incluindo terpenos, flavon\u00f3ides e canabin\u00f3ides. Os CBD Gummy Bears da Dr. Candy s\u00e3o rebu\u00e7ados com uma mistura de diferentes sabores de fruta. Ideais para tomar entre as refei\u00e7\u00f5es!<\/p>\n<p>As gomas CBD cont\u00eam cada uma 5 mg de CBD. N\u00e3o te vai deixar pedrado ou drogado. A subst\u00e2ncia THC, que \u00e9 respons\u00e1vel pela sensa\u00e7\u00e3o psicad\u00e9lica da can\u00e1bis, n\u00e3o est\u00e1 presente nestas gomas. Durante a extra\u00e7\u00e3o do CBD e de outras subst\u00e2ncias \u00fateis da planta, a subst\u00e2ncia THC perde-se. Isto significa que estes rebu\u00e7ados n\u00e3o t\u00eam efeitos psicad\u00e9licos. Assim, pode consumir estes rebu\u00e7ados em qualquer lugar e em qualquer altura. Descobre o poder do CBD Bears Mixed Flavor!<\/p>\n<p><strong>Utiliza\u00e7\u00e3o:<\/strong><br \/>\nO CBD actua no corpo quando se constr\u00f3i um espelho. Este espelho constr\u00f3i-se tomando Cannabidiol todos os dias. Recomendamos sempre que se inicie a primeira semana com um ou dois doces por dia e que se aumente a dose, se assim o desejar. O CBD tem muitas propriedades positivas. Uma overdose de CBD \u00e9 muito improv\u00e1vel. No entanto, n\u00e3o recomendamos a ingest\u00e3o de mais de 100 mg de CBD por dia.<\/p>\n<p><strong>Ingredientes:<\/strong><br \/>\nCBD, Glucose, A\u00e7\u00facar Corante natural, Gelatina, \u00c1cido c\u00edtrico.<\/p>\n<p><strong>Conselhos de armazenamento:<\/strong><br \/>\nGuardar este produto da Dr. Candy num local fresco e escuro, como um arm\u00e1rio de cozinha, e mant\u00ea-lo fora do alcance das crian\u00e7as.<\/p>\n<p><strong>Aviso:<\/strong><br \/>\nEste produto n\u00e3o \u00e9 adequado para mulheres gr\u00e1vidas e crian\u00e7as.<\/p>","protected":false},"excerpt":{"rendered":"<p>A mistura de gomas CBD Gummy Bears \u00e9 da cole\u00e7\u00e3o de gomas Dr. Candy e cont\u00e9m CBD. Desfrute da do\u00e7ura e aproveite os muitos benef\u00edcios que o CBD tem para o corpo e a mente. Perfeitas para os intervalos ou apenas porque s\u00e3o saborosas. Dr. Candy \u00e9 a marca quando se trata de doces com CBD, experimente agora.<\/p>","protected":false},"featured_media":58158,"template":"","meta":[],"product_brand":[],"product_cat":[839,297,847],"product_tag":[],"class_list":{"0":"post-60080","1":"product","2":"type-product","3":"status-publish","4":"has-post-thumbnail","6":"product_cat-dr-candy","7":"product_cat-all-products","8":"product_cat-edibles-2","10":"first","11":"instock","12":"taxable","13":"shipping-taxable","14":"purchasable","15":"product-type-variable","16":"has-default-attributes"},"_links":{"self":[{"href":"https:\/\/www.headshop.nl\/pt\/wp-json\/wp\/v2\/product\/60080","targetHints":{"allow":["GET"]}}],"collection":[{"href":"https:\/\/www.headshop.nl\/pt\/wp-json\/wp\/v2\/product"}],"about":[{"href":"https:\/\/www.headshop.nl\/pt\/wp-json\/wp\/v2\/types\/product"}],"wp:featuredmedia":[{"embeddable":true,"href":"https:\/\/www.headshop.nl\/pt\/wp-json\/wp\/v2\/media\/58158"}],"wp:attachment":[{"href":"https:\/\/www.headshop.nl\/pt\/wp-json\/wp\/v2\/media?parent=60080"}],"wp:term":[{"taxonomy":"product_brand","embeddable":true,"href":"https:\/\/www.headshop.nl\/pt\/wp-json\/wp\/v2\/product_brand?post=60080"},{"taxonomy":"product_cat","embeddable":true,"href":"https:\/\/www.headshop.nl\/pt\/wp-json\/wp\/v2\/product_cat?post=60080"},{"taxonomy":"product_tag","embeddable":true,"href":"https:\/\/www.headshop.nl\/pt\/wp-json\/wp\/v2\/product_tag?post=60080"}],"curies":[{"name":"wp","href":"https:\/\/api.w.org\/{rel}","templated":true}]}}