{"id":60078,"date":"2023-01-16T12:03:11","date_gmt":"2023-01-16T12:03:11","guid":{"rendered":"https:\/\/www.headshop.nl\/?post_type=product&#038;p=60078"},"modified":"2025-05-23T09:25:10","modified_gmt":"2025-05-23T09:25:10","slug":"cbd-lollys-cherry","status":"publish","type":"product","link":"https:\/\/www.headshop.nl\/pt\/cbd-lollys-cherry\/","title":{"rendered":"CBD Lolly's Cherry"},"content":{"rendered":"<p><strong>Pirulito de cereja CBD:<\/strong><br \/>\nO chupa-chupa CBD Cherry da Dr.Candy \u00e9 um doce com um toque \u00fanico! O Cannabidiol ou CBD \u00e9 uma subst\u00e2ncia encontrada na planta do c\u00e2nhamo. Esta subst\u00e2ncia cont\u00e9m muitas propriedades positivas. O CBD n\u00e3o \u00e9 a subst\u00e2ncia que te deixa pedrado ou drogado. No entanto, depois de fumar um charro, o CBD Lollypop pode aumentar a sensa\u00e7\u00e3o de moca. Isto porque, para al\u00e9m do CBD, est\u00e3o tamb\u00e9m presentes outras subst\u00e2ncias espec\u00edficas da planta, como o CBN. O canabinol (CBN) actua como um poderoso sedativo. As quantidades presentes neste chupa-chupa est\u00e3o longe de ser suficientes para sentires isto, a n\u00e3o ser que o mistures com o THC. A fus\u00e3o destas duas subst\u00e2ncias pode ter um efeito poderoso. Os rebu\u00e7ados de CBD s\u00e3o utilizados pelo seu sabor e efeitos \u00fanicos. O sabor de uma gota de \u00f3leo CBD \u00e9 forte e por vezes desagrad\u00e1vel, os rebu\u00e7ados podem ser a solu\u00e7\u00e3o!<\/p>\n<p>Os chupa-chupas Cherry CBD da Dr.Candy cont\u00eam nada menos que 10 mg. CBD. Claro que oferecemos estes chupa-chupas em v\u00e1rios sabores, como cola, ma\u00e7\u00e3, anan\u00e1s, laranja, pina colada e can\u00e1bis. Portanto, h\u00e1 algo para toda a gente.<\/p>\n<p>Os chupa-chupas da Dr.Candy n\u00e3o cont\u00eam a\u00e7\u00facar, pelo que tamb\u00e9m s\u00e3o adequados se estiver a seguir uma dieta sem a\u00e7\u00facar. O ado\u00e7ante escolhido \u00e9 o Isomalt. Quer consumir CBD mas est\u00e1 cansado do sabor desagrad\u00e1vel das gotas de CBD? Ent\u00e3o encomende rapidamente estes deliciosos chupa-chupas da Dr.Candy!<\/p>\n<p><strong>Utiliza\u00e7\u00e3o:<\/strong><br \/>\nO CBD actua no corpo quando existe um espelho. Recomendamos sempre come\u00e7ar com um m\u00e1ximo de 1 ou 2 chupa-chupas de CBD por dia na primeira semana. Ao consumir um chupa-chupa todos os dias, acumula-se um n\u00edvel de CBD no sangue. O CBD tem propriedades fortes. Uma overdose de CBD \u00e9 muito improv\u00e1vel. No entanto, n\u00e3o recomendamos a ingest\u00e3o de mais de 100 mg de CBD por dia.<\/p>\n<p><strong>Ingredientes:<\/strong><br \/>\nCBD, Isomalte (E953), Corante natural.<\/p>\n<p><strong>Conselhos de armazenamento:<\/strong><br \/>\nGuardar este produto da Dr. Candy num local fresco e escuro, como um arm\u00e1rio de cozinha, e mant\u00ea-lo fora do alcance das crian\u00e7as.<\/p>\n<p><strong>Aviso:<\/strong><br \/>\nEste produto n\u00e3o \u00e9 adequado para mulheres gr\u00e1vidas e crian\u00e7as.<\/p>","protected":false},"excerpt":{"rendered":"<p>O rebu\u00e7ado CBD Lolly's Cherry \u00e9 da cole\u00e7\u00e3o de rebu\u00e7ados Dr. Candy e cont\u00e9m CBD. Desfrute da do\u00e7ura e aproveite os muitos benef\u00edcios que o CBD tem para o corpo e a mente. Perfeitos para o intervalo ou apenas porque s\u00e3o saborosos. Dr. Candy \u00e9 a marca quando se trata de doces com CBD, experimente agora.<\/p>","protected":false},"featured_media":58156,"template":"","meta":[],"product_brand":[],"product_cat":[839,297,847],"product_tag":[],"class_list":{"0":"post-60078","1":"product","2":"type-product","3":"status-publish","4":"has-post-thumbnail","6":"product_cat-dr-candy","7":"product_cat-all-products","8":"product_cat-edibles-2","10":"first","11":"instock","12":"taxable","13":"shipping-taxable","14":"purchasable","15":"product-type-variable","16":"has-default-attributes"},"_links":{"self":[{"href":"https:\/\/www.headshop.nl\/pt\/wp-json\/wp\/v2\/product\/60078","targetHints":{"allow":["GET"]}}],"collection":[{"href":"https:\/\/www.headshop.nl\/pt\/wp-json\/wp\/v2\/product"}],"about":[{"href":"https:\/\/www.headshop.nl\/pt\/wp-json\/wp\/v2\/types\/product"}],"wp:featuredmedia":[{"embeddable":true,"href":"https:\/\/www.headshop.nl\/pt\/wp-json\/wp\/v2\/media\/58156"}],"wp:attachment":[{"href":"https:\/\/www.headshop.nl\/pt\/wp-json\/wp\/v2\/media?parent=60078"}],"wp:term":[{"taxonomy":"product_brand","embeddable":true,"href":"https:\/\/www.headshop.nl\/pt\/wp-json\/wp\/v2\/product_brand?post=60078"},{"taxonomy":"product_cat","embeddable":true,"href":"https:\/\/www.headshop.nl\/pt\/wp-json\/wp\/v2\/product_cat?post=60078"},{"taxonomy":"product_tag","embeddable":true,"href":"https:\/\/www.headshop.nl\/pt\/wp-json\/wp\/v2\/product_tag?post=60078"}],"curies":[{"name":"wp","href":"https:\/\/api.w.org\/{rel}","templated":true}]}}