{"id":46305,"date":"2022-07-11T12:07:16","date_gmt":"2022-07-11T12:07:16","guid":{"rendered":"https:\/\/www.headshop.nl\/?post_type=product&#038;p=46305"},"modified":"2025-02-14T14:31:35","modified_gmt":"2025-02-14T14:31:35","slug":"after-e","status":"publish","type":"product","link":"https:\/\/www.headshop.nl\/pt\/after-e\/","title":{"rendered":"After E"},"content":{"rendered":"<h2 data-pm-slice=\"1 1 []\">After E - O melhor suporte Recovery da XTC e MDMA<\/h2>\n<h2>O que \u00e9 o After E?<\/h2>\n<p>After E \u00e9 um suplemento alimentar cuidadosamente formulado, concebido para apoiar a recupera\u00e7\u00e3o do seu corpo ap\u00f3s uma noite intensa. Esta combina\u00e7\u00e3o \u00fanica de um multivitam\u00ednico, uma c\u00e1psula de guaran\u00e1 e duas c\u00e1psulas de L-triptofano ajuda a repor os nutrientes essenciais, a eliminar mais rapidamente as toxinas e a repor os n\u00edveis de vitaminas e minerais no seu estado \u00f3timo. Ao tomar After E no dia seguinte, combinado com uma hidrata\u00e7\u00e3o suficiente, pode ajudar o processo de recupera\u00e7\u00e3o natural do seu corpo.<\/p>\n<h2>Hist\u00f3ria do After E<\/h2>\n<p>O desenvolvimento do After E resulta da necessidade crescente de uma solu\u00e7\u00e3o fi\u00e1vel para apoiar a recupera\u00e7\u00e3o ap\u00f3s um esfor\u00e7o excessivo. Ao longo dos anos, as ind\u00fastrias da sa\u00fade e do bem-estar t\u00eam-se concentrado na cria\u00e7\u00e3o de suplementos que ajudem a restaurar o equil\u00edbrio natural do corpo. O After E foi formulado com base em investiga\u00e7\u00e3o cient\u00edfica sobre os benef\u00edcios de ingredientes-chave como o guaran\u00e1 e o L-Triptofano, que h\u00e1 muito s\u00e3o reconhecidos pelas suas propriedades restauradoras. Ao combinar estes componentes com vitaminas essenciais, After E fornece uma solu\u00e7\u00e3o de recupera\u00e7\u00e3o tudo-em-um que se alinha com os estilos de vida modernos preocupados com a sa\u00fade.<\/p>\n<h2>Como utilizar o After E<\/h2>\n<p>Para obter melhores resultados, tomar After E no dia seguinte a uma sa\u00edda nocturna com 1 a 4 copos de \u00e1gua. O suplemento foi concebido para ser tomado numa dose \u00fanica, composta por um multivitam\u00ednico, uma c\u00e1psula de guaran\u00e1 e duas c\u00e1psulas de L-Triptofano. A hidrata\u00e7\u00e3o \u00e9 fundamental quando se utiliza o After E, uma vez que ajuda a eliminar as toxinas e a apoiar os processos metab\u00f3licos do corpo. Embora o After E seja altamente eficaz na reposi\u00e7\u00e3o de nutrientes, manter uma dieta equilibrada e descansar o suficiente ir\u00e1 melhorar ainda mais a recupera\u00e7\u00e3o.<\/p>\n<h2>Ingredientes de After E<\/h2>\n<p>After E cont\u00e9m uma poderosa mistura de nutrientes essenciais para apoiar a recupera\u00e7\u00e3o do seu corpo. O multivitam\u00ednico fornece vitaminas e minerais vitais para repor os n\u00edveis esgotados. Guarana, uma fonte natural de cafe\u00edna, ajuda a promover o estado de alerta e a reduzir a fadiga. O L-Triptofano, um amino\u00e1cido essencial, desempenha um papel crucial na produ\u00e7\u00e3o de serotonina, que pode melhorar o humor e o relaxamento. Estes ingredientes trabalham em conjunto para oferecer uma solu\u00e7\u00e3o de recupera\u00e7\u00e3o abrangente, fazendo do After E um suplemento obrigat\u00f3rio para quem quer apoiar o seu bem-estar.<\/p>\n<p><strong>Aviso<\/strong> Trata-se de um suplemento alimentar e deve ser utilizado como tal. N\u00e3o utilizar o After E como substituto de um regime alimentar variado. A dose recomendada \u00e9 a totalidade do conte\u00fado da embalagem. N\u00e3o exceder a dose di\u00e1ria recomendada. Se tiver algum problema de sa\u00fade subjacente ou se estiver a tomar medicamentos, consulte um profissional de sa\u00fade antes de usar.<\/p>\n<p>&nbsp;<\/p>","protected":false},"excerpt":{"rendered":"<div class=\"product-short-description\">\n<p>Sentes-te cansado e em baixo depois de uma festa, depois de teres bebido demasiado ou de teres tomado demasiadas drogas como MDMA ou XTC? O After-E est\u00e1 cheio de vitaminas e amino\u00e1cidos que ir\u00e3o recuperar o teu humor e o teu corpo de volta ao normal.<\/p>\n<\/div>","protected":false},"featured_media":46319,"template":"","meta":[],"product_brand":[],"product_cat":[460,297,461,455,463,456,464],"product_tag":[],"class_list":{"0":"post-46305","1":"product","2":"type-product","3":"status-publish","4":"has-post-thumbnail","6":"product_cat-recovery","7":"product_cat-all-products","8":"product_cat-detox","9":"product_cat-healthshop","10":"product_cat-sport","11":"product_cat-supplements","12":"product_cat-vitamins","14":"first","15":"instock","16":"taxable","17":"shipping-taxable","18":"purchasable","19":"product-type-variable","20":"has-default-attributes"},"_links":{"self":[{"href":"https:\/\/www.headshop.nl\/pt\/wp-json\/wp\/v2\/product\/46305","targetHints":{"allow":["GET"]}}],"collection":[{"href":"https:\/\/www.headshop.nl\/pt\/wp-json\/wp\/v2\/product"}],"about":[{"href":"https:\/\/www.headshop.nl\/pt\/wp-json\/wp\/v2\/types\/product"}],"wp:featuredmedia":[{"embeddable":true,"href":"https:\/\/www.headshop.nl\/pt\/wp-json\/wp\/v2\/media\/46319"}],"wp:attachment":[{"href":"https:\/\/www.headshop.nl\/pt\/wp-json\/wp\/v2\/media?parent=46305"}],"wp:term":[{"taxonomy":"product_brand","embeddable":true,"href":"https:\/\/www.headshop.nl\/pt\/wp-json\/wp\/v2\/product_brand?post=46305"},{"taxonomy":"product_cat","embeddable":true,"href":"https:\/\/www.headshop.nl\/pt\/wp-json\/wp\/v2\/product_cat?post=46305"},{"taxonomy":"product_tag","embeddable":true,"href":"https:\/\/www.headshop.nl\/pt\/wp-json\/wp\/v2\/product_tag?post=46305"}],"curies":[{"name":"wp","href":"https:\/\/api.w.org\/{rel}","templated":true}]}}