{"id":46109,"date":"2022-07-04T10:45:41","date_gmt":"2022-07-04T10:45:41","guid":{"rendered":"https:\/\/www.headshop.nl\/?post_type=product&#038;p=46109"},"modified":"2025-05-23T09:28:39","modified_gmt":"2025-05-23T09:28:39","slug":"cola-nut-capsules","status":"publish","type":"product","link":"https:\/\/www.headshop.nl\/pt\/cola-nut-capsules\/","title":{"rendered":"Cola Nut Capsules"},"content":{"rendered":"<h2>O que s\u00e3o Cola Nut Capsules?<\/h2>\n<p>Cola Nut Capsules s\u00e3o um <strong>suplemento energ\u00e9tico natural<\/strong> feito a partir das sementes da <strong>Cola Nitida<\/strong> tamb\u00e9m conhecida como Kolanoot. Esta \u00e1rvore tropical, aparentada com o cacau, cresce at\u00e9 <strong>20 metros de altura<\/strong> nas florestas tropicais de \u00c1frica. As sementes s\u00e3o naturalmente ricas em <strong>cafe\u00edna<\/strong>que proporciona os efeitos estimulantes encontrados nas c\u00e1psulas Cola Nut. Semelhante ao caf\u00e9, este <strong>estimulante natural<\/strong> ajuda <strong>combate a fadiga, melhora a concentra\u00e7\u00e3o e aumenta o estado de alerta mental<\/strong>.<\/p>\n<p>Cada c\u00e1psula fornece uma <strong>controlado e c\u00f3modo<\/strong> dose de Cola Nut, oferecendo uma <strong>aumento de energia limpo e natural<\/strong> sem os a\u00e7\u00facares adicionados que se encontram em muitas bebidas energ\u00e9ticas. Os benef\u00edcios do Cola Nut incluem <strong>maior resist\u00eancia, maior concentra\u00e7\u00e3o e menor cansa\u00e7o<\/strong>, o que o torna um excelente complemento para o seu <strong>rotina di\u00e1ria de bem-estar<\/strong>.<\/p>\n<h2>Hist\u00f3ria do Cola Nut<\/h2>\n<p>Cola Nut tem sido um <strong>cultura e medicina<\/strong> em \u00c1frica durante s\u00e9culos. Tradicionalmente, as tribos africanas <strong>mastigou as sementes<\/strong> para manter a energia durante <strong>viagens longas ou tarefas fisicamente exigentes<\/strong>. Era apreciada pela sua capacidade de <strong>aumenta a resist\u00eancia, melhora a concentra\u00e7\u00e3o e reduz a fadiga<\/strong>.<\/p>\n<p>O Cola Nut ganhou reconhecimento mundial quando se tornou um <strong>ingrediente-chave na f\u00f3rmula original da Coca-Cola<\/strong>contribuindo para a <strong>teor natural de cafe\u00edna<\/strong>. Embora os refrigerantes modernos utilizem atualmente cafe\u00edna sint\u00e9tica, o Cola Nut continua a ser um ingrediente popular em <strong>suplementos de ervas e produtos para aumentar a energia<\/strong>. A sua capacidade natural de <strong>estimular e melhorar a concentra\u00e7\u00e3o<\/strong> continua a fazer dela uma alternativa procurada \u00e0s fontes de energia artificiais.<\/p>\n<h2>Como utilizar o Cola Nut Capsules<\/h2>\n<p>Para melhores resultados, <strong>tomar duas c\u00e1psulas com um copo de \u00e1gua<\/strong> uma vez por dia. Para evitar perturba\u00e7\u00f5es do sono, recomenda-se <strong>consumir as c\u00e1psulas de Cola Nut de manh\u00e3 ou ao in\u00edcio da tarde<\/strong> devido \u00e0 sua <strong>elevado teor de cafe\u00edna<\/strong>. Esta dosagem controlada garante uma <strong>liberta\u00e7\u00e3o constante de energia<\/strong> sem consumo excessivo de cafe\u00edna.<\/p>\n<p>Se \u00e9 novo no Cola Nut ou \u00e9 sens\u00edvel \u00e0 cafe\u00edna, considere <strong>come\u00e7ar com uma dose mais baixa<\/strong> para avaliar a rea\u00e7\u00e3o do seu organismo. Como qualquer outro suplemento, <strong>utiliza\u00e7\u00e3o coerente<\/strong> \u00e9 fundamental para usufruir de todos os seus benef\u00edcios, incluindo <strong>maior concentra\u00e7\u00e3o, energia sustentada e clareza mental ao longo do dia<\/strong>.<\/p>\n<p>Para al\u00e9m de aumentar a energia, o Cola Nut pode tamb\u00e9m contribuir para <strong>gest\u00e3o do peso<\/strong>. O seu teor de cafe\u00edna pode ajudar <strong>aumenta o metabolismo e suprime o apetite<\/strong>, tornando-o um complemento \u00fatil para uma <strong>dieta equilibrada e estilo de vida ativo<\/strong>.<\/p>\n<h2>Ingredientes de Cola Nut Capsules<\/h2>\n<p>Cada <strong>Indian Elements Cola Nut C\u00e1psula<\/strong> cont\u00e9m um \u00fanico e poderoso ingrediente: <strong>Cola Nitida<\/strong>. Este ingrediente natural prov\u00e9m das sementes da <strong>F\u00e1brica de Cola Nitida<\/strong>, natural de <strong>\u00c1frica tropical<\/strong>. As sementes s\u00e3o ricas em <strong>cafe\u00edna<\/strong>, que \u00e9 o <strong>composto ativo prim\u00e1rio<\/strong> respons\u00e1vel pelo Cola Nut <strong>efeitos estimulantes<\/strong>.<\/p>\n<p>A cafe\u00edna actua da seguinte forma <strong>estimular o sistema nervoso central<\/strong>, ajudando a <strong>aumenta o estado de alerta, melhora a concentra\u00e7\u00e3o e combate a fadiga<\/strong>. Al\u00e9m disso, o Cola Nut cont\u00e9m <strong>outros compostos ben\u00e9ficos<\/strong> que podem apoiar <strong>n\u00edveis de energia e metabolismo<\/strong>. Isto torna-o um <strong>alternativa natural e eficaz<\/strong> aos estimulantes sint\u00e9ticos presentes nas bebidas energ\u00e9ticas comerciais.<\/p>\n<p>Indian Elements Cola Nut Capsules s\u00e3o <strong>100% natural, vegan e sem aditivos ou conservantes artificiais<\/strong>, assegurando que recebe um <strong>produto puro e de qualidade<\/strong> que suporta um <strong>estilo de vida limpo e saud\u00e1vel<\/strong>.<\/p>\n<p><strong>Aviso<\/strong><\/p>\n<ul>\n<li><strong>Apenas para adultos com 18 anos ou mais.<\/strong><\/li>\n<li><strong>Manter fora do alcance das crian\u00e7as.<\/strong><\/li>\n<li>N\u00e3o utilizar o Cola Nut em combina\u00e7\u00e3o com <strong>Inibidores da MAO<\/strong>.<\/li>\n<li>N\u00e3o recomendado para pessoas com <strong>problemas renais ou card\u00edacos, tens\u00e3o arterial alta ou baixa, ou diabetes<\/strong>.<\/li>\n<li>Evitar a utiliza\u00e7\u00e3o sob a influ\u00eancia de <strong>medicamentos, drogas ou \u00e1lcool<\/strong>.<\/li>\n<li>Consultar sempre um <strong>prestador de cuidados de sa\u00fade<\/strong> antes de iniciar qualquer novo suplemento.<\/li>\n<li>Este produto \u00e9 um <strong>suplemento alimentar<\/strong> e deve ser utilizado como parte de um <strong>dieta equilibrada<\/strong>.<\/li>\n<li><strong>N\u00e3o utilizar se o selo estiver quebrado.<\/strong><\/li>\n<\/ul>","protected":false},"excerpt":{"rendered":"<p>As c\u00e1psulas Cola Nut da Indian Elements d\u00e3o-lhe um impulso energ\u00e9tico totalmente natural. Este efeito \u00e9 criado pela cafe\u00edna contida nesta erva. O suplemento pode, entre outras coisas, melhorar a concentra\u00e7\u00e3o e combater a fadiga. Est\u00e1 a trabalhar para perder peso? Aqui tamb\u00e9m, o Cola Nut pode fornecer suporte de v\u00e1rias maneiras. A perda de peso pode ser um pouco mais r\u00e1pida e tamb\u00e9m ser\u00e1 mais f\u00e1cil de manter.<\/p>","protected":false},"featured_media":82097,"template":"","meta":[],"product_brand":[],"product_cat":[814,297,455,389,457,407,384,463,456],"product_tag":[],"class_list":{"0":"post-46109","1":"product","2":"type-product","3":"status-publish","4":"has-post-thumbnail","6":"product_cat-indian-elements","7":"product_cat-all-products","8":"product_cat-healthshop","9":"product_cat-herbs","10":"product_cat-herbs-healthshop","11":"product_cat-medicinal-herbs","12":"product_cat-smartshop","13":"product_cat-sport","14":"product_cat-supplements","16":"first","17":"instock","18":"taxable","19":"shipping-taxable","20":"purchasable","21":"product-type-variable","22":"has-default-attributes"},"_links":{"self":[{"href":"https:\/\/www.headshop.nl\/pt\/wp-json\/wp\/v2\/product\/46109","targetHints":{"allow":["GET"]}}],"collection":[{"href":"https:\/\/www.headshop.nl\/pt\/wp-json\/wp\/v2\/product"}],"about":[{"href":"https:\/\/www.headshop.nl\/pt\/wp-json\/wp\/v2\/types\/product"}],"wp:featuredmedia":[{"embeddable":true,"href":"https:\/\/www.headshop.nl\/pt\/wp-json\/wp\/v2\/media\/82097"}],"wp:attachment":[{"href":"https:\/\/www.headshop.nl\/pt\/wp-json\/wp\/v2\/media?parent=46109"}],"wp:term":[{"taxonomy":"product_brand","embeddable":true,"href":"https:\/\/www.headshop.nl\/pt\/wp-json\/wp\/v2\/product_brand?post=46109"},{"taxonomy":"product_cat","embeddable":true,"href":"https:\/\/www.headshop.nl\/pt\/wp-json\/wp\/v2\/product_cat?post=46109"},{"taxonomy":"product_tag","embeddable":true,"href":"https:\/\/www.headshop.nl\/pt\/wp-json\/wp\/v2\/product_tag?post=46109"}],"curies":[{"name":"wp","href":"https:\/\/api.w.org\/{rel}","templated":true}]}}