{"id":46107,"date":"2022-07-04T10:45:36","date_gmt":"2022-07-04T10:45:36","guid":{"rendered":"https:\/\/www.headshop.nl\/?post_type=product&#038;p=46107"},"modified":"2025-05-23T09:28:45","modified_gmt":"2025-05-23T09:28:45","slug":"absinth-capsules","status":"publish","type":"product","link":"https:\/\/www.headshop.nl\/pt\/absinth-capsules\/","title":{"rendered":"Absinth Capsules"},"content":{"rendered":"<h2>O que \u00e9 o Absinth?<\/h2>\n<p>A Absinth, feita a partir da Artemisia Absinthium (tamb\u00e9m conhecida como Alsemkruid ou Absinthe), \u00e9 uma erva conhecida pelas suas utiliza\u00e7\u00f5es hist\u00f3ricas e medicinais. Esta planta \u00e9 conhecida pelo seu sabor amargo carater\u00edstico e, embora seja mais famosa como ingrediente da bebida alco\u00f3lica Absinthe, os seus benef\u00edcios v\u00e3o muito al\u00e9m disso. A erva apoia a digest\u00e3o saud\u00e1vel, estimulando o apetite e promovendo a sa\u00fade gastrointestinal. Al\u00e9m disso, o Absinth \u00e9 reconhecido pelos seus efeitos calmantes e relaxantes. A hist\u00f3ria da planta \u00e9 rica em hist\u00f3rias de civiliza\u00e7\u00f5es antigas que a utilizavam para v\u00e1rios fins medicinais e, nos tempos modernos, \u00e9 procurada pelas suas propriedades naturais. Conhecida pelo seu potencial de aumento da criatividade, a Absinth foi mesmo associada a efeitos alucinog\u00e9nios quando combinada com \u00e1lcool, o que a tornou popular entre os artistas no passado. Atualmente, \u00e9 apreciada pelos seus benef\u00edcios hol\u00edsticos, incluindo a sua capacidade de ajudar no relaxamento e na clareza mental.<\/p>\n<h2>Hist\u00f3ria do Absinth<\/h2>\n<p>O Absinth tem uma longa hist\u00f3ria, cujas ra\u00edzes remontam aos tempos antigos. Os gregos e os romanos foram dos primeiros a reconhecer as suas qualidades medicinais, utilizando-o para tratar uma variedade de doen\u00e7as e promover a sa\u00fade. Durante esses tempos, os viajantes colocavam frequentemente Absinth nos seus sapatos para aliviar a dor nos p\u00e9s e prevenir infec\u00e7\u00f5es. Com o passar dos s\u00e9culos, o Absinth tornou-se mais conhecido, especialmente no s\u00e9culo XIX, quando se tornou o principal ingrediente da bebida alco\u00f3lica Absinthe. O Absinthe era famoso pelas suas propriedades estimulantes e diz-se que muitos artistas de renome, como Van Gogh e Picasso, o consumiram devido aos seus supostos efeitos estimulantes da criatividade. No entanto, a reputa\u00e7\u00e3o da erva ficou manchada devido a preocupa\u00e7\u00f5es com os seus efeitos psicoactivos, o que levou a um per\u00edodo de proibi\u00e7\u00f5es. Estas proibi\u00e7\u00f5es acabaram por ser levantadas quando se determinou que a erva n\u00e3o era t\u00e3o t\u00f3xica como se pensava inicialmente. O Absinth \u00e9 atualmente considerado um suplemento natural com uma variedade de benef\u00edcios, continuando a cativar pessoas em todo o mundo.<\/p>\n<h2>Como utilizar o Absinth<\/h2>\n<p>O uso do Absinth \u00e9 simples, mas \u00e9 importante us\u00e1-lo com cautela. A dose recomendada \u00e9 de 1 grama por dia, que pode ser consumida de v\u00e1rias formas, como ch\u00e1, c\u00e1psulas ou tinturas. O sabor amargo do Absinth \u00e9 ben\u00e9fico para a digest\u00e3o, estimula\u00e7\u00e3o do apetite e sa\u00fade gastrointestinal em geral. Tamb\u00e9m proporciona uma sensa\u00e7\u00e3o relaxante, tornando-o uma \u00f3ptima op\u00e7\u00e3o para descontrair no final de um longo dia. No entanto, \u00e9 essencial n\u00e3o usar o Absinth em excesso, pois pode causar efeitos alucinat\u00f3rios, especialmente quando combinado com \u00e1lcool. Para quem procura relaxar ou aumentar a criatividade, o Absinth pode ser um suplemento \u00fatil para apoiar estes objectivos. Tem sempre o cuidado de evitar actividades como conduzir sob a influ\u00eancia de \u00e1lcool, e limita a utiliza\u00e7\u00e3o a doses ocasionais. Segue as instru\u00e7\u00f5es de dosagem recomendadas e observa como o teu corpo reage a esta erva.<\/p>\n<h2>Ingredientes de Absinth<\/h2>\n<p>O ingrediente principal do Indian Elements' Absinth \u00e9 a Artemisia Absinthium, tamb\u00e9m conhecida como Alsemkruid ou Absinthe. Esta erva \u00e9 rica em compostos naturais, incluindo subst\u00e2ncias amargas que estimulam a digest\u00e3o, aumentam o apetite e promovem a sa\u00fade gastrointestinal. O Absinthe tamb\u00e9m cont\u00e9m tujona, que outrora se pensava ser prejudicial, mas que agora se sabe que contribui para os efeitos psicoactivos da erva. Historicamente, era mais comummente associada \u00e0 bebida Absinthe, mas os seus benef\u00edcios para a sa\u00fade v\u00e3o muito al\u00e9m disso. O amargor da erva \u00e9 conhecido por acalmar o est\u00f4mago, aliviar o desconforto digestivo e criar uma sensa\u00e7\u00e3o de relaxamento. O Indian Elements' Absinth \u00e9 cuidadosamente obtido para garantir que as propriedades potentes da planta s\u00e3o preservadas. Este produto natural e vegan \u00e9 um complemento perfeito para a sua rotina de bem-estar, apoiando o bem-estar f\u00edsico e mental.<\/p>\n<p><strong>Aviso<\/strong><br \/>\nPara utiliza\u00e7\u00e3o exclusiva por pessoas com idade igual ou superior a 18 anos. Manter fora do alcance das crian\u00e7as.<br \/>\nEvitar a utiliza\u00e7\u00e3o regular deste produto. N\u00e3o conduzir ou operar m\u00e1quinas sob a influ\u00eancia de Absinth. Pessoas com problemas card\u00edacos ou renais, tens\u00e3o arterial alta ou baixa, diabetes ou que estejam a tomar medicamentos n\u00e3o devem usar esta erva. O Absinth n\u00e3o \u00e9 um medicamento; \u00e9 um suplemento alimentar e deve ser usado em conformidade. N\u00e3o comprar se o selo estiver quebrado.<\/p>","protected":false},"excerpt":{"rendered":"<p>As c\u00e1psulas Absinth da Indian Elements cont\u00eam um extrato da erva Absinto. Esta planta adquiriu um estatuto quase m\u00edtico ao longo dos s\u00e9culos. Conhecemos a erva principalmente pela infame bebida alco\u00f3lica Absinth, que era popular entre v\u00e1rios pintores famosos. No entanto, a erva de absinto \u00e9 utilizada de muitas outras formas at\u00e9 aos dias de hoje. Tem algumas propriedades especiais.<\/p>","protected":false},"featured_media":82100,"template":"","meta":[],"product_brand":[],"product_cat":[814,297,455,389,457,407,384,463,456],"product_tag":[],"class_list":{"0":"post-46107","1":"product","2":"type-product","3":"status-publish","4":"has-post-thumbnail","6":"product_cat-indian-elements","7":"product_cat-all-products","8":"product_cat-healthshop","9":"product_cat-herbs","10":"product_cat-herbs-healthshop","11":"product_cat-medicinal-herbs","12":"product_cat-smartshop","13":"product_cat-sport","14":"product_cat-supplements","16":"first","17":"instock","18":"taxable","19":"shipping-taxable","20":"purchasable","21":"product-type-variable","22":"has-default-attributes"},"_links":{"self":[{"href":"https:\/\/www.headshop.nl\/pt\/wp-json\/wp\/v2\/product\/46107","targetHints":{"allow":["GET"]}}],"collection":[{"href":"https:\/\/www.headshop.nl\/pt\/wp-json\/wp\/v2\/product"}],"about":[{"href":"https:\/\/www.headshop.nl\/pt\/wp-json\/wp\/v2\/types\/product"}],"wp:featuredmedia":[{"embeddable":true,"href":"https:\/\/www.headshop.nl\/pt\/wp-json\/wp\/v2\/media\/82100"}],"wp:attachment":[{"href":"https:\/\/www.headshop.nl\/pt\/wp-json\/wp\/v2\/media?parent=46107"}],"wp:term":[{"taxonomy":"product_brand","embeddable":true,"href":"https:\/\/www.headshop.nl\/pt\/wp-json\/wp\/v2\/product_brand?post=46107"},{"taxonomy":"product_cat","embeddable":true,"href":"https:\/\/www.headshop.nl\/pt\/wp-json\/wp\/v2\/product_cat?post=46107"},{"taxonomy":"product_tag","embeddable":true,"href":"https:\/\/www.headshop.nl\/pt\/wp-json\/wp\/v2\/product_tag?post=46107"}],"curies":[{"name":"wp","href":"https:\/\/api.w.org\/{rel}","templated":true}]}}