{"id":46005,"date":"2022-07-04T10:15:52","date_gmt":"2022-07-04T10:15:52","guid":{"rendered":"https:\/\/www.headshop.nl\/?post_type=product&#038;p=46005"},"modified":"2025-06-06T06:25:25","modified_gmt":"2025-06-06T06:25:25","slug":"mitragyna-hirsuta","status":"publish","type":"product","link":"https:\/\/www.headshop.nl\/pt\/mitragyna-hirsuta\/","title":{"rendered":"Mitragyna Hirsuta"},"content":{"rendered":"<h2 data-pm-slice=\"1 1 []\">O que \u00e9 o Mitragyna Hirsuta?<\/h2>\n<p>Mitragyna Hirsuta \u00e9 uma planta nativa do Sudeste Asi\u00e1tico, que se desenvolve principalmente na Thail\u00e2ndia, Camboja e Vietname. Pertence \u00e0 mesma fam\u00edlia bot\u00e2nica que a Kratom (Mitragyna Speciosa), mas tem um perfil qu\u00edmico distinto. Esta erva tem sido tradicionalmente utilizada pelos seus efeitos energizantes e calmantes suaves, tornando-a uma op\u00e7\u00e3o preferida para quem procura uma experi\u00eancia equilibrada e natural.<\/p>\n<p>O Mitragyna Hirsuta cont\u00e9m alcal\u00f3ides activos que interagem com os receptores do corpo para proporcionar uma sensa\u00e7\u00e3o calmante sem sobrecarregar os sentidos. Devido a estas propriedades, ganhou uma aten\u00e7\u00e3o generalizada como suplemento natural de bem-estar.<\/p>\n<div><\/div>\n<h2>Hist\u00f3ria do Mitragyna Hirsuta<\/h2>\n<p>O Mitragyna Hirsuta \u00e9 parte integrante da medicina tradicional do sudeste asi\u00e1tico h\u00e1 s\u00e9culos. As comunidades locais preparavam-no frequentemente em ch\u00e1 ou mastigavam as folhas para experimentar os seus benef\u00edcios relaxantes e energizantes. Na Thail\u00e2ndia, onde o Kratom enfrentava fortes restri\u00e7\u00f5es, o Mitragyna Hirsuta tornou-se uma alternativa popular gra\u00e7as aos seus efeitos semelhantes, mas mais suaves.<\/p>\n<p>\u00c0 medida que a sua reputa\u00e7\u00e3o se espalhou, os entusiastas das ervas fora da \u00c1sia descobriram os seus potenciais benef\u00edcios. Atualmente, o Mitragyna Hirsuta \u00e9 aceite em todo o mundo como um suplemento natural para quem procura um aumento moderado de energia e relaxamento sem estimula\u00e7\u00e3o excessiva.<\/p>\n<div><\/div>\n<h2>Como utilizar o Mitragyna Hirsuta<\/h2>\n<p>O Mitragyna Hirsuta pode ser consumido de v\u00e1rias formas, dependendo das prefer\u00eancias individuais. Um dos m\u00e9todos mais comuns \u00e9 preparar um ch\u00e1, mergulhando 20 gramas da erva seca em \u00e1gua quente durante 10-15 minutos. Isto permite obter um sabor agrad\u00e1vel e suave de ervas. Algumas pessoas misturam-na em sumos ou batidos para disfar\u00e7ar o seu sabor a terra.<\/p>\n<p>Em alternativa, as folhas secas podem ser mastigadas, ou a erva pode ser consumida em p\u00f3. Como o Mitragyna Hirsuta tem efeitos suaves, pode ser tomado durante o dia sem causar sonol\u00eancia excessiva, o que o torna ideal tanto para relaxar como para se concentrar.<\/p>\n<div><\/div>\n<h2>Ingredientes de Mitragyna Hirsuta<\/h2>\n<p>Este produto \u00e9 composto por um ingrediente puro: Mitragyna Hirsuta (Kra Thum Khok). \u00c9 100% vegan, sem aditivos artificiais e de origem natural.<\/p>\n<p>A Indian Elements est\u00e1 empenhada em fornecer produtos \u00e0 base de plantas de alta qualidade, garantindo a pureza e a pot\u00eancia em cada embalagem. A sua composi\u00e7\u00e3o totalmente natural faz do Mitragyna Hirsuta uma excelente escolha para quem prefere suplementos limpos e \u00e0 base de plantas.<\/p>\n<div><\/div>\n<p><strong>Aviso:<\/strong><br \/>\nEste produto destina-se a adultos (18+). Manter fora do alcance das crian\u00e7as. N\u00e3o utilizar o Mitragyna Hirsuta em combina\u00e7\u00e3o com inibidores da MAO. N\u00e3o \u00e9 adequado para pessoas com problemas renais ou card\u00edacos, tens\u00e3o arterial alta ou baixa, diabetes ou pessoas sob a influ\u00eancia de medicamentos, drogas ou \u00e1lcool. Trata-se de um suplemento alimentar e deve ser utilizado como tal. N\u00e3o comprar ou consumir se o selo estiver quebrado.<\/p>\n<p>Conservar num local fresco e seco, longe da luz solar direta, para preservar a sua frescura e pot\u00eancia.<\/p>","protected":false},"excerpt":{"rendered":"<p data-pm-slice=\"1 1 []\">Mitragyna Hirsuta, tamb\u00e9m conhecido como Kra Thum Khok, \u00e9 um suplemento natural \u00e0 base de plantas valorizado pelos seus efeitos duplamente estimulantes e calmantes. Esta erva vers\u00e1til \u00e9 muito apreciada por quem procura relaxamento e um aumento de energia de uma forma natural.<\/p>","protected":false},"featured_media":82109,"template":"","meta":[],"product_brand":[],"product_cat":[814,297,391,455,457,389,407,406,396,405,384],"product_tag":[],"class_list":{"0":"post-46005","1":"product","2":"type-product","3":"status-publish","4":"has-post-thumbnail","6":"product_cat-indian-elements","7":"product_cat-all-products","8":"product_cat-extracts","9":"product_cat-healthshop","10":"product_cat-herbs-healthshop","11":"product_cat-herbs","12":"product_cat-medicinal-herbs","13":"product_cat-psychedelic-herbs","14":"product_cat-relax","15":"product_cat-relax-herbs","16":"product_cat-smartshop","17":"product_shipping_class-not-allowed-group-1","19":"first","20":"instock","21":"taxable","22":"shipping-taxable","23":"purchasable","24":"product-type-variable","25":"has-default-attributes"},"_links":{"self":[{"href":"https:\/\/www.headshop.nl\/pt\/wp-json\/wp\/v2\/product\/46005","targetHints":{"allow":["GET"]}}],"collection":[{"href":"https:\/\/www.headshop.nl\/pt\/wp-json\/wp\/v2\/product"}],"about":[{"href":"https:\/\/www.headshop.nl\/pt\/wp-json\/wp\/v2\/types\/product"}],"wp:featuredmedia":[{"embeddable":true,"href":"https:\/\/www.headshop.nl\/pt\/wp-json\/wp\/v2\/media\/82109"}],"wp:attachment":[{"href":"https:\/\/www.headshop.nl\/pt\/wp-json\/wp\/v2\/media?parent=46005"}],"wp:term":[{"taxonomy":"product_brand","embeddable":true,"href":"https:\/\/www.headshop.nl\/pt\/wp-json\/wp\/v2\/product_brand?post=46005"},{"taxonomy":"product_cat","embeddable":true,"href":"https:\/\/www.headshop.nl\/pt\/wp-json\/wp\/v2\/product_cat?post=46005"},{"taxonomy":"product_tag","embeddable":true,"href":"https:\/\/www.headshop.nl\/pt\/wp-json\/wp\/v2\/product_tag?post=46005"}],"curies":[{"name":"wp","href":"https:\/\/api.w.org\/{rel}","templated":true}]}}