{"id":46004,"date":"2022-07-04T10:15:51","date_gmt":"2022-07-04T10:15:51","guid":{"rendered":"https:\/\/www.headshop.nl\/?post_type=product&#038;p=46004"},"modified":"2025-06-06T06:24:53","modified_gmt":"2025-06-06T06:24:53","slug":"mitragyna-javanica","status":"publish","type":"product","link":"https:\/\/www.headshop.nl\/pt\/mitragyna-javanica\/","title":{"rendered":"Mitragyna Javanica"},"content":{"rendered":"<h2 data-pm-slice=\"1 1 []\">O que \u00e9 o Mitragyna Javanica?<\/h2>\n<p><strong>Mitragyna Javanica<\/strong> \u00e9 uma planta tropical que pertence \u00e0 mesma fam\u00edlia bot\u00e2nica da Mitragyna Speciosa, tamb\u00e9m conhecida como Kratom. Nativa do sudeste asi\u00e1tico, esta erva \u00e9 tradicionalmente apreciada pelas suas propriedades estimulantes e calmantes. Ao contr\u00e1rio do Kratom, <strong>Mitragyna Javanica<\/strong> cont\u00e9m alcal\u00f3ides distintos, oferecendo uma alternativa legal e mais suave que aumenta a energia e o bem-estar sem fortes efeitos sedativos.<\/p>\n<p>As folhas de <strong>Mitragyna Javanica<\/strong> s\u00e3o cuidadosamente colhidas, secas e mo\u00eddas num p\u00f3 fino para uma utiliza\u00e7\u00e3o vers\u00e1til. Muitas pessoas escolhem este suplemento de ervas pela sua capacidade de promover o relaxamento e a concentra\u00e7\u00e3o. Sendo 100% natural e vegan, complementa na perfei\u00e7\u00e3o um estilo de vida preocupado com a sa\u00fade.<\/p>\n<div><\/div>\n<h2>Hist\u00f3ria do Mitragyna Javanica<\/h2>\n<p>A utiliza\u00e7\u00e3o de <strong>Mitragyna Javanica<\/strong> A planta da cana-de-a\u00e7\u00facar remonta a s\u00e9culos, particularmente na Thailand, Mal\u00e1sia e Indon\u00e9sia, onde era tradicionalmente consumida pelos seus subtis efeitos euf\u00f3ricos e energizantes. As comunidades locais dependiam desta planta para aumentar a resist\u00eancia e aliviar a fadiga, tornando-a especialmente \u00fatil para os trabalhadores que trabalhavam longas horas em condi\u00e7\u00f5es exigentes.<\/p>\n<p>Com o crescente interesse mundial pelos suplementos naturais, <strong>Mitragyna Javanica<\/strong> tornou-se uma alternativa legal preferida \u00e0s subst\u00e2ncias \u00e0 base de plantas mais fortes. Ao contr\u00e1rio do Kratom, que enfrenta regulamenta\u00e7\u00f5es rigorosas em v\u00e1rios pa\u00edses, <strong>Mitragyna Javanica<\/strong> permanece amplamente acess\u00edvel e apreciada pelos seus efeitos equilibrados. Atualmente, \u00e9 normalmente consumida sob a forma de ch\u00e1, c\u00e1psulas ou p\u00f3, o que a torna uma escolha vers\u00e1til para os entusiastas das ervas em todo o mundo.<\/p>\n<div><\/div>\n<h2>Como utilizar o Mitragyna Javanica<\/h2>\n<p>Incorporar <strong>Mitragyna Javanica<\/strong> na sua rotina \u00e9 simples. A dose recomendada \u00e9 de 20 gramas, embora as prefer\u00eancias individuais possam variar. Os m\u00e9todos de consumo mais populares incluem:<\/p>\n<ul data-spread=\"false\">\n<li><strong>Ch\u00e1:<\/strong> Coloque o p\u00f3 em \u00e1gua quente, deixe-o em infus\u00e3o durante alguns minutos e depois coe-o antes de o beber para obter uma experi\u00eancia tradicional de ch\u00e1 de ervas.<\/li>\n<li><strong>Capsules:<\/strong> O encapsulamento do p\u00f3 proporciona uma forma conveniente e sem sabor de o consumir.<\/li>\n<li><strong>Sumos e batidos:<\/strong> Misture o p\u00f3 com sumo de fruta ou batidos para disfar\u00e7ar o seu sabor ligeiramente amargo.<\/li>\n<\/ul>\n<p>Para determinar a toler\u00e2ncia e os efeitos pessoais, come\u00e7ar com uma dose mais baixa e ajustar conforme necess\u00e1rio. Tal como acontece com todos os suplementos de ervas, a utiliza\u00e7\u00e3o respons\u00e1vel \u00e9 essencial para obter a melhor experi\u00eancia.<\/p>\n<div><\/div>\n<h2>Ingredientes de Mitragyna Javanica<\/h2>\n<p><strong>Mitragyna Javanica<\/strong> \u00e9 constitu\u00eddo por um \u00fanico ingrediente natural:<\/p>\n<ul data-spread=\"false\">\n<li><strong>Mitragyna Javanica (100%)<\/strong><\/li>\n<\/ul>\n<p>Este produto \u00e9 totalmente natural, vegan e n\u00e3o cont\u00e9m aditivos artificiais ou conservantes, o que o torna uma excelente escolha para quem prefere solu\u00e7\u00f5es de bem-estar \u00e0 base de plantas.<\/p>\n<div><\/div>\n<p><strong>Aviso:<\/strong><br \/>\nEste produto destina-se a pessoas com idade igual ou superior a 18 anos. Manter fora do alcance das crian\u00e7as.<\/p>\n<p><strong>Mitragyna Javanica<\/strong> n\u00e3o deve ser utilizado em combina\u00e7\u00e3o com inibidores da MAO. Indiv\u00edduos com problemas renais ou card\u00edacos, tens\u00e3o arterial alta ou baixa, diabetes ou sob a influ\u00eancia de medicamentos, drogas ou \u00e1lcool devem abster-se de utilizar este produto. Este \u00e9 um suplemento alimentar e deve ser utilizado como tal. N\u00e3o consumir se o selo estiver quebrado.<\/p>\n<p>Conservar num local fresco, escuro e seco para manter a frescura e a pot\u00eancia.<\/p>","protected":false},"excerpt":{"rendered":"<p data-pm-slice=\"1 1 []\">Experimente os benef\u00edcios naturais de <strong>Mitragyna Javanica<\/strong>uma erva distinta conhecida pelos seus efeitos estimulantes. Este suplemento natural e vegan 100% \u00e9 f\u00e1cil de utilizar e proporciona uma experi\u00eancia suave, mas que melhora o humor. Ideal para quem procura uma forma natural de promover o bem-estar e o relaxamento.<\/p>","protected":false},"featured_media":82112,"template":"","meta":[],"product_brand":[],"product_cat":[814,297,391,455,389,457,407,406,396,405,384],"product_tag":[],"class_list":{"0":"post-46004","1":"product","2":"type-product","3":"status-publish","4":"has-post-thumbnail","6":"product_cat-indian-elements","7":"product_cat-all-products","8":"product_cat-extracts","9":"product_cat-healthshop","10":"product_cat-herbs","11":"product_cat-herbs-healthshop","12":"product_cat-medicinal-herbs","13":"product_cat-psychedelic-herbs","14":"product_cat-relax","15":"product_cat-relax-herbs","16":"product_cat-smartshop","17":"product_shipping_class-not-allowed-group-1","19":"first","20":"instock","21":"taxable","22":"shipping-taxable","23":"purchasable","24":"product-type-variable","25":"has-default-attributes"},"_links":{"self":[{"href":"https:\/\/www.headshop.nl\/pt\/wp-json\/wp\/v2\/product\/46004","targetHints":{"allow":["GET"]}}],"collection":[{"href":"https:\/\/www.headshop.nl\/pt\/wp-json\/wp\/v2\/product"}],"about":[{"href":"https:\/\/www.headshop.nl\/pt\/wp-json\/wp\/v2\/types\/product"}],"wp:featuredmedia":[{"embeddable":true,"href":"https:\/\/www.headshop.nl\/pt\/wp-json\/wp\/v2\/media\/82112"}],"wp:attachment":[{"href":"https:\/\/www.headshop.nl\/pt\/wp-json\/wp\/v2\/media?parent=46004"}],"wp:term":[{"taxonomy":"product_brand","embeddable":true,"href":"https:\/\/www.headshop.nl\/pt\/wp-json\/wp\/v2\/product_brand?post=46004"},{"taxonomy":"product_cat","embeddable":true,"href":"https:\/\/www.headshop.nl\/pt\/wp-json\/wp\/v2\/product_cat?post=46004"},{"taxonomy":"product_tag","embeddable":true,"href":"https:\/\/www.headshop.nl\/pt\/wp-json\/wp\/v2\/product_tag?post=46004"}],"curies":[{"name":"wp","href":"https:\/\/api.w.org\/{rel}","templated":true}]}}