{"id":46001,"date":"2022-07-04T10:15:46","date_gmt":"2022-07-04T10:15:46","guid":{"rendered":"https:\/\/www.headshop.nl\/?post_type=product&#038;p=46001"},"modified":"2025-05-23T09:29:18","modified_gmt":"2025-05-23T09:29:18","slug":"relax-mix","status":"publish","type":"product","link":"https:\/\/www.headshop.nl\/pt\/relax-mix\/","title":{"rendered":"Mistura Relax"},"content":{"rendered":"<h2>O que \u00e9 a mistura Relax?<\/h2>\n<p>Relax Mix by Indian Elements \u00e9 uma combina\u00e7\u00e3o de ervas especialmente concebida para o ajudar a descontrair e a encontrar a serenidade. Esta mistura cont\u00e9m tr\u00eas ervas calmantes bem conhecidas: Passion Flower (Passiflora Incarnata), Sweet Woodruff (Asperula Odorata) e Catmint (Nepeta Cataria). Individualmente, estas ervas s\u00e3o conhecidas pelos seus efeitos relaxantes e, em conjunto, criam uma mistura potente que promove o relaxamento e a calma mental. Perfeita para usar na sua rotina di\u00e1ria de bem-estar, a mistura Relax \u00e9 especialmente ben\u00e9fica para aliviar o stress e encorajar um sono reparador. Tamb\u00e9m \u00e9 normalmente utilizado para apoiar a sa\u00fade digestiva.<\/p>\n<p>Quer esteja \u00e0 procura de uma forma pac\u00edfica de terminar o seu dia ou de um rem\u00e9dio natural para o stress, a mistura Relax oferece uma solu\u00e7\u00e3o suave. Esta mistura de 50 gramas de ervas \u00e9 ideal para quem procura uma sensa\u00e7\u00e3o de bem-estar e tranquilidade. A mistura \u00e9 f\u00e1cil de preparar e pode ser apreciada como um ch\u00e1 calmante ou incorporada noutras pr\u00e1ticas de bem-estar para obter os melhores resultados.<\/p>\n<h2>Hist\u00f3ria da mistura Relax<\/h2>\n<p>A mistura Relax baseia-se em s\u00e9culos de tradi\u00e7\u00f5es herb\u00e1ceas utilizadas em todo o mundo para promover a sa\u00fade e o relaxamento. O Passion Flower, o Woodruff doce e o Catmint s\u00e3o h\u00e1 muito valorizados pelas suas propriedades calmantes. O Passion Flower tem sido utilizado por tribos nativas americanas pela sua capacidade de aliviar a ansiedade e induzir o sono. Da mesma forma, o Catmint, com os seus efeitos sedativos ligeiros, tem uma hist\u00f3ria profundamente enraizada nas pr\u00e1ticas herb\u00e1ceas europeias e norte-americanas. O Woodruff doce, apreciado pelas suas qualidades calmantes, tem sido um elemento b\u00e1sico da medicina europeia desde os tempos medievais.<\/p>\n<p>Estas ervas foram selecionadas n\u00e3o s\u00f3 pelos seus benef\u00edcios terap\u00eauticos individuais, mas tamb\u00e9m pelos efeitos poderosos que criam quando combinadas. Ao longo do tempo, esta mistura foi aperfei\u00e7oada para se tornar na mistura Relax dispon\u00edvel atualmente. \u00c0 medida que cresce o interesse pelos rem\u00e9dios naturais, a mistura Relax ganhou popularidade pela sua capacidade de ajudar as pessoas a encontrar tranquilidade mental e f\u00edsica sem depender de subst\u00e2ncias artificiais ou sint\u00e9ticas.<\/p>\n<h2>Como utilizar a mistura Relax<\/h2>\n<p>A mistura Relax \u00e9 vers\u00e1til e pode ser utilizada de v\u00e1rias formas para proporcionar relaxamento e calma. O m\u00e9todo mais popular \u00e9 prepar\u00e1-lo num ch\u00e1 calmante. Basta mergulhar um grama da mistura de ervas em \u00e1gua quente durante 5-10 minutos, permitindo que as ervas se infundam e libertem as suas propriedades calmantes. Este ch\u00e1 \u00e9 perfeito para relaxar no final de um dia agitado ou para se preparar para um sono tranquilo.<\/p>\n<p>Para al\u00e9m do ch\u00e1, a mistura Relax tamb\u00e9m pode ser utilizada em banhos ou aplicada como cataplasma para relaxamento t\u00f3pico. O aroma calmante das ervas tamb\u00e9m pode ser aproveitado na aromaterapia, onde o seu perfume calmante promove a paz de esp\u00edrito. Para melhores resultados, n\u00e3o consumir mais de um grama por dia. O uso regular da mistura Relax pode aumentar os seus benef\u00edcios, mas o consumo excessivo pode levar a efeitos indesej\u00e1veis.<\/p>\n<h2>Ingredientes da mistura Relax<\/h2>\n<p>Indian Elements' Relax Mix \u00e9 feito de tr\u00eas ingredientes totalmente naturais, \u00e0 base de plantas: Asperula Odorata (Sweet Woodruff), Nepeta Cataria (Catmint) e Passiflora Incarnata (Passion Flower). Cada ingrediente tem as suas pr\u00f3prias propriedades terap\u00eauticas \u00fanicas. O Passion Flower \u00e9 conhecido pela sua capacidade de acalmar a mente, aliviar a ansiedade e incentivar o sono, tornando-o uma escolha popular na medicina herbal para o al\u00edvio do stress.<\/p>\n<p>Catmint, um membro da fam\u00edlia da hortel\u00e3, \u00e9 conhecido pelos seus efeitos sedativos ligeiros e \u00e9 utilizado para aliviar o stress e a ansiedade ligeira. Woodruff, uma erva com s\u00e9culos de utiliza\u00e7\u00e3o na medicina europeia, \u00e9 valorizada pelas suas propriedades sedativas ligeiras, que ajudam a aliviar a tens\u00e3o e a promover o relaxamento. Quando combinadas, estas tr\u00eas ervas formam um poderoso rem\u00e9dio natural para o stress, a ansiedade e a ins\u00f3nia.<\/p>\n<p>Esta mistura n\u00e3o cont\u00e9m THC e \u00e9 completamente natural, vegan e sem aditivos artificiais, o que a torna uma escolha segura e saud\u00e1vel para quem procura uma forma natural de relaxar.<\/p>\n<p><strong>Aviso:<\/strong><\/p>\n<p>N\u00e3o \u00e9 adequado para pessoas com menos de 18 anos de idade. Manter fora do alcance das crian\u00e7as. N\u00e3o recomendado a pessoas com problemas renais ou card\u00edacos, tens\u00e3o arterial alta ou baixa, diabetes ou que estejam a tomar medicamentos, \u00e1lcool ou drogas recreativas. Este produto n\u00e3o \u00e9 um medicamento e n\u00e3o deve ser utilizado como tal. \u00c9 um suplemento alimentar e deve ser consumido em conformidade. N\u00e3o comprar se o selo estiver quebrado.<\/p>","protected":false},"excerpt":{"rendered":"<p>A mistura Indian Elements' Relax \u00e9 uma mistura de ervas calmantes que promove o relaxamento e a tranquilidade. Combinando tr\u00eas ervas potentes - Passion Flower, Catmint e Sweet Woodruff - esta mistura \u00e9 perfeita para aliviar o stress e promover um sono reparador. Com as suas propriedades calmantes, ajuda a trazer paz e relaxamento, especialmente durante os momentos de sobrecarga. Pode ser apreciada de v\u00e1rias formas, como um ch\u00e1 de ervas reconfortante.<\/p>","protected":false},"featured_media":82118,"template":"","meta":[],"product_brand":[],"product_cat":[814,297,391,455,389,457,407,406,396,405,384],"product_tag":[],"class_list":{"0":"post-46001","1":"product","2":"type-product","3":"status-publish","4":"has-post-thumbnail","6":"product_cat-indian-elements","7":"product_cat-all-products","8":"product_cat-extracts","9":"product_cat-healthshop","10":"product_cat-herbs","11":"product_cat-herbs-healthshop","12":"product_cat-medicinal-herbs","13":"product_cat-psychedelic-herbs","14":"product_cat-relax","15":"product_cat-relax-herbs","16":"product_cat-smartshop","18":"first","19":"instock","20":"taxable","21":"shipping-taxable","22":"purchasable","23":"product-type-variable","24":"has-default-attributes"},"_links":{"self":[{"href":"https:\/\/www.headshop.nl\/pt\/wp-json\/wp\/v2\/product\/46001","targetHints":{"allow":["GET"]}}],"collection":[{"href":"https:\/\/www.headshop.nl\/pt\/wp-json\/wp\/v2\/product"}],"about":[{"href":"https:\/\/www.headshop.nl\/pt\/wp-json\/wp\/v2\/types\/product"}],"wp:featuredmedia":[{"embeddable":true,"href":"https:\/\/www.headshop.nl\/pt\/wp-json\/wp\/v2\/media\/82118"}],"wp:attachment":[{"href":"https:\/\/www.headshop.nl\/pt\/wp-json\/wp\/v2\/media?parent=46001"}],"wp:term":[{"taxonomy":"product_brand","embeddable":true,"href":"https:\/\/www.headshop.nl\/pt\/wp-json\/wp\/v2\/product_brand?post=46001"},{"taxonomy":"product_cat","embeddable":true,"href":"https:\/\/www.headshop.nl\/pt\/wp-json\/wp\/v2\/product_cat?post=46001"},{"taxonomy":"product_tag","embeddable":true,"href":"https:\/\/www.headshop.nl\/pt\/wp-json\/wp\/v2\/product_tag?post=46001"}],"curies":[{"name":"wp","href":"https:\/\/api.w.org\/{rel}","templated":true}]}}