{"id":45999,"date":"2022-07-04T10:15:41","date_gmt":"2022-07-04T10:15:41","guid":{"rendered":"https:\/\/www.headshop.nl\/?post_type=product&#038;p=45999"},"modified":"2025-05-23T09:29:24","modified_gmt":"2025-05-23T09:29:24","slug":"wild-lettuce","status":"publish","type":"product","link":"https:\/\/www.headshop.nl\/pt\/wild-lettuce\/","title":{"rendered":"Wild Lettuce"},"content":{"rendered":"<h2>O que \u00e9 o Wild Lettuce?<\/h2>\n<p>Wild Lettuce, cientificamente conhecida como Lactuca Virosa, \u00e9 uma erva tradicionalmente utilizada pelas suas propriedades calmantes e sedativas. Tem um efeito suave semelhante ao do \u00f3pio, mas sem os efeitos secund\u00e1rios intensos. A erva \u00e9 conhecida pela sua capacidade de acalmar o sistema nervoso, oferecendo uma sensa\u00e7\u00e3o calmante e promovendo o relaxamento. \u00c9 normalmente utilizada como um rem\u00e9dio natural para reduzir o stress, induzir o sono e aliviar a dor. A Wild Lettuce tamb\u00e9m \u00e9 conhecida por criar uma ligeira euforia e, nalguns casos, pode ajudar a estimular a mente, encorajando sonhos v\u00edvidos.<\/p>\n<p>O Wild Lettuce est\u00e1 dispon\u00edvel em v\u00e1rias formas, incluindo ervas soltas e c\u00e1psulas, facilitando a sua incorpora\u00e7\u00e3o na sua rotina. As propriedades suaves, mas eficazes, da erva fazem dela uma escolha popular para quem procura uma forma alternativa de aliviar o stress e promover um sono tranquilo.<\/p>\n<h2>Hist\u00f3ria do Wild Lettuce<\/h2>\n<p>O Wild Lettuce tem uma longa hist\u00f3ria de utiliza\u00e7\u00e3o que remonta aos tempos antigos. Era habitualmente utilizada pelas tribos nativas americanas como rem\u00e9dio natural para a dor e a ins\u00f3nia. Os efeitos calmantes da erva eram frequentemente procurados pela sua capacidade de aliviar a tens\u00e3o e o desconforto sem a utiliza\u00e7\u00e3o de produtos qu\u00edmicos ou farmac\u00eauticos agressivos.<\/p>\n<p>Na Europa, o Wild Lettuce era tamb\u00e9m utilizado pelas suas propriedades sedativas. Era tradicionalmente consumida sob a forma de ch\u00e1 ou tintura para promover o relaxamento. A erva foi mesmo utilizada na medicina antiga para tratar a ansiedade, a dor e os dist\u00farbios do sono. Ao longo da hist\u00f3ria, ganhou a reputa\u00e7\u00e3o de ser uma alternativa suave e natural aos opi\u00e1ceos e tranquilizantes mais fortes, tornando-a um rem\u00e9dio herbal valioso para muitos.<\/p>\n<p>Apesar da sua utiliza\u00e7\u00e3o hist\u00f3rica, o Wild Lettuce s\u00f3 recentemente ganhou popularidade nas pr\u00e1ticas modernas de bem-estar. \u00c0 medida que as pessoas procuram rem\u00e9dios mais naturais, o Wild Lettuce est\u00e1 a regressar como uma erva vers\u00e1til para promover o relaxamento e aliviar o desconforto.<\/p>\n<h2>Como utilizar o Wild Lettuce<\/h2>\n<p>O Wild Lettuce pode ser utilizado de v\u00e1rias formas para experimentar os seus benef\u00edcios calmantes e suavizantes. A dose mais comum \u00e9 de 1 grama por dia, que pode ser tomada como uma erva solta ou em forma de c\u00e1psula. Ao usar ervas soltas, pode prepar\u00e1-las para um ch\u00e1 ou tintura, ou mesmo incorpor\u00e1-las em extractos caseiros para um efeito mais potente.<\/p>\n<p>Para os que preferem uma op\u00e7\u00e3o mais conveniente, o Wild Lettuce est\u00e1 dispon\u00edvel em c\u00e1psulas, o que facilita a sua toma di\u00e1ria. Basta seguir as diretrizes de dosagem recomendadas, que normalmente sugerem 1 grama por dia.<\/p>\n<p>Os efeitos do Wild Lettuce s\u00e3o mais pronunciados quando \u00e9 consumido de forma consistente ao longo do tempo. As suas propriedades calmantes e suavizantes podem ajud\u00e1-lo a relaxar ap\u00f3s um longo dia, promover um sono melhor ou proporcionar al\u00edvio de pequenos desconfortos. Como acontece com qualquer suplemento de ervas, \u00e9 importante monitorizar a rea\u00e7\u00e3o do seu corpo e ajustar a dose conforme necess\u00e1rio.<\/p>\n<h2>Ingredientes de Wild Lettuce<\/h2>\n<p>O ingrediente ativo do Wild Lettuce \u00e9 a Lactuca Virosa, que \u00e9 conhecida pelos seus efeitos sedativos e analg\u00e9sicos. Esta erva cont\u00e9m compostos que podem ajudar a acalmar o sistema nervoso, aliviar a dor e promover o relaxamento. Embora o mecanismo exato de a\u00e7\u00e3o n\u00e3o seja totalmente compreendido, acredita-se que a Lactuca Virosa actua no sistema nervoso central, induzindo uma sensa\u00e7\u00e3o de calma e tranquilidade.<\/p>\n<p>Descobriu-se que a Lactuca Virosa cont\u00e9m alcal\u00f3ides, que s\u00e3o respons\u00e1veis pelos seus efeitos calmantes e analg\u00e9sicos. Estes compostos interagem com receptores no c\u00e9rebro para criar um efeito sedativo ligeiro, ajudando a relaxar o corpo e a aliviar o stress.<\/p>\n<p>Para al\u00e9m das suas propriedades calmantes, o Wild Lettuce tamb\u00e9m cont\u00e9m flavon\u00f3ides, antioxidantes e outros compostos bioactivos que contribuem para os seus benef\u00edcios gerais para a sa\u00fade. Estes ingredientes trabalham em conjunto para apoiar os processos naturais de cura do corpo e promover uma sensa\u00e7\u00e3o de bem-estar.<\/p>\n<p><strong>Aviso:<\/strong><br \/>\nO Wild Lettuce s\u00f3 deve ser utilizado por pessoas com mais de 18 anos de idade. Manter fora do alcance das crian\u00e7as. N\u00e3o \u00e9 recomendada a utiliza\u00e7\u00e3o em combina\u00e7\u00e3o com inibidores da MAO ou para indiv\u00edduos com problemas renais ou card\u00edacos, tens\u00e3o arterial alta ou baixa, diabetes, ou sob a influ\u00eancia de medicamentos, drogas ou \u00e1lcool. Esta erva n\u00e3o \u00e9 um medicamento mas um suplemento alimentar e deve ser usada como tal. N\u00e3o comprar se o selo estiver quebrado.<\/p>","protected":false},"excerpt":{"rendered":"<p>Wild Lettuce (Lactuca Virosa) \u00e9 uma erva natural com efeitos calmantes, semelhantes aos do \u00f3pio, mas mais suaves. Conhecida pelas suas propriedades sedativas, euf\u00f3ricas, analg\u00e9sicas e indutoras do sono, oferece uma forma suave de relaxar e descontrair.<\/p>","protected":false},"featured_media":82121,"template":"","meta":[],"product_brand":[],"product_cat":[814,297,391,455,389,457,407,406,396,405,384],"product_tag":[],"class_list":{"0":"post-45999","1":"product","2":"type-product","3":"status-publish","4":"has-post-thumbnail","6":"product_cat-indian-elements","7":"product_cat-all-products","8":"product_cat-extracts","9":"product_cat-healthshop","10":"product_cat-herbs","11":"product_cat-herbs-healthshop","12":"product_cat-medicinal-herbs","13":"product_cat-psychedelic-herbs","14":"product_cat-relax","15":"product_cat-relax-herbs","16":"product_cat-smartshop","18":"first","19":"instock","20":"taxable","21":"shipping-taxable","22":"purchasable","23":"product-type-variable","24":"has-default-attributes"},"_links":{"self":[{"href":"https:\/\/www.headshop.nl\/pt\/wp-json\/wp\/v2\/product\/45999","targetHints":{"allow":["GET"]}}],"collection":[{"href":"https:\/\/www.headshop.nl\/pt\/wp-json\/wp\/v2\/product"}],"about":[{"href":"https:\/\/www.headshop.nl\/pt\/wp-json\/wp\/v2\/types\/product"}],"wp:featuredmedia":[{"embeddable":true,"href":"https:\/\/www.headshop.nl\/pt\/wp-json\/wp\/v2\/media\/82121"}],"wp:attachment":[{"href":"https:\/\/www.headshop.nl\/pt\/wp-json\/wp\/v2\/media?parent=45999"}],"wp:term":[{"taxonomy":"product_brand","embeddable":true,"href":"https:\/\/www.headshop.nl\/pt\/wp-json\/wp\/v2\/product_brand?post=45999"},{"taxonomy":"product_cat","embeddable":true,"href":"https:\/\/www.headshop.nl\/pt\/wp-json\/wp\/v2\/product_cat?post=45999"},{"taxonomy":"product_tag","embeddable":true,"href":"https:\/\/www.headshop.nl\/pt\/wp-json\/wp\/v2\/product_tag?post=45999"}],"curies":[{"name":"wp","href":"https:\/\/api.w.org\/{rel}","templated":true}]}}