{"id":45997,"date":"2022-07-04T10:15:37","date_gmt":"2022-07-04T10:15:37","guid":{"rendered":"https:\/\/www.headshop.nl\/?post_type=product&#038;p=45997"},"modified":"2025-07-09T13:26:16","modified_gmt":"2025-07-09T13:26:16","slug":"skullcap","status":"publish","type":"product","link":"https:\/\/www.headshop.nl\/pt\/skullcap\/","title":{"rendered":"Skullcap"},"content":{"rendered":"<h2 data-pm-slice=\"1 3 []\">O que \u00e9 o Skullcap?<\/h2>\n<p>A Skullcap, tamb\u00e9m chamada glidkruid, \u00e9 uma erva da fam\u00edlia da hortel\u00e3, apreciada h\u00e1 s\u00e9culos pelos seus efeitos calmantes e ligeiramente sedativos. Com cerca de 200 esp\u00e9cies a crescer em todo o mundo, o seu nome bot\u00e2nico \u00e9 <em>Scutellaria<\/em>. A variedade utilizada no Indian Elements Skullcap \u00e9 <em>Scutellaria Lateriflora<\/em>Tamb\u00e9m conhecida como calota azul ou calota de cachorro louco. Nativo da Am\u00e9rica do Norte, \u00e9 reconhec\u00edvel pelas suas pequenas flores roxas que se assemelham a capacetes. Atualmente, o Skullcap \u00e9 muito apreciado pela sua capacidade de promover o relaxamento, aliviar a tens\u00e3o nervosa e apoiar um ciclo de sono saud\u00e1vel. Quer se trate de stress, tens\u00e3o muscular ou dist\u00farbios do sono, o Skullcap fornece um rem\u00e9dio natural e suave.<\/p>\n<div><\/div>\n<h2>A hist\u00f3ria do Skullcap<\/h2>\n<p>O Skullcap \u00e9, desde h\u00e1 muito, uma erva essencial na medicina tradicional. Na China antiga, era um componente-chave do famoso rem\u00e9dio herbal Huangqin, que se acreditava dissipar a energia negativa e restaurar o equil\u00edbrio. As comunidades nativas americanas usavam o Skullcap para apoiar a sa\u00fade das mulheres, aliviar o nervosismo e induzir a calma. Os herboristas europeus tamb\u00e9m reconheceram as suas propriedades relaxantes, recomendando-o frequentemente para reduzir o stress e melhorar o sono. Ao longo dos s\u00e9culos, o Skullcap manteve a sua reputa\u00e7\u00e3o como um relaxante natural de confian\u00e7a. Atualmente, continua a ser uma escolha popular de ervas para quem procura relaxamento e bem-estar, enraizada numa hist\u00f3ria rica de pr\u00e1ticas de cura tradicionais.<\/p>\n<div><\/div>\n<h2>Como utilizar o Skullcap<\/h2>\n<p>O Indian Elements Skullcap \u00e9 simples e c\u00f3modo de utilizar. A forma mais comum de o consumir \u00e9 atrav\u00e9s da prepara\u00e7\u00e3o de um ch\u00e1. Para preparar, mergulhe 1 grama de Skullcap em \u00e1gua quente durante cerca de 10 minutos, permitindo que os seus compostos ben\u00e9ficos se infundam no l\u00edquido para obter uma bebida de ervas calmante. Muitos utilizadores relatam sentir uma sensa\u00e7\u00e3o de relaxamento e tranquilidade, tornando-o uma excelente op\u00e7\u00e3o para descontrair ap\u00f3s um dia stressante. Para al\u00e9m do ch\u00e1, o Skullcap pode ser inclu\u00eddo em misturas de ervas, tinturas ou c\u00e1psulas. Embora as experi\u00eancias individuais possam variar, o uso regular pode promover o relaxamento, melhorar o sono e aliviar o desconforto muscular. Para obter os melhores benef\u00edcios, recomenda-se uma dose di\u00e1ria de 1 grama. Guardar o produto num local fresco e seco para manter a sua frescura e pot\u00eancia.<\/p>\n<div><\/div>\n<h2>Ingredientes de Skullcap<\/h2>\n<p>Indian Elements Skullcap cont\u00e9m um \u00fanico ingrediente de alta qualidade: <em>Scutellaria Lateriflora<\/em>. Isto garante um produto puro e natural, sem aditivos, cargas ou subst\u00e2ncias artificiais. A erva \u00e9 cuidadosamente obtida e preparada para preservar as suas propriedades ben\u00e9ficas. Sendo um produto 100% vegan, o Skullcap alinha-se bem com um estilo de vida de bem-estar natural. Quer seja utilizado sozinho ou combinado com outras ervas calmantes, o Skullcap oferece uma forma eficaz e suave de apoiar o relaxamento e o bem-estar geral. Ao escolher o Indian Elements Skullcap, est\u00e1 a adotar um rem\u00e9dio herbal consagrado pelo tempo em que confia h\u00e1 gera\u00e7\u00f5es.<\/p>\n<div><\/div>\n<p><strong>Aviso:<\/strong><\/p>\n<ul data-spread=\"false\">\n<li>Apenas para utiliza\u00e7\u00e3o por adultos com mais de 18 anos de idade. Manter fora do alcance das crian\u00e7as.<\/li>\n<li>N\u00e3o utilizar em combina\u00e7\u00e3o com inibidores da MAO.<\/li>\n<li>N\u00e3o recomendado para pessoas com problemas renais ou card\u00edacos, tens\u00e3o arterial alta ou baixa, diabetes ou pessoas sob a influ\u00eancia de medicamentos, drogas ou \u00e1lcool.<\/li>\n<li>Este produto n\u00e3o \u00e9 um medicamento, mas sim um suplemento alimentar e deve ser utilizado em conformidade.<\/li>\n<li>N\u00e3o consumir se o selo estiver quebrado. Conservar num local escuro e seco para uma frescura ideal.<\/li>\n<\/ul>","protected":false},"excerpt":{"rendered":"<p data-pm-slice=\"1 1 []\">Indian Elements Skullcap \u00e9 um suplemento natural \u00e0 base de plantas conhecido pelas suas qualidades calmantes e relaxantes. Derivado de <em>Scutellaria Lateriflora<\/em>O ch\u00e1 Skullcap ajuda a aliviar o stress, a melhorar a qualidade do sono e a apoiar o bem-estar geral. Perfeito para quem procura uma forma natural de relaxar, o Skullcap pode ser apreciado como ch\u00e1 ou noutras formas.<\/p>","protected":false},"featured_media":82124,"template":"","meta":[],"product_brand":[],"product_cat":[814,297,391,455,389,457,407,406,396,405,384],"product_tag":[],"class_list":{"0":"post-45997","1":"product","2":"type-product","3":"status-publish","4":"has-post-thumbnail","6":"product_cat-indian-elements","7":"product_cat-all-products","8":"product_cat-extracts","9":"product_cat-healthshop","10":"product_cat-herbs","11":"product_cat-herbs-healthshop","12":"product_cat-medicinal-herbs","13":"product_cat-psychedelic-herbs","14":"product_cat-relax","15":"product_cat-relax-herbs","16":"product_cat-smartshop","18":"first","19":"instock","20":"taxable","21":"shipping-taxable","22":"purchasable","23":"product-type-variable"},"_links":{"self":[{"href":"https:\/\/www.headshop.nl\/pt\/wp-json\/wp\/v2\/product\/45997","targetHints":{"allow":["GET"]}}],"collection":[{"href":"https:\/\/www.headshop.nl\/pt\/wp-json\/wp\/v2\/product"}],"about":[{"href":"https:\/\/www.headshop.nl\/pt\/wp-json\/wp\/v2\/types\/product"}],"wp:featuredmedia":[{"embeddable":true,"href":"https:\/\/www.headshop.nl\/pt\/wp-json\/wp\/v2\/media\/82124"}],"wp:attachment":[{"href":"https:\/\/www.headshop.nl\/pt\/wp-json\/wp\/v2\/media?parent=45997"}],"wp:term":[{"taxonomy":"product_brand","embeddable":true,"href":"https:\/\/www.headshop.nl\/pt\/wp-json\/wp\/v2\/product_brand?post=45997"},{"taxonomy":"product_cat","embeddable":true,"href":"https:\/\/www.headshop.nl\/pt\/wp-json\/wp\/v2\/product_cat?post=45997"},{"taxonomy":"product_tag","embeddable":true,"href":"https:\/\/www.headshop.nl\/pt\/wp-json\/wp\/v2\/product_tag?post=45997"}],"curies":[{"name":"wp","href":"https:\/\/api.w.org\/{rel}","templated":true}]}}