{"id":45979,"date":"2022-07-04T10:09:45","date_gmt":"2022-07-04T10:09:45","guid":{"rendered":"https:\/\/www.headshop.nl\/?post_type=product&#038;p=45979"},"modified":"2024-11-26T08:15:35","modified_gmt":"2024-11-26T08:15:35","slug":"cannabis-sativa","status":"publish","type":"product","link":"https:\/\/www.headshop.nl\/pt\/cannabis-sativa\/","title":{"rendered":"Cannabis Sativa"},"content":{"rendered":"<p>Indian Elements Cannabis Sativa \u00e9 uma mistura de ervas que consiste em 100% folha de papaia. Enquanto o fruto \u00e9 valorizado principalmente pelo seu sabor delicioso, a folha \u00e9 valorizada principalmente pelas suas propriedades \u00fanicas. Na \u00c1sia, por exemplo, utiliza-se a erva contra uma s\u00e9rie de doen\u00e7as tropicais. Para al\u00e9m disso, a folha de papaia pode tamb\u00e9m estimular a digest\u00e3o.<\/p>\n<p>A mistura calmante de Cannabis Sativa da Indian Elements pode ser utilizada de v\u00e1rias formas, incluindo para fazer ch\u00e1. E apesar do facto de o nome \"Cannabis Sativa\" fazer lembrar a conhecida planta da can\u00e1bis, a mistura de ervas n\u00e3o deve ser confundida com ela. Embora o sabor seja semelhante, a Cannabis Sativa da Indian Elements n\u00e3o cont\u00e9m THC nem nicotina.<\/p>\n<p><strong>Sobre o Indian Elements:<\/strong><br \/>\nIndian Elements tem uma vasta gama de excelentes misturas de ervas arom\u00e1ticas e especiarias. Todos estes produtos vers\u00e1teis t\u00eam propriedades \u00fanicas. Quer esteja \u00e0 procura de energia extra, de uma viagem natural ou apenas queira relaxar: Indian Elements est\u00e1 pronto para si. F\u00e1cil de usar, 100% natural e 100% vegan.<\/p>","protected":false},"excerpt":{"rendered":"<p>As ervas de Cannabis Sativa do Indian Elements consistem nas folhas da planta papaia. Esta planta \u00e9 conhecida principalmente pelo fruto da papaia, mas a folha tamb\u00e9m \u00e9 vers\u00e1til e muito \u00fatil. O sabor assemelha-se ao da planta Cannabis e pode ter um efeito calmante, entre outras coisas. A Cannabis Sativa tamb\u00e9m pode ser utilizada de v\u00e1rias formas, incluindo a prepara\u00e7\u00e3o de ch\u00e1. A mistura n\u00e3o cont\u00e9m nicotina.<\/p>","protected":false},"featured_media":82139,"template":"","meta":[],"product_brand":[],"product_cat":[391,297,455,389,457,814,407,406,396,405,384],"product_tag":[],"class_list":{"0":"post-45979","1":"product","2":"type-product","3":"status-publish","4":"has-post-thumbnail","6":"product_cat-extracts","7":"product_cat-all-products","8":"product_cat-healthshop","9":"product_cat-herbs","10":"product_cat-herbs-healthshop","11":"product_cat-indian-elements","12":"product_cat-medicinal-herbs","13":"product_cat-psychedelic-herbs","14":"product_cat-relax","15":"product_cat-relax-herbs","16":"product_cat-smartshop","18":"first","19":"outofstock","20":"taxable","21":"shipping-taxable","22":"purchasable","23":"product-type-simple"},"_links":{"self":[{"href":"https:\/\/www.headshop.nl\/pt\/wp-json\/wp\/v2\/product\/45979","targetHints":{"allow":["GET"]}}],"collection":[{"href":"https:\/\/www.headshop.nl\/pt\/wp-json\/wp\/v2\/product"}],"about":[{"href":"https:\/\/www.headshop.nl\/pt\/wp-json\/wp\/v2\/types\/product"}],"wp:featuredmedia":[{"embeddable":true,"href":"https:\/\/www.headshop.nl\/pt\/wp-json\/wp\/v2\/media\/82139"}],"wp:attachment":[{"href":"https:\/\/www.headshop.nl\/pt\/wp-json\/wp\/v2\/media?parent=45979"}],"wp:term":[{"taxonomy":"product_brand","embeddable":true,"href":"https:\/\/www.headshop.nl\/pt\/wp-json\/wp\/v2\/product_brand?post=45979"},{"taxonomy":"product_cat","embeddable":true,"href":"https:\/\/www.headshop.nl\/pt\/wp-json\/wp\/v2\/product_cat?post=45979"},{"taxonomy":"product_tag","embeddable":true,"href":"https:\/\/www.headshop.nl\/pt\/wp-json\/wp\/v2\/product_tag?post=45979"}],"curies":[{"name":"wp","href":"https:\/\/api.w.org\/{rel}","templated":true}]}}