{"id":45958,"date":"2022-07-04T10:00:34","date_gmt":"2022-07-04T10:00:34","guid":{"rendered":"https:\/\/www.headshop.nl\/?post_type=product&#038;p=45958"},"modified":"2025-10-31T08:54:28","modified_gmt":"2025-10-31T08:54:28","slug":"maitake-extract-capsules","status":"publish","type":"product","link":"https:\/\/www.headshop.nl\/pt\/maitake-extract-capsules\/","title":{"rendered":"Maitake Extract Capsules"},"content":{"rendered":"<h2>O que \u00e9 o Maitake?<\/h2>\n<p>O Maitake (Grifola Frondosa), tamb\u00e9m conhecido como \"Galinha dos Woods\", \u00e9 um cogumelo medicinal \u00fanico que cresce normalmente na base das \u00e1rvores, especialmente dos carvalhos. Altamente considerado na medicina tradicional japonesa e chinesa pelas suas propriedades ben\u00e9ficas, o Maitake est\u00e1 repleto de nutrientes essenciais, incluindo polissac\u00e1ridos como os beta-glucanos, conhecidos por apoiarem o sistema imunit\u00e1rio. Ao contr\u00e1rio dos cogumelos culin\u00e1rios comuns, o Maitake \u00e9 frequentemente consumido sob a forma de suplemento para maximizar os seus benef\u00edcios para a sa\u00fade. A sua capacidade de prosperar na natureza, juntamente com o seu impressionante perfil de nutrientes, faz dele um superalimento popular atualmente.<\/p>\n<h2>Hist\u00f3ria do Maitake<\/h2>\n<p>O Maitake tem uma hist\u00f3ria rica que se estende por mais de 3.000 anos. No Jap\u00e3o, era t\u00e3o valorizado que era por vezes utilizado como moeda. O nome \"Maitake\", que significa \"cogumelo dan\u00e7ante\", vem do folclore que sugere que as pessoas dan\u00e7avam de alegria ao encontr\u00e1-lo devido ao seu valor excecional. Os praticantes da medicina oriental h\u00e1 muito que utilizam o Maitake para promover a sa\u00fade e a longevidade, acreditando que ajuda a restaurar o equil\u00edbrio do corpo. Atualmente, a investiga\u00e7\u00e3o continua a investigar os seus potenciais benef\u00edcios, particularmente o seu papel no apoio imunit\u00e1rio e no bem-estar geral. O Maitake continua a ser um rem\u00e9dio natural muito apreciado, conhecido pelo seu significado hist\u00f3rico e pelas suas propriedades promotoras da sa\u00fade.<\/p>\n<h2>Como utilizar o Maitake<\/h2>\n<p>O Maitake est\u00e1 dispon\u00edvel em v\u00e1rias formas, incluindo p\u00f3s, ch\u00e1s e c\u00e1psulas. As nossas c\u00e1psulas de Maitake oferecem uma forma conveniente de incluir este cogumelo poderoso na sua rotina di\u00e1ria. A dose recomendada \u00e9 de uma a duas c\u00e1psulas duas vezes por dia, tomadas com as refei\u00e7\u00f5es e \u00e1gua. O uso consistente \u00e9 essencial para experimentar todos os seus benef\u00edcios. O Maitake \u00e9 normalmente usado como parte de um regime de bem-estar para apoiar a imunidade, promover a vitalidade e aumentar a resili\u00eancia natural do corpo. Enquanto alguns utilizadores podem notar benef\u00edcios em apenas algumas semanas, outros podem precisar de mais tempo. Para otimizar o potencial do Maitake, combine-o com uma dieta equilibrada e um estilo de vida saud\u00e1vel. Como acontece com qualquer suplemento, siga a dosagem recomendada e consulte um profissional de sa\u00fade se tiver algum problema de sa\u00fade pr\u00e9-existente.<\/p>\n<h2>Ingredientes de Maitake Capsules<\/h2>\n<p>Cada c\u00e1psula vegana cont\u00e9m 400 mg de extrato org\u00e2nico Maitake (Grifola Frondosa) derivado de corpos de frutifica\u00e7\u00e3o 100%. Este extrato de espetro total \u00e9 obtido por extra\u00e7\u00e3o com \u00e1gua e etanol para garantir uma elevada concentra\u00e7\u00e3o de compostos ben\u00e9ficos. O extrato \u00e9 normalizado para conter 30% beta-glucanos, conhecidos pelos seus benef\u00edcios de apoio imunit\u00e1rio. Outros ingredientes incluem citrato de magn\u00e9sio e di\u00f3xido de sil\u00edcio, que ajudam a melhorar a estabilidade e a absor\u00e7\u00e3o do suplemento. As c\u00e1psulas McMyco Maitake cumprem os mais elevados padr\u00f5es de qualidade e n\u00e3o cont\u00eam aditivos artificiais, oferecendo uma forma natural de apoiar o seu bem-estar.<\/p>\n<p><strong>Aviso<\/strong><\/p>\n<p>Maitake by McMyco \u00e9 um suplemento alimentar e deve ser utilizado de acordo com as instru\u00e7\u00f5es. N\u00e3o exceder a dose di\u00e1ria recomendada. Manter o produto fora do alcance das crian\u00e7as. Consulte o seu m\u00e9dico antes de utilizar o produto, especialmente se estiver gr\u00e1vida, a amamentar ou se sofrer de alguma doen\u00e7a. Conservar num local fresco e escuro \u00e0 temperatura ambiente.<\/p>","protected":false},"excerpt":{"rendered":"<p>Descubra os benef\u00edcios do Maitake, muitas vezes chamado o \"Rei dos Cogumelos\". Repleto de nutrientes essenciais e beta-glucanos, este poderoso suplemento \u00e9 celebrado como um superalimento de primeira linha. Com uma hist\u00f3ria rica no bem-estar tradicional japon\u00eas, o Maitake promove o bem-estar geral e a vitalidade<\/p>","protected":false},"featured_media":87987,"template":"","meta":[],"product_brand":[],"product_cat":[813,297,461,455,630,404,462,398,399,384,458,456],"product_tag":[978],"class_list":{"0":"post-45958","1":"product","2":"type-product","3":"status-publish","4":"has-post-thumbnail","6":"product_cat-mcmyco","7":"product_cat-all-products","8":"product_cat-detox","9":"product_cat-healthshop","10":"product_cat-healthshop-top-10","11":"product_cat-medicinal-mushrooms-supplements","12":"product_cat-medicinal-mushrooms-healthshop","13":"product_cat-mushrooms","14":"product_cat-shroomshop","15":"product_cat-smartshop","16":"product_cat-superfoods","17":"product_cat-supplements","18":"product_tag-shrdeal","19":"product_shipping_class-creditcard-on","21":"first","22":"instock","23":"taxable","24":"shipping-taxable","25":"purchasable","26":"product-type-variable","27":"has-default-attributes"},"_links":{"self":[{"href":"https:\/\/www.headshop.nl\/pt\/wp-json\/wp\/v2\/product\/45958","targetHints":{"allow":["GET"]}}],"collection":[{"href":"https:\/\/www.headshop.nl\/pt\/wp-json\/wp\/v2\/product"}],"about":[{"href":"https:\/\/www.headshop.nl\/pt\/wp-json\/wp\/v2\/types\/product"}],"wp:featuredmedia":[{"embeddable":true,"href":"https:\/\/www.headshop.nl\/pt\/wp-json\/wp\/v2\/media\/87987"}],"wp:attachment":[{"href":"https:\/\/www.headshop.nl\/pt\/wp-json\/wp\/v2\/media?parent=45958"}],"wp:term":[{"taxonomy":"product_brand","embeddable":true,"href":"https:\/\/www.headshop.nl\/pt\/wp-json\/wp\/v2\/product_brand?post=45958"},{"taxonomy":"product_cat","embeddable":true,"href":"https:\/\/www.headshop.nl\/pt\/wp-json\/wp\/v2\/product_cat?post=45958"},{"taxonomy":"product_tag","embeddable":true,"href":"https:\/\/www.headshop.nl\/pt\/wp-json\/wp\/v2\/product_tag?post=45958"}],"curies":[{"name":"wp","href":"https:\/\/api.w.org\/{rel}","templated":true}]}}