{"id":45883,"date":"2022-07-04T08:54:01","date_gmt":"2022-07-04T08:54:01","guid":{"rendered":"https:\/\/www.headshop.nl\/?post_type=product&#038;p=45883"},"modified":"2025-12-18T01:26:33","modified_gmt":"2025-12-18T01:26:33","slug":"vitamin-d2","status":"publish","type":"product","link":"https:\/\/www.headshop.nl\/pt\/vitamin-d2\/","title":{"rendered":"Vitamina D2"},"content":{"rendered":"<h2>O que \u00e9 a vitamina D2 Fit4Seasons?<\/h2>\n<p>Fit4Seasons Vitamin D2 \u00e9 um suplemento vegan concebido para apoiar a sua sa\u00fade geral, fornecendo uma dose di\u00e1ria de vitamina D2. Este nutriente essencial desempenha um papel crucial na manuten\u00e7\u00e3o de ossos e dentes saud\u00e1veis, no apoio \u00e0 fun\u00e7\u00e3o muscular e no refor\u00e7o do sistema imunit\u00e1rio. Uma vez que a vitamina D \u00e9 obtida principalmente a partir da exposi\u00e7\u00e3o solar e de alimentos de origem animal, este suplemento oferece uma alternativa \u00e0 base de plantas para aqueles que t\u00eam luz solar limitada ou seguem um estilo de vida vegan ou vegetariano. Cada c\u00e1psula cont\u00e9m 25 mcg (1000 UI) de Vitamina D2, derivada de cogumelos, o que a torna adequada para quem procura uma fonte de Vitamina D natural e amiga dos veganos.<\/p>\n<p>Quer pretenda manter os ossos saud\u00e1veis ou melhorar a fun\u00e7\u00e3o imunit\u00e1ria, a Vitamina D2 Fit4Seasons oferece uma solu\u00e7\u00e3o f\u00e1cil de tomar e de alta qualidade para satisfazer as suas necessidades di\u00e1rias de vitamina D.<\/p>\n<h2>Historial da Vitamina D2 Fit4Seasons<\/h2>\n<p>Fit4Seasons A Vitamina D2 \u00e9 um produto de uma empresa empenhada em fornecer solu\u00e7\u00f5es de sa\u00fade sustent\u00e1veis e \u00e0 base de plantas. A hist\u00f3ria da suplementa\u00e7\u00e3o com Vitamina D remonta ao in\u00edcio do s\u00e9culo XX, quando se descobriu que a Vitamina D podia prevenir o raquitismo, uma condi\u00e7\u00e3o causada por uma defici\u00eancia de Vitamina D, que afecta a sa\u00fade dos ossos. Tradicionalmente, a vitamina D era derivada de fontes animais, como o \u00f3leo de f\u00edgado de peixe, mas com o aumento das dietas \u00e0 base de plantas, fontes alternativas como os cogumelos ganharam popularidade.<\/p>\n<p>A Vitamina D2 Fit4Seasons tira partido desta fonte alternativa, oferecendo um produto totalmente vegan que \u00e9 eficaz e adequado para quem evita produtos de origem animal. Com a crescente consciencializa\u00e7\u00e3o da import\u00e2ncia da vitamina D no apoio ao sistema imunit\u00e1rio, \u00e0 sa\u00fade \u00f3ssea e ao bem-estar geral, a empresa trabalhou para criar um produto que fosse simultaneamente amigo do ambiente e eficaz na satisfa\u00e7\u00e3o das necessidades dos seus clientes.<\/p>\n<h2>Como utilizar a vitamina D2 Fit4Seasons<\/h2>\n<p>Fit4Seasons A vitamina D2 \u00e9 simples de incorporar na sua rotina di\u00e1ria. A dose recomendada \u00e9 de uma c\u00e1psula por dia, tomada ap\u00f3s uma refei\u00e7\u00e3o com um copo de \u00e1gua. Isto garante uma absor\u00e7\u00e3o \u00f3ptima da vitamina D2. Uma vez que o produto \u00e9 vegan, n\u00e3o cont\u00e9m ingredientes derivados de animais, o que o torna adequado tanto para vegetarianos como para veganos.<\/p>\n<p>Ao incorporar este suplemento na sua rotina, \u00e9 importante lembrar que a vitamina D \u00e9 melhor absorvida quando tomada com uma refei\u00e7\u00e3o que contenha gorduras saud\u00e1veis, uma vez que este nutriente \u00e9 sol\u00favel em gordura. Ao seguir as recomenda\u00e7\u00f5es de dosagem, pode apoiar eficazmente o seu sistema imunit\u00e1rio, manter a sa\u00fade dos ossos e garantir que o seu corpo recebe a quantidade certa de vitamina D, especialmente durante os meses com exposi\u00e7\u00e3o solar limitada.<\/p>\n<h2>Ingredientes de Fit4Seasons Vitamina D2<\/h2>\n<p>Cada c\u00e1psula de Fit4Seasons Vitamina D2 cont\u00e9m uma mistura de ingredientes cuidadosamente selecionada para garantir efic\u00e1cia e qualidade. O principal ingrediente ativo \u00e9 25 mcg (1000 UI) de Vitamina D2, derivada de cogumelos. Esta forma de vitamina D \u00e9 de origem vegetal, o que a torna uma excelente op\u00e7\u00e3o para quem segue uma dieta vegana ou vegetariana. Para al\u00e9m da Vitamina D2, as c\u00e1psulas cont\u00eam celulose microcristalina, que actua como enchimento, estearato de magn\u00e9sio vegetariano, que serve como lubrificante, e di\u00f3xido de sil\u00edcio, um agente antiaglomerante comum que garante que o produto permanece est\u00e1vel e f\u00e1cil de consumir.<\/p>\n<p>As c\u00e1psulas s\u00e3o feitas de hidroxipropil Methylcellulose (HPMC), um ingrediente derivado de plantas que as torna adequadas para dietas veganas. Isto garante que cada c\u00e1psula \u00e9 isenta de produtos de origem animal, proporcionando uma alternativa natural e sustent\u00e1vel para quem procura um suplemento de vitamina D.<\/p>\n<p><strong>Aviso<\/strong><br \/>\nManter fora do alcance das crian\u00e7as. Consultar o m\u00e9dico antes de utilizar se estiver gr\u00e1vida, a amamentar ou se tiver quaisquer problemas de sa\u00fade. Conservar num local fresco e escuro \u00e0 temperatura ambiente. N\u00e3o exceder a dose di\u00e1ria recomendada.<\/p>","protected":false},"excerpt":{"rendered":"<p>As c\u00e1psulas de Vitamina D2 Fit4Seasons s\u00e3o um suplemento vegan derivado de cogumelos, fornecendo 25 mcg (1000 UI) de Vitamina D2 por c\u00e1psula. Este nutriente essencial apoia a sa\u00fade dos ossos, dentes, m\u00fasculos e fun\u00e7\u00e3o imunit\u00e1ria, tornando-o uma escolha ideal para quem tem uma exposi\u00e7\u00e3o solar limitada ou para quem segue uma dieta \u00e0 base de plantas.<\/p>","protected":false},"featured_media":82174,"template":"","meta":[],"product_brand":[],"product_cat":[815,391,455,389,460,384,463,458,456,464],"product_tag":[],"class_list":{"0":"post-45883","1":"product","2":"type-product","3":"status-publish","4":"has-post-thumbnail","6":"product_cat-fit4seasons","7":"product_cat-extracts","8":"product_cat-healthshop","9":"product_cat-herbs","10":"product_cat-recovery","11":"product_cat-smartshop","12":"product_cat-sport","13":"product_cat-superfoods","14":"product_cat-supplements","15":"product_cat-vitamins","17":"first","18":"instock","19":"taxable","20":"shipping-taxable","21":"purchasable","22":"product-type-variable","23":"has-default-attributes"},"_links":{"self":[{"href":"https:\/\/www.headshop.nl\/pt\/wp-json\/wp\/v2\/product\/45883","targetHints":{"allow":["GET"]}}],"collection":[{"href":"https:\/\/www.headshop.nl\/pt\/wp-json\/wp\/v2\/product"}],"about":[{"href":"https:\/\/www.headshop.nl\/pt\/wp-json\/wp\/v2\/types\/product"}],"wp:featuredmedia":[{"embeddable":true,"href":"https:\/\/www.headshop.nl\/pt\/wp-json\/wp\/v2\/media\/82174"}],"wp:attachment":[{"href":"https:\/\/www.headshop.nl\/pt\/wp-json\/wp\/v2\/media?parent=45883"}],"wp:term":[{"taxonomy":"product_brand","embeddable":true,"href":"https:\/\/www.headshop.nl\/pt\/wp-json\/wp\/v2\/product_brand?post=45883"},{"taxonomy":"product_cat","embeddable":true,"href":"https:\/\/www.headshop.nl\/pt\/wp-json\/wp\/v2\/product_cat?post=45883"},{"taxonomy":"product_tag","embeddable":true,"href":"https:\/\/www.headshop.nl\/pt\/wp-json\/wp\/v2\/product_tag?post=45883"}],"curies":[{"name":"wp","href":"https:\/\/api.w.org\/{rel}","templated":true}]}}