{"id":45875,"date":"2022-07-04T08:53:43","date_gmt":"2022-07-04T08:53:43","guid":{"rendered":"https:\/\/www.headshop.nl\/?post_type=product&#038;p=45875"},"modified":"2025-05-23T09:35:35","modified_gmt":"2025-05-23T09:35:35","slug":"chlorella","status":"publish","type":"product","link":"https:\/\/www.headshop.nl\/pt\/chlorella\/","title":{"rendered":"Clorela"},"content":{"rendered":"<h2>O que s\u00e3o os comprimidos de Chlorella?<\/h2>\n<p>Fit4Seasons Chlorella Tablets \u00e9 um suplemento alimentar produzido a partir de p\u00f3 de Chlorella org\u00e2nica 100%. A Chlorella \u00e9 uma alga verde unicelular de \u00e1gua doce, uma das formas de vida vegetal mais antigas da Terra, conhecida pelo seu perfil nutricional excecional. Estes comprimidos fornecem uma fonte natural de amino\u00e1cidos essenciais, vitaminas e minerais, incluindo c\u00e1lcio, ferro, magn\u00e9sio, pot\u00e1ssio e f\u00f3sforo. Estes nutrientes apoiam v\u00e1rias fun\u00e7\u00f5es corporais, como a manuten\u00e7\u00e3o de ossos saud\u00e1veis, o refor\u00e7o do sistema imunit\u00e1rio e o aumento da produ\u00e7\u00e3o de energia.<\/p>\n<p>A Chlorella \u00e9 particularmente apreciada pelas suas propriedades desintoxicantes. Acredita-se que ajuda a remover metais pesados como o merc\u00fario do corpo, promovendo a sa\u00fade e a vitalidade em geral. O seu rico teor de clorofila tamb\u00e9m apoia os processos naturais de desintoxica\u00e7\u00e3o do organismo. Fit4Seasons Organic Chlorella Tablets oferece uma forma conveniente e vegan de incorporar este poderoso superalimento na sua dieta.<\/p>\n<h2>Hist\u00f3ria da Chlorella<\/h2>\n<p>A Chlorella tem uma longa hist\u00f3ria como superalimento, tendo o seu incr\u00edvel valor nutricional sido reconhecido pela primeira vez no s\u00e9culo XX. Foi descoberta no s\u00e9culo XIX pelo microbiologista holand\u00eas Martinus Beijerinck, que observou o seu potencial como fonte alimentar. Em meados do s\u00e9culo XX, investigadores japoneses exploraram os benef\u00edcios da Chlorella para a sa\u00fade, nomeadamente as suas propriedades desintoxicantes e de refor\u00e7o do sistema imunit\u00e1rio.<\/p>\n<p>Devido ao seu r\u00e1pido crescimento e elevada concentra\u00e7\u00e3o de nutrientes, a Chlorella tornou-se numa das algas mais estudadas em todo o mundo. Juntamente com a Spirulina, tem sido amplamente investigada pelo seu papel na desintoxica\u00e7\u00e3o e no apoio ao sistema imunit\u00e1rio. Ao longo dos anos, ganhou popularidade como suplemento diet\u00e9tico, ajudando as pessoas a melhorar os seus n\u00edveis de energia, a fortalecer os seus sistemas imunit\u00e1rios e a manter a sa\u00fade em geral.<\/p>\n<p>Atualmente, a Chlorella continua a ser uma parte essencial da rotina de muitos indiv\u00edduos preocupados com a sa\u00fade, particularmente entre aqueles que seguem dietas \u00e0 base de plantas. Sendo uma fonte de prote\u00edna org\u00e2nica e completa, repleta de nutrientes ben\u00e9ficos, continua a ser um superalimento de confian\u00e7a.<\/p>\n<h2>Como utilizar Chlorella em comprimidos<\/h2>\n<p>Para integrar Fit4Seasons Organic Chlorella Tablets na sua rotina di\u00e1ria, tome 1-2 comprimidos tr\u00eas vezes por dia \u00e0s refei\u00e7\u00f5es, acompanhados de \u00e1gua. Esta dosagem aumenta a absor\u00e7\u00e3o dos nutrientes da Chlorella, apoiando a desintoxica\u00e7\u00e3o, aumentando a energia e promovendo o bem-estar geral.<\/p>\n<p>Se est\u00e1 a come\u00e7ar a utilizar a Chlorella, recomenda-se que comece com uma dose mais baixa e aumente gradualmente \u00e0 medida que o seu corpo se adapta. O uso regular pode ajudar a apoiar uma dieta equilibrada e a melhorar a vitalidade, mas os suplementos alimentares devem complementar, e n\u00e3o substituir, um estilo de vida saud\u00e1vel.<\/p>\n<p>Para obter os melhores resultados, manter uma utiliza\u00e7\u00e3o consistente ao longo do tempo para experimentar toda a gama de benef\u00edcios, incluindo o aumento dos n\u00edveis de energia e o apoio ao sistema imunit\u00e1rio. Se estiver gr\u00e1vida, a amamentar ou tiver algum problema de sa\u00fade, consulte um profissional de sa\u00fade antes de utilizar.<\/p>\n<h2>Ingredientes de Chlorella Tablets<\/h2>\n<p>Cada comprimido de Chlorella Fit4Seasons cont\u00e9m <strong>100% Chlorella org\u00e2nica em p\u00f3<\/strong>que fornece uma grande quantidade de nutrientes essenciais numa forma concentrada. Os principais nutrientes incluem:<\/p>\n<ul>\n<li><strong>Vitamins:<\/strong> A, C, E, K, e uma vasta gama de vitaminas B, incluindo o \u00e1cido f\u00f3lico.<\/li>\n<li><strong>Minerais:<\/strong> C\u00e1lcio, ferro, magn\u00e9sio, pot\u00e1ssio e f\u00f3sforo.<\/li>\n<li><strong>Amino\u00e1cidos:<\/strong> Blocos essenciais de constru\u00e7\u00e3o das prote\u00ednas, cruciais para a sa\u00fade geral.<\/li>\n<li><strong>Clorofila:<\/strong> Apoia os processos naturais de desintoxica\u00e7\u00e3o do organismo e a vitalidade geral.<\/li>\n<\/ul>\n<p>A Chlorella \u00e9 particularmente conhecida pela sua capacidade de ajudar na desintoxica\u00e7\u00e3o, apoiar a sa\u00fade da pele, dos ossos e da fun\u00e7\u00e3o imunit\u00e1ria, e fornecer uma fonte vegetal de prote\u00ednas completas. Com o seu perfil rico em nutrientes, Fit4Seasons Organic Chlorella Tablets \u00e9 uma excelente escolha para quem procura melhorar a sua sa\u00fade geral de forma natural.<\/p>\n<h2>Avisos<\/h2>\n<ul>\n<li>Manter fora do alcance das crian\u00e7as.<\/li>\n<li>Consulte o seu m\u00e9dico antes de utilizar o produto se estiver gr\u00e1vida, a amamentar ou se sofrer de algum problema de sa\u00fade.<\/li>\n<li>Conservar num local fresco e seco, ao abrigo da luz solar direta e \u00e0 temperatura ambiente.<\/li>\n<\/ul>","protected":false},"excerpt":{"rendered":"<p>A Chlorella \u00e9 uma alga verde unicelular de \u00e1gua doce e pertence \u00e0s formas mais antigas de vida vegetal na Terra, sendo por isso extremamente adequada para vegans. Esta esp\u00e9cie de alga tem um perfil proteico muito completo. A Chlorella tamb\u00e9m cont\u00e9m muitos minerais e vitaminas. A Chlorella \u00e9 frequentemente utilizada para a desintoxica\u00e7\u00e3o do corpo.<\/p>\n<p>Juntamente com a Spirulina, esta \u00e9 uma das algas mais investigadas no mundo.<br \/>\nCont\u00e9m uma boa composi\u00e7\u00e3o de amino\u00e1cidos essenciais e minerais como o c\u00e1lcio, ferro, magn\u00e9sio, pot\u00e1ssio, f\u00f3sforo e clorofila. Para al\u00e9m disso, a Chlorella cont\u00e9m vitaminas A, C, E, K e a maioria das vitaminas B, incluindo o \u00e1cido f\u00f3lico.<\/p>","protected":false},"featured_media":82182,"template":"","meta":[],"product_brand":[],"product_cat":[815,391,455,389,384,463,458,456],"product_tag":[],"class_list":{"0":"post-45875","1":"product","2":"type-product","3":"status-publish","4":"has-post-thumbnail","6":"product_cat-fit4seasons","7":"product_cat-extracts","8":"product_cat-healthshop","9":"product_cat-herbs","10":"product_cat-smartshop","11":"product_cat-sport","12":"product_cat-superfoods","13":"product_cat-supplements","15":"first","16":"instock","17":"taxable","18":"shipping-taxable","19":"purchasable","20":"product-type-variable","21":"has-default-attributes"},"_links":{"self":[{"href":"https:\/\/www.headshop.nl\/pt\/wp-json\/wp\/v2\/product\/45875","targetHints":{"allow":["GET"]}}],"collection":[{"href":"https:\/\/www.headshop.nl\/pt\/wp-json\/wp\/v2\/product"}],"about":[{"href":"https:\/\/www.headshop.nl\/pt\/wp-json\/wp\/v2\/types\/product"}],"wp:featuredmedia":[{"embeddable":true,"href":"https:\/\/www.headshop.nl\/pt\/wp-json\/wp\/v2\/media\/82182"}],"wp:attachment":[{"href":"https:\/\/www.headshop.nl\/pt\/wp-json\/wp\/v2\/media?parent=45875"}],"wp:term":[{"taxonomy":"product_brand","embeddable":true,"href":"https:\/\/www.headshop.nl\/pt\/wp-json\/wp\/v2\/product_brand?post=45875"},{"taxonomy":"product_cat","embeddable":true,"href":"https:\/\/www.headshop.nl\/pt\/wp-json\/wp\/v2\/product_cat?post=45875"},{"taxonomy":"product_tag","embeddable":true,"href":"https:\/\/www.headshop.nl\/pt\/wp-json\/wp\/v2\/product_tag?post=45875"}],"curies":[{"name":"wp","href":"https:\/\/api.w.org\/{rel}","templated":true}]}}