{"id":45874,"date":"2022-07-04T08:53:41","date_gmt":"2022-07-04T08:53:41","guid":{"rendered":"https:\/\/www.headshop.nl\/?post_type=product&#038;p=45874"},"modified":"2025-05-23T09:35:40","modified_gmt":"2025-05-23T09:35:40","slug":"pine-pollen","status":"publish","type":"product","link":"https:\/\/www.headshop.nl\/pt\/pine-pollen\/","title":{"rendered":"Pine Pollen"},"content":{"rendered":"<h2>O que s\u00e3o os tablets Pine Pollen?<\/h2>\n<p>Pine Pollen Tablets \u00e9 um suplemento alimentar natural \u00e0 base de <strong>90% org\u00e2nico Pine Pollen p\u00f3<\/strong> e <strong>10% maltodextrina em p\u00f3<\/strong>. Estes comprimidos s\u00e3o uma fonte rica de fito-androg\u00e9nios bio-id\u00eanticos como <strong>DHEA, androsterona e testosterona<\/strong>que desempenham um papel fundamental na manuten\u00e7\u00e3o de n\u00edveis hormonais saud\u00e1veis nos homens.<\/p>\n<p>Com a sua cor amarela subtil e sabor naturalmente doce, o Pine Pollen \u00e9 utilizado h\u00e1 s\u00e9culos pelos seus in\u00fameros benef\u00edcios para a sa\u00fade. O consumo regular de Pine Pollen Tablets pode ajudar <strong>fertilidade masculina, aumentar a libido e melhorar a vitalidade f\u00edsica e mental geral<\/strong>.<\/p>\n<p>O Pine Pollen tamb\u00e9m \u00e9 valorizado pela sua capacidade de <strong>aumentar os n\u00edveis de energia, refor\u00e7ar a fun\u00e7\u00e3o imunit\u00e1ria e aliviar as dores nas articula\u00e7\u00f5es<\/strong>tornando-o um suplemento vers\u00e1til para quem procura uma forma natural de melhorar a sua sa\u00fade.<\/p>\n<h2>Hist\u00f3ria dos comprimidos Pine Pollen<\/h2>\n<p>O Pine Pollen tem uma longa hist\u00f3ria em <strong>medicina tradicional<\/strong>A planta \u00e9 utilizada, desde h\u00e1 muito tempo, em culturas asi\u00e1ticas, onde era utilizada pelas suas poderosas propriedades ben\u00e9ficas para a sa\u00fade. Era muito apreciada pela sua capacidade de <strong>fortalece o corpo, melhora a resist\u00eancia e promove uma energia jovem<\/strong>.<\/p>\n<p>A utiliza\u00e7\u00e3o moderna dos Tablets Pine Pollen baseia-se na sua <strong>elevada concentra\u00e7\u00e3o de testosterona natural e de nutrientes essenciais<\/strong> que apoiam a sa\u00fade masculina. Ao longo do tempo, o Pine Pollen tamb\u00e9m foi reconhecido pela sua <strong>propriedades antioxidantes<\/strong>que ajudam a combater o envelhecimento e contribuem para o bem-estar geral.<\/p>\n<p>Atualmente, os Tablets Pine Pollen fornecem uma <strong>c\u00f3modo e biodispon\u00edvel<\/strong> para desfrutar dos benef\u00edcios deste potente suplemento natural, tornando mais f\u00e1cil do que nunca a sua integra\u00e7\u00e3o numa rotina di\u00e1ria de bem-estar.<\/p>\n<h2>Como utilizar os comprimidos Pine Pollen<\/h2>\n<p>Para melhores resultados, tomar <strong>1-2 comprimidos de Pine Pollen tr\u00eas vezes por dia<\/strong>de prefer\u00eancia \u00e0s refei\u00e7\u00f5es e com um copo de \u00e1gua. Esta dosagem assegura uma absor\u00e7\u00e3o eficaz dos nutrientes, apoiando <strong>equil\u00edbrio hormonal, fertilidade e n\u00edveis de energia<\/strong> ao longo do dia.<\/p>\n<p>Estes comprimidos s\u00e3o particularmente ben\u00e9ficos para os homens que sofrem de sintomas relacionados com <strong>desequil\u00edbrio hormonal, baixa energia ou diminui\u00e7\u00e3o da libido<\/strong>. A utiliza\u00e7\u00e3o regular pode ajudar a suportar <strong>n\u00edveis de testosterona, melhorar a resist\u00eancia e aumentar a concentra\u00e7\u00e3o mental<\/strong>.<\/p>\n<p>Siga sempre a dose recomendada e consulte um profissional de sa\u00fade antes de utilizar, especialmente se tiver <strong>problemas de sa\u00fade subjacentes, estiver gr\u00e1vida ou a amamentar<\/strong>.<\/p>\n<h2>Ingredientes de Pine Pollen Comprimidos<\/h2>\n<p>Cada comprimido de Pine Pollen cont\u00e9m:<\/p>\n<ul>\n<li><strong>90% Org\u00e2nico Pine Pollen P\u00f3<\/strong> - Rico em nutrientes biodispon\u00edveis, incluindo:\n<ul>\n<li><strong>Fito-androg\u00e9nios (DHEA, androsterona, testosterona)<\/strong> - Naturalmente id\u00eanticas \u00e0s hormonas humanas, apoiando <strong>sa\u00fade masculina, n\u00edveis de testosterona e fertilidade<\/strong>.<\/li>\n<li><strong>Vitamins<\/strong> - Incluindo <strong>Vitamina A, vitaminas B e amino\u00e1cidos essenciais<\/strong>crucial para a produ\u00e7\u00e3o de energia e para o bem-estar geral.<\/li>\n<li><strong>Antioxidantes<\/strong> - Ajudar a reduzir <strong>inflama\u00e7\u00e3o, apoiar a fun\u00e7\u00e3o imunit\u00e1ria e proteger contra o stress oxidativo<\/strong>.<\/li>\n<\/ul>\n<\/li>\n<li><strong>10% Maltodextrina em p\u00f3<\/strong> - Um aglutinante natural que ajuda a formar os comprimidos.<\/li>\n<\/ul>\n<p>Com a sua <strong>composi\u00e7\u00e3o rica em nutrientes<\/strong>O Pine Pollen \u00e9 um excelente complemento para quem procura <strong>aumenta a vitalidade masculina, apoia o equil\u00edbrio hormonal e melhora a sa\u00fade geral<\/strong>.<\/p>\n<h2>Aviso<\/h2>\n<ul>\n<li>Manter fora do alcance das crian\u00e7as.<\/li>\n<li>Consulte o seu m\u00e9dico antes de utilizar o produto se estiver gr\u00e1vida, a amamentar ou se sofrer de alguma doen\u00e7a.<\/li>\n<li>Conservar num local fresco e escuro \u00e0 temperatura ambiente.<\/li>\n<\/ul>","protected":false},"excerpt":{"rendered":"<p>O p\u00f3len de pinheiro \u00e9 de cor clara, geralmente amarela e tem um sabor doce que o torna agrad\u00e1vel de consumir. Trata-se de um dos suplementos nutricionais mais espec\u00edficos e especiais do mundo, devido ao facto de este p\u00f3len ser a maior fonte natural de testosterona que conhecemos no planeta. Cont\u00eam mais de 200 nutrientes biodispon\u00edveis, tais como vitaminas, minerais, enzimas, antioxidantes e fitoandrog\u00e9nios naturais. Estes androg\u00e9nios s\u00e3o bioid\u00eanticos aos humanos (nomeadamente: DHEA-androstenediona, androsterona e testosterona).<br \/>\nEstes p\u00f3lenes s\u00e3o hoje em dia quase indispens\u00e1veis, dada a quantidade de hormonas femininas que s\u00e3o adicionadas \u00e0 nossa alimenta\u00e7\u00e3o di\u00e1ria.<\/p>","protected":false},"featured_media":82183,"template":"","meta":[],"product_brand":[],"product_cat":[815,391,455,389,384,463,458,456],"product_tag":[],"class_list":{"0":"post-45874","1":"product","2":"type-product","3":"status-publish","4":"has-post-thumbnail","6":"product_cat-fit4seasons","7":"product_cat-extracts","8":"product_cat-healthshop","9":"product_cat-herbs","10":"product_cat-smartshop","11":"product_cat-sport","12":"product_cat-superfoods","13":"product_cat-supplements","15":"first","16":"instock","17":"taxable","18":"shipping-taxable","19":"purchasable","20":"product-type-variable","21":"has-default-attributes"},"_links":{"self":[{"href":"https:\/\/www.headshop.nl\/pt\/wp-json\/wp\/v2\/product\/45874","targetHints":{"allow":["GET"]}}],"collection":[{"href":"https:\/\/www.headshop.nl\/pt\/wp-json\/wp\/v2\/product"}],"about":[{"href":"https:\/\/www.headshop.nl\/pt\/wp-json\/wp\/v2\/types\/product"}],"wp:featuredmedia":[{"embeddable":true,"href":"https:\/\/www.headshop.nl\/pt\/wp-json\/wp\/v2\/media\/82183"}],"wp:attachment":[{"href":"https:\/\/www.headshop.nl\/pt\/wp-json\/wp\/v2\/media?parent=45874"}],"wp:term":[{"taxonomy":"product_brand","embeddable":true,"href":"https:\/\/www.headshop.nl\/pt\/wp-json\/wp\/v2\/product_brand?post=45874"},{"taxonomy":"product_cat","embeddable":true,"href":"https:\/\/www.headshop.nl\/pt\/wp-json\/wp\/v2\/product_cat?post=45874"},{"taxonomy":"product_tag","embeddable":true,"href":"https:\/\/www.headshop.nl\/pt\/wp-json\/wp\/v2\/product_tag?post=45874"}],"curies":[{"name":"wp","href":"https:\/\/api.w.org\/{rel}","templated":true}]}}