{"id":45866,"date":"2022-07-04T08:52:47","date_gmt":"2022-07-04T08:52:47","guid":{"rendered":"https:\/\/www.headshop.nl\/?post_type=product&#038;p=45866"},"modified":"2025-05-23T09:35:45","modified_gmt":"2025-05-23T09:35:45","slug":"spirulina","status":"publish","type":"product","link":"https:\/\/www.headshop.nl\/pt\/spirulina\/","title":{"rendered":"Spirulina"},"content":{"rendered":"<h2 data-pm-slice=\"1 1 []\">O que s\u00e3o os comprimidos de Spirulina?<\/h2>\n<p>Spirulina Tablets \u00e9 um suplemento alimentar feito de espirulina org\u00e2nica, uma alga azul-verde rica em nutrientes. Reconhecida como um dos superalimentos mais nutritivos, a spirulina fornece uma s\u00e9rie de vitaminas, minerais e amino\u00e1cidos essenciais. Cada pastilha cont\u00e9m espirulina em p\u00f3, que \u00e9 rica em prote\u00ednas (que constituem 70% do seu conte\u00fado), \u00e1cidos gordos \u00f3mega 3 e antioxidantes. A espirulina \u00e9 conhecida por aumentar a energia, melhorar a resist\u00eancia e apoiar o sistema imunit\u00e1rio.<\/p>\n<p>Estes comprimidos s\u00e3o particularmente apreciados por atletas, vegetarianos e pessoas com um estilo de vida ativo. O perfil completo de prote\u00ednas da Spirulina, incluindo os nove amino\u00e1cidos essenciais, torna-a uma excelente fonte de prote\u00ednas de origem vegetal. Al\u00e9m disso, a sua riqueza em vitaminas (como as vitaminas B) e minerais (incluindo c\u00e1lcio, ferro e magn\u00e9sio) contribui para a sa\u00fade geral. Os comprimidos de Spirulina oferecem uma forma conveniente de integrar este poderoso superalimento na sua rotina di\u00e1ria.<\/p>\n<h2>Hist\u00f3ria das pastilhas de Spirulina<\/h2>\n<p>O consumo de spirulina remonta a civiliza\u00e7\u00f5es antigas, nomeadamente os astecas, que a valorizavam como fonte de alimento nutritivo. No entanto, o interesse moderno pela spirulina aumentou em meados do s\u00e9culo XX, quando foram redescobertos os seus not\u00e1veis benef\u00edcios para a sa\u00fade. A spirulina ganhou rapidamente popularidade entre a comunidade preocupada com a sa\u00fade, especialmente atletas e vegetarianos, devido ao seu elevado teor de prote\u00ednas e perfil nutricional abrangente.<\/p>\n<p>A introdu\u00e7\u00e3o dos comprimidos de Spirulina tornou mais conveniente o consumo deste superalimento, alargando a sua acessibilidade. A investiga\u00e7\u00e3o extensiva destacou os potenciais benef\u00edcios da spirulina, incluindo o apoio ao sistema imunit\u00e1rio, o aumento da energia e a melhoria da resist\u00eancia. Atualmente, a spirulina \u00e9 mundialmente reconhecida como um dos superalimentos mais extensivamente estudados, com a forma de comprimidos a proporcionar uma forma f\u00e1cil de desfrutar dos seus benef\u00edcios sem a necessidade de prepara\u00e7\u00e3o adicional.<\/p>\n<h2>Como utilizar as pastilhas de Spirulina<\/h2>\n<p>Para obter os melhores benef\u00edcios, tomar 1-2 comprimidos tr\u00eas vezes por dia com \u00e1gua durante as refei\u00e7\u00f5es. Esta rotina assegura um fornecimento constante de nutrientes da spirulina ao longo do dia. Aqueles que procuram maiores benef\u00edcios para a sa\u00fade podem combinar a spirulina com outros superalimentos, como a clorela, para obter efeitos melhorados.<\/p>\n<p>Os comprimidos de Spirulina complementam uma dieta equilibrada e um estilo de vida ativo, aumentando a energia, fortalecendo o sistema imunit\u00e1rio e melhorando a resist\u00eancia. Ideal para atletas e indiv\u00edduos que procuram melhorar o seu desempenho f\u00edsico e mental, a spirulina tamb\u00e9m pode ser utilizada como um suplemento di\u00e1rio de bem-estar. Siga sempre a dose recomendada e consulte um profissional de sa\u00fade se estiver gr\u00e1vida, a amamentar ou se tiver quaisquer preocupa\u00e7\u00f5es m\u00e9dicas.<\/p>\n<h2>Ingredientes de Spirulina em comprimidos<\/h2>\n<p>Cada comprimido de Spirulina cont\u00e9m 100% de spirulina biol\u00f3gica em p\u00f3, uma fonte poderosa de nutrientes essenciais. Com todos os nove amino\u00e1cidos essenciais, a spirulina \u00e9 uma excelente fonte de prote\u00ednas de origem vegetal, especialmente para vegetarianos e veganos. Tamb\u00e9m \u00e9 rica em vitaminas B, fibras, antioxidantes e \u00e1cidos gordos \u00f3mega 3, que contribuem para a sa\u00fade cardiovascular, a fun\u00e7\u00e3o cerebral e o bem-estar geral.<\/p>\n<p>O teor de c\u00e1lcio da spirulina \u00e9 tr\u00eas vezes superior ao do leite gordo, o que a torna uma valiosa fonte de c\u00e1lcio \u00e0 base de plantas. Al\u00e9m disso, a spirulina fornece minerais essenciais como o ferro, o magn\u00e9sio e o pot\u00e1ssio, que apoiam v\u00e1rias fun\u00e7\u00f5es corporais. Os seus elevados n\u00edveis de antioxidantes ajudam a combater o stress oxidativo, promovendo ainda mais a sa\u00fade imunit\u00e1ria e o bem-estar geral.<\/p>\n<p><strong>Aviso:<\/strong> Manter fora do alcance das crian\u00e7as. Consulte o seu m\u00e9dico antes de utilizar este produto se estiver gr\u00e1vida, a amamentar ou se tiver algum problema de sa\u00fade. Conservar \u00e0 temperatura ambiente num local escuro.<\/p>\n<p>Os comprimidos de Spirulina oferecem uma forma simples e eficaz de incorporar uma potente fonte de nutrientes na sua dieta. Apoiando a energia, a resist\u00eancia e a sa\u00fade imunit\u00e1ria, este suplemento de superalimento ajuda a manter um estilo de vida saud\u00e1vel e ativo.<\/p>","protected":false},"excerpt":{"rendered":"<p>A espirulina \u00e9 uma alga fitopl\u00e2ncton verde-azulada que cresce em \u00e1gua doce. Esta esp\u00e9cie de alga popular pode contribuir para aumentar os n\u00edveis de energia, a resist\u00eancia e um sistema imunit\u00e1rio melhorado. A Spirulina cont\u00e9m 18 amino\u00e1cidos. Dos quais tamb\u00e9m os 9 essenciais. \u00c9 tamb\u00e9m rica em fibras e vitaminas B. Isto significa que estes comprimidos s\u00e3o utilizados com grande entusiasmo por atletas e pessoas que seguem um estilo de vida consciente. Para um efeito mais forte, utilizar a spirulina com chlorella.<\/p>","protected":false},"featured_media":82184,"template":"","meta":[],"product_brand":[],"product_cat":[815,391,455,389,384,463,458,456],"product_tag":[],"class_list":{"0":"post-45866","1":"product","2":"type-product","3":"status-publish","4":"has-post-thumbnail","6":"product_cat-fit4seasons","7":"product_cat-extracts","8":"product_cat-healthshop","9":"product_cat-herbs","10":"product_cat-smartshop","11":"product_cat-sport","12":"product_cat-superfoods","13":"product_cat-supplements","15":"first","16":"instock","17":"taxable","18":"shipping-taxable","19":"purchasable","20":"product-type-variable","21":"has-default-attributes"},"_links":{"self":[{"href":"https:\/\/www.headshop.nl\/pt\/wp-json\/wp\/v2\/product\/45866","targetHints":{"allow":["GET"]}}],"collection":[{"href":"https:\/\/www.headshop.nl\/pt\/wp-json\/wp\/v2\/product"}],"about":[{"href":"https:\/\/www.headshop.nl\/pt\/wp-json\/wp\/v2\/types\/product"}],"wp:featuredmedia":[{"embeddable":true,"href":"https:\/\/www.headshop.nl\/pt\/wp-json\/wp\/v2\/media\/82184"}],"wp:attachment":[{"href":"https:\/\/www.headshop.nl\/pt\/wp-json\/wp\/v2\/media?parent=45866"}],"wp:term":[{"taxonomy":"product_brand","embeddable":true,"href":"https:\/\/www.headshop.nl\/pt\/wp-json\/wp\/v2\/product_brand?post=45866"},{"taxonomy":"product_cat","embeddable":true,"href":"https:\/\/www.headshop.nl\/pt\/wp-json\/wp\/v2\/product_cat?post=45866"},{"taxonomy":"product_tag","embeddable":true,"href":"https:\/\/www.headshop.nl\/pt\/wp-json\/wp\/v2\/product_tag?post=45866"}],"curies":[{"name":"wp","href":"https:\/\/api.w.org\/{rel}","templated":true}]}}