{"id":45844,"date":"2020-07-04T08:41:24","date_gmt":"2020-07-04T08:41:24","guid":{"rendered":"https:\/\/www.headshop.nl\/?post_type=product&#038;p=45844"},"modified":"2026-04-21T07:12:43","modified_gmt":"2026-04-21T07:12:43","slug":"speed-party-shot-royal-c","status":"publish","type":"product","link":"https:\/\/www.headshop.nl\/pt\/speed-party-shot-royal-c\/","title":{"rendered":"Speed party shot &#8211; Royal C"},"content":{"rendered":"<p>A Royal Line foi desenvolvida por e para McSmart para chegar a outro n\u00edvel de forma natural. Ao desenvolver esta linha, oferecemos-lhe uma experi\u00eancia segura, legal e acess\u00edvel que ir\u00e1 gostar!<\/p>\n<p>Devido \u00e0 sua forma l\u00edquida, as doses s\u00e3o rapidamente absorvidas pelo organismo e o efeito faz-se sentir rapidamente. Desfrute das maravilhosas experi\u00eancias que os Royals lhe oferecem e surpreenda-se com as deliciosas propriedades destas ervas.<\/p>\n<p><strong>Dosagem recomendada:<\/strong>\u00a05 a 15ml<\/p>","protected":false},"excerpt":{"rendered":"<p>O Royal C \u00e9 um extrato de ervas. Este extrato de ervas d\u00e1 uma sensa\u00e7\u00e3o de energia muito forte. A sensa\u00e7\u00e3o pode durar cerca de 4 horas. O tempo suficiente para deixar o seu cabelo solto enquanto est\u00e1 fora de casa.<\/p>","protected":false},"featured_media":82278,"template":"","meta":[],"product_brand":[],"product_cat":[297,411,391,386,1047,384],"product_tag":[],"class_list":{"0":"post-45844","1":"product","2":"type-product","3":"status-publish","4":"has-post-thumbnail","6":"product_cat-all-products","7":"product_cat-energy-pills","8":"product_cat-extracts","9":"product_cat-party-pills","10":"product_cat-party-shots","11":"product_cat-smartshop","12":"product_shipping_class-not-allowed-group-1","14":"first","15":"instock","16":"taxable","17":"shipping-taxable","18":"purchasable","19":"product-type-simple"},"_links":{"self":[{"href":"https:\/\/www.headshop.nl\/pt\/wp-json\/wp\/v2\/product\/45844","targetHints":{"allow":["GET"]}}],"collection":[{"href":"https:\/\/www.headshop.nl\/pt\/wp-json\/wp\/v2\/product"}],"about":[{"href":"https:\/\/www.headshop.nl\/pt\/wp-json\/wp\/v2\/types\/product"}],"wp:featuredmedia":[{"embeddable":true,"href":"https:\/\/www.headshop.nl\/pt\/wp-json\/wp\/v2\/media\/82278"}],"wp:attachment":[{"href":"https:\/\/www.headshop.nl\/pt\/wp-json\/wp\/v2\/media?parent=45844"}],"wp:term":[{"taxonomy":"product_brand","embeddable":true,"href":"https:\/\/www.headshop.nl\/pt\/wp-json\/wp\/v2\/product_brand?post=45844"},{"taxonomy":"product_cat","embeddable":true,"href":"https:\/\/www.headshop.nl\/pt\/wp-json\/wp\/v2\/product_cat?post=45844"},{"taxonomy":"product_tag","embeddable":true,"href":"https:\/\/www.headshop.nl\/pt\/wp-json\/wp\/v2\/product_tag?post=45844"}],"curies":[{"name":"wp","href":"https:\/\/api.w.org\/{rel}","templated":true}]}}