{"id":45843,"date":"2020-07-04T08:38:15","date_gmt":"2020-07-04T08:38:15","guid":{"rendered":"https:\/\/www.headshop.nl\/?post_type=product&#038;p=45843"},"modified":"2026-04-21T07:12:48","modified_gmt":"2026-04-21T07:12:48","slug":"stimulant-party-shot-royal-x","status":"publish","type":"product","link":"https:\/\/www.headshop.nl\/pt\/stimulant-party-shot-royal-x\/","title":{"rendered":"Stimulant party shot &#8211; Royal X"},"content":{"rendered":"<p>A Royal Line foi desenvolvida por e para McSmart para chegar a outro n\u00edvel de forma natural. Ao desenvolver esta linha, oferecemos-te uma experi\u00eancia segura, legal e acess\u00edvel que vais adorar! Devido \u00e0 sua forma l\u00edquida, as doses s\u00e3o rapidamente absorvidas pelo corpo e o efeito sente-se rapidamente. Desfruta das maravilhosas experi\u00eancias que os Royals te oferecem e surpreende-te com as deliciosas propriedades destas ervas.<\/p>\n<p><strong>Dosagem recomendada:<\/strong>\u00a05 a 15ml<\/p>","protected":false},"excerpt":{"rendered":"<p>O Liquid Royal X \u00e9 um XTC l\u00edquido \u00e0 base de plantas. Como este produto altamente euf\u00f3rico \u00e9 tomado na forma l\u00edquida, os primeiros efeitos ocorrem cerca de 15 minutos ap\u00f3s a ingest\u00e3o. Os efeitos psicoactivos duram cerca de 3 a 4 horas. O Royal X pode ajudar nos processos energ\u00e9ticos do corpo e promover o fluxo sangu\u00edneo para os m\u00fasculos e \u00f3rg\u00e3os, podendo tamb\u00e9m causar alguns formigueiros. Al\u00e9m disso, estimula o sistema da dopamina e da serotonina no c\u00e9rebro e este produto provoca formigueiro, euforia, alegria, uma sensa\u00e7\u00e3o boa e um efeito \"spacy\". Resumidamente, \u00e9 um ecstasy herb\u00e1ceo muito bom e poderoso, que proporciona um zumbido energ\u00e9tico, formigueiro por todo o corpo, combinado com uma sensa\u00e7\u00e3o de grande euforia.<\/p>","protected":false},"featured_media":82280,"template":"","meta":[],"product_brand":[],"product_cat":[297,411,391,386,1047,384],"product_tag":[],"class_list":{"0":"post-45843","1":"product","2":"type-product","3":"status-publish","4":"has-post-thumbnail","6":"product_cat-all-products","7":"product_cat-energy-pills","8":"product_cat-extracts","9":"product_cat-party-pills","10":"product_cat-party-shots","11":"product_cat-smartshop","12":"product_shipping_class-not-allowed-group-1","14":"first","15":"instock","16":"taxable","17":"shipping-taxable","18":"purchasable","19":"product-type-simple"},"_links":{"self":[{"href":"https:\/\/www.headshop.nl\/pt\/wp-json\/wp\/v2\/product\/45843","targetHints":{"allow":["GET"]}}],"collection":[{"href":"https:\/\/www.headshop.nl\/pt\/wp-json\/wp\/v2\/product"}],"about":[{"href":"https:\/\/www.headshop.nl\/pt\/wp-json\/wp\/v2\/types\/product"}],"wp:featuredmedia":[{"embeddable":true,"href":"https:\/\/www.headshop.nl\/pt\/wp-json\/wp\/v2\/media\/82280"}],"wp:attachment":[{"href":"https:\/\/www.headshop.nl\/pt\/wp-json\/wp\/v2\/media?parent=45843"}],"wp:term":[{"taxonomy":"product_brand","embeddable":true,"href":"https:\/\/www.headshop.nl\/pt\/wp-json\/wp\/v2\/product_brand?post=45843"},{"taxonomy":"product_cat","embeddable":true,"href":"https:\/\/www.headshop.nl\/pt\/wp-json\/wp\/v2\/product_cat?post=45843"},{"taxonomy":"product_tag","embeddable":true,"href":"https:\/\/www.headshop.nl\/pt\/wp-json\/wp\/v2\/product_tag?post=45843"}],"curies":[{"name":"wp","href":"https:\/\/api.w.org\/{rel}","templated":true}]}}