{"id":45842,"date":"2020-07-04T08:36:06","date_gmt":"2020-07-04T08:36:06","guid":{"rendered":"https:\/\/www.headshop.nl\/?post_type=product&#038;p=45842"},"modified":"2026-04-21T07:12:55","modified_gmt":"2026-04-21T07:12:55","slug":"energy-party-shot-royal-e","status":"publish","type":"product","link":"https:\/\/www.headshop.nl\/pt\/energy-party-shot-royal-e\/","title":{"rendered":"Energy party shot &#8211; Royal E"},"content":{"rendered":"<p>Agitar bem at\u00e9 que o conte\u00fado esteja completamente dissolvido. Tomar uma hora ap\u00f3s uma refei\u00e7\u00e3o. Beber metade primeiro para testar a sua rea\u00e7\u00e3o. Tomar um copo de \u00e1gua ap\u00f3s a ingest\u00e3o.<\/p>\n<p>A Royal Line foi desenvolvida por e para McSmart para chegar a outro n\u00edvel de forma natural. Ao desenvolver esta linha, oferecemos-te uma experi\u00eancia segura, legal e acess\u00edvel que vais adorar! Devido \u00e0 sua forma l\u00edquida, as doses s\u00e3o rapidamente absorvidas pelo corpo e o efeito sente-se rapidamente. Desfruta das maravilhosas experi\u00eancias que os Royals te oferecem e surpreende-te com as deliciosas propriedades destas ervas.<\/p>\n<p><strong>Dosagem recomendada:<\/strong>\u00a05 a 15ml<\/p>","protected":false},"excerpt":{"rendered":"<p>Com o Liquid Royal E pode dizer-se que, se precisar de um pouco mais de energia, esta dose pode faz\u00ea-lo avan\u00e7ar novamente. A sensa\u00e7\u00e3o pode durar cerca de 4 horas, o que \u00e9 suficiente para uma noite agrad\u00e1vel.<\/p>","protected":false},"featured_media":82282,"template":"","meta":[],"product_brand":[],"product_cat":[297,411,391,386,1047,384,412],"product_tag":[],"class_list":{"0":"post-45842","1":"product","2":"type-product","3":"status-publish","4":"has-post-thumbnail","6":"product_cat-all-products","7":"product_cat-energy-pills","8":"product_cat-extracts","9":"product_cat-party-pills","10":"product_cat-party-shots","11":"product_cat-smartshop","12":"product_cat-trippy-pills","13":"product_shipping_class-not-allowed-group-1","15":"first","16":"instock","17":"taxable","18":"shipping-taxable","19":"purchasable","20":"product-type-simple"},"_links":{"self":[{"href":"https:\/\/www.headshop.nl\/pt\/wp-json\/wp\/v2\/product\/45842","targetHints":{"allow":["GET"]}}],"collection":[{"href":"https:\/\/www.headshop.nl\/pt\/wp-json\/wp\/v2\/product"}],"about":[{"href":"https:\/\/www.headshop.nl\/pt\/wp-json\/wp\/v2\/types\/product"}],"wp:featuredmedia":[{"embeddable":true,"href":"https:\/\/www.headshop.nl\/pt\/wp-json\/wp\/v2\/media\/82282"}],"wp:attachment":[{"href":"https:\/\/www.headshop.nl\/pt\/wp-json\/wp\/v2\/media?parent=45842"}],"wp:term":[{"taxonomy":"product_brand","embeddable":true,"href":"https:\/\/www.headshop.nl\/pt\/wp-json\/wp\/v2\/product_brand?post=45842"},{"taxonomy":"product_cat","embeddable":true,"href":"https:\/\/www.headshop.nl\/pt\/wp-json\/wp\/v2\/product_cat?post=45842"},{"taxonomy":"product_tag","embeddable":true,"href":"https:\/\/www.headshop.nl\/pt\/wp-json\/wp\/v2\/product_tag?post=45842"}],"curies":[{"name":"wp","href":"https:\/\/api.w.org\/{rel}","templated":true}]}}