{"id":41719,"date":"2022-03-14T10:03:47","date_gmt":"2022-03-14T10:03:47","guid":{"rendered":"https:\/\/www.headshop.nl\/?post_type=product&#038;p=41719"},"modified":"2025-05-23T09:39:36","modified_gmt":"2025-05-23T09:39:36","slug":"jumbo-pro-gold-rolls-with-prerolled-tips","status":"publish","type":"product","link":"https:\/\/www.headshop.nl\/pt\/jumbo-pro-gold-rolls-with-prerolled-tips\/","title":{"rendered":"Jumbo Pro Gold Rolls com Tips pr\u00e9-enrolado"},"content":{"rendered":"<h2>Jumbo Smoking Consum\u00edveis<\/h2>\n<p>A Jumbo \u00e9 uma marca holandesa de qualidade de papel de enrolar e de artigos para fumadores que tem como objetivo permitir que os fumadores obtenham artigos de qualidade a um pre\u00e7o acess\u00edvel. Os respons\u00e1veis pela Jumbo afirmam que todos os seus produtos s\u00e3o fabricados nas mesmas f\u00e1bricas que outras marcas mais populares e mais estabelecidas, pelo que a sua qualidade deve corresponder a qualquer produtor de tabaco no mercado! A Jumbo tamb\u00e9m \u00e9 conhecida pelo seu fornecimento \u00fanico de papel de enrolar multi-colorido.<\/p>","protected":false},"excerpt":{"rendered":"<p>O papel de enrolar Jumbo Gold Pro tem por objetivo fornecer papel de enrolar da mais alta qualidade a um pre\u00e7o acess\u00edvel. Estes rolos tamb\u00e9m v\u00eam com um pacote de pontas pr\u00e9-enroladas, para que possas enrolar os teus charros ainda mais depressa. Isto significa que basta pegar na quantidade de papel que precisa, adicionar uma ponta e enrolar o seu charro numa quest\u00e3o de segundos! Pr\u00e1tico!<\/p>","protected":false},"featured_media":44173,"template":"","meta":[],"product_brand":[],"product_cat":[810,297,414,447,421,803],"product_tag":[],"class_list":{"0":"post-41719","1":"product","2":"type-product","3":"status-publish","4":"has-post-thumbnail","6":"product_cat-jumbo","7":"product_cat-all-products","8":"product_cat-headshop","9":"product_cat-papers-with-tips","10":"product_cat-rolling-papers","11":"product_cat-rolls","12":"product_shipping_class-creditcard-on","14":"first","15":"instock","16":"taxable","17":"shipping-taxable","18":"purchasable","19":"product-type-variable","20":"has-default-attributes"},"_links":{"self":[{"href":"https:\/\/www.headshop.nl\/pt\/wp-json\/wp\/v2\/product\/41719","targetHints":{"allow":["GET"]}}],"collection":[{"href":"https:\/\/www.headshop.nl\/pt\/wp-json\/wp\/v2\/product"}],"about":[{"href":"https:\/\/www.headshop.nl\/pt\/wp-json\/wp\/v2\/types\/product"}],"wp:featuredmedia":[{"embeddable":true,"href":"https:\/\/www.headshop.nl\/pt\/wp-json\/wp\/v2\/media\/44173"}],"wp:attachment":[{"href":"https:\/\/www.headshop.nl\/pt\/wp-json\/wp\/v2\/media?parent=41719"}],"wp:term":[{"taxonomy":"product_brand","embeddable":true,"href":"https:\/\/www.headshop.nl\/pt\/wp-json\/wp\/v2\/product_brand?post=41719"},{"taxonomy":"product_cat","embeddable":true,"href":"https:\/\/www.headshop.nl\/pt\/wp-json\/wp\/v2\/product_cat?post=41719"},{"taxonomy":"product_tag","embeddable":true,"href":"https:\/\/www.headshop.nl\/pt\/wp-json\/wp\/v2\/product_tag?post=41719"}],"curies":[{"name":"wp","href":"https:\/\/api.w.org\/{rel}","templated":true}]}}