{"id":41700,"date":"2022-03-14T10:03:43","date_gmt":"2022-03-14T10:03:43","guid":{"rendered":"https:\/\/www.headshop.nl\/?post_type=product&#038;p=41700"},"modified":"2024-09-17T10:58:49","modified_gmt":"2024-09-17T10:58:49","slug":"jumbo-pink-king-size-cones-prerolled-34x","status":"publish","type":"product","link":"https:\/\/www.headshop.nl\/pt\/jumbo-pink-king-size-cones-prerolled-34x\/","title":{"rendered":"Jumbo Pink King Size Cones Prerolled 34x"},"content":{"rendered":"<h2>Cor-de-rosa Rolling Papers<\/h2>\n<p>Queres enrolar e fumar um charro cor-de-rosa? A cole\u00e7\u00e3o de papel de enrolar e pontas Jumbo Pink tem tudo o que precisa para fumar os seus charros \u00e0 moda cor-de-rosa! At\u00e9 t\u00eam cones pr\u00e9-enrolados cor-de-rosa para os fumadores pregui\u00e7osos... Se adora cor-de-rosa, vai adorar a ideia de que todos os seus charros, a partir de agora, podem ser cor-de-rosa! Obtenha todo o seu material de enrolar cor-de-rosa na Jumbo.<\/p>\n<h2>Jumbo Smoking Consum\u00edveis<\/h2>\n<p>A Jumbo \u00e9 uma marca holandesa de qualidade de papel de enrolar e de artigos para fumadores que tem como objetivo permitir que os fumadores obtenham artigos de qualidade a um pre\u00e7o acess\u00edvel. Os respons\u00e1veis pela Jumbo afirmam que todos os seus produtos s\u00e3o fabricados nas mesmas f\u00e1bricas que outras marcas mais populares e mais estabelecidas, pelo que a sua qualidade deve corresponder a qualquer produtor de tabaco no mercado! A Jumbo tamb\u00e9m \u00e9 conhecida pelo seu fornecimento \u00fanico de papel de enrolar multi-colorido.<\/p>","protected":false},"excerpt":{"rendered":"<p>Classic cones king-size, mas em cor-de-rosa! Sim, estes cones s\u00e3o cor-de-rosa e permitir-lhe-\u00e3o enrolar charros cor-de-rosa da forma mais r\u00e1pida e f\u00e1cil que existe. Todos os seus charros cor-de-rosa ter\u00e3o um aspeto uniforme e queimar\u00e3o lentamente. A forma mais simples de enrolar charros cor-de-rosa glamorosos na cidade!<\/p>","protected":false},"featured_media":44046,"template":"","meta":[],"product_brand":[],"product_cat":[483,297,793,414,810,807,421],"product_tag":[],"class_list":{"0":"post-41700","1":"product","2":"type-product","3":"status-publish","4":"has-post-thumbnail","6":"product_cat-cones","7":"product_cat-all-products","8":"product_cat-color-papers","9":"product_cat-headshop","10":"product_cat-jumbo","11":"product_cat-pink-papers","12":"product_cat-rolling-papers","13":"product_shipping_class-creditcard-on","15":"first","16":"instock","17":"taxable","18":"shipping-taxable","19":"purchasable","20":"product-type-variable","21":"has-default-attributes"},"_links":{"self":[{"href":"https:\/\/www.headshop.nl\/pt\/wp-json\/wp\/v2\/product\/41700","targetHints":{"allow":["GET"]}}],"collection":[{"href":"https:\/\/www.headshop.nl\/pt\/wp-json\/wp\/v2\/product"}],"about":[{"href":"https:\/\/www.headshop.nl\/pt\/wp-json\/wp\/v2\/types\/product"}],"wp:featuredmedia":[{"embeddable":true,"href":"https:\/\/www.headshop.nl\/pt\/wp-json\/wp\/v2\/media\/44046"}],"wp:attachment":[{"href":"https:\/\/www.headshop.nl\/pt\/wp-json\/wp\/v2\/media?parent=41700"}],"wp:term":[{"taxonomy":"product_brand","embeddable":true,"href":"https:\/\/www.headshop.nl\/pt\/wp-json\/wp\/v2\/product_brand?post=41700"},{"taxonomy":"product_cat","embeddable":true,"href":"https:\/\/www.headshop.nl\/pt\/wp-json\/wp\/v2\/product_cat?post=41700"},{"taxonomy":"product_tag","embeddable":true,"href":"https:\/\/www.headshop.nl\/pt\/wp-json\/wp\/v2\/product_tag?post=41700"}],"curies":[{"name":"wp","href":"https:\/\/api.w.org\/{rel}","templated":true}]}}