{"id":41695,"date":"2022-03-14T10:03:42","date_gmt":"2022-03-14T10:03:42","guid":{"rendered":"https:\/\/www.headshop.nl\/?post_type=product&#038;p=41695"},"modified":"2025-05-23T09:43:39","modified_gmt":"2025-05-23T09:43:39","slug":"mascotte-original-tips","status":"publish","type":"product","link":"https:\/\/www.headshop.nl\/pt\/mascotte-original-tips\/","title":{"rendered":"Mascotte Original Tips"},"content":{"rendered":"<h2>Mascotte Tips<\/h2>\n<p>Se procura uma sele\u00e7\u00e3o de pontas de alta qualidade que corresponda a todos os seus tamanhos de papel de enrolar favoritos, compre um folheto de pontas da Mascotte. Com d\u00e9cadas de experi\u00eancia no fabrico de material para fumar, a equipa da Mascotte certifica-se de que cada produto que lan\u00e7a \u00e9 de primeira qualidade. Isto significa que pode esperar umas baforadas realmente agrad\u00e1veis se decidir usar as pontas de papel de enrolar Mascotte!<\/p>\n<h2>Mascotte Material de rolamento<\/h2>\n<p>A Mascotte \u00e9 um fabricante holand\u00eas de papel de enrolar e de artigos para fumadores que est\u00e1 bem estabelecido na comunidade de fumadores dos Pa\u00edses Baixos. Pode encontrar estes pap\u00e9is de enrolar de qualidade da Mascotte em quase todas as lojas de esquina. E por alguma raz\u00e3o! A Mascotte produz alguns pap\u00e9is de enrolar de alta qualidade que v\u00e3o ao encontro das necessidades de qualquer fumador. A cole\u00e7\u00e3o de artigos para fumadores da Mascotte est\u00e1 repleta de produtos diferentes que se adaptam a qualquer prefer\u00eancia de fumador!<\/p>","protected":false},"excerpt":{"rendered":"<p>As inova\u00e7\u00f5es mais simples podem ser geniais! Um simples folheto de dicas de enrolar que corresponde a todos os tamanhos de papel de enrolar mais populares \u00e9 a coisa simples de que todos os fumadores precisam. Chega de cortar cart\u00f5es de visita ou rasgar revistas. Pegue numa ponta, enrole-a e use-a no seu charro, \u00e9 t\u00e3o simples quanto isso!<\/p>","protected":false},"featured_media":44601,"template":"","meta":[],"product_brand":[],"product_cat":[445,297,414,627,816,421],"product_tag":[],"class_list":{"0":"post-41695","1":"product","2":"type-product","3":"status-publish","4":"has-post-thumbnail","6":"product_cat-rolling-tips","7":"product_cat-all-products","8":"product_cat-headshop","9":"product_cat-headshop-top-10","10":"product_cat-mascotte","11":"product_cat-rolling-papers","12":"product_shipping_class-creditcard-on","14":"first","15":"instock","16":"taxable","17":"shipping-taxable","18":"purchasable","19":"product-type-variable","20":"has-default-attributes"},"_links":{"self":[{"href":"https:\/\/www.headshop.nl\/pt\/wp-json\/wp\/v2\/product\/41695","targetHints":{"allow":["GET"]}}],"collection":[{"href":"https:\/\/www.headshop.nl\/pt\/wp-json\/wp\/v2\/product"}],"about":[{"href":"https:\/\/www.headshop.nl\/pt\/wp-json\/wp\/v2\/types\/product"}],"wp:featuredmedia":[{"embeddable":true,"href":"https:\/\/www.headshop.nl\/pt\/wp-json\/wp\/v2\/media\/44601"}],"wp:attachment":[{"href":"https:\/\/www.headshop.nl\/pt\/wp-json\/wp\/v2\/media?parent=41695"}],"wp:term":[{"taxonomy":"product_brand","embeddable":true,"href":"https:\/\/www.headshop.nl\/pt\/wp-json\/wp\/v2\/product_brand?post=41695"},{"taxonomy":"product_cat","embeddable":true,"href":"https:\/\/www.headshop.nl\/pt\/wp-json\/wp\/v2\/product_cat?post=41695"},{"taxonomy":"product_tag","embeddable":true,"href":"https:\/\/www.headshop.nl\/pt\/wp-json\/wp\/v2\/product_tag?post=41695"}],"curies":[{"name":"wp","href":"https:\/\/api.w.org\/{rel}","templated":true}]}}