{"id":41693,"date":"2022-03-14T10:03:35","date_gmt":"2022-03-14T10:03:35","guid":{"rendered":"https:\/\/www.headshop.nl\/?post_type=product&#038;p=41693"},"modified":"2025-05-23T09:43:50","modified_gmt":"2025-05-23T09:43:50","slug":"mascotte-active-10-filters","status":"publish","type":"product","link":"https:\/\/www.headshop.nl\/pt\/mascotte-active-10-filters\/","title":{"rendered":"Mascotte Ativo 10 Filters"},"content":{"rendered":"<h2>Mascotte Carv\u00e3o vegetal ativo Tips<\/h2>\n<p>Aqueles que procuram uma experi\u00eancia de fumar mais limpa, sem perder nada do que \u00e9 bom... Devem come\u00e7ar a usar filtros de carv\u00e3o ativo e nunca mais voltar atr\u00e1s! Fazem maravilhas, filtrando cada tragada e proporcionando um fumo mais limpo e um melhor sabor. Se nunca os experimentaste, devias mesmo faz\u00ea-lo! Toda a gente que experimenta as pontas de carv\u00e3o apaixona-se por elas instantaneamente.<\/p>\n<h2>Mascotte Material de rolamento<\/h2>\n<p>A Mascotte \u00e9 um fabricante holand\u00eas de papel de enrolar e de artigos para fumadores que est\u00e1 bem estabelecido na comunidade de fumadores dos Pa\u00edses Baixos. Pode encontrar estes pap\u00e9is de enrolar de qualidade da Mascotte em quase todas as lojas de esquina. E por alguma raz\u00e3o! A Mascotte produz alguns pap\u00e9is de enrolar de alta qualidade que v\u00e3o ao encontro das necessidades de qualquer fumador. A cole\u00e7\u00e3o de artigos para fumadores da Mascotte est\u00e1 repleta de produtos diferentes que se adaptam a qualquer prefer\u00eancia de fumador!<\/p>","protected":false},"excerpt":{"rendered":"<p>Este pequeno pacote de pontas de filtro de carv\u00e3o ativo mudar\u00e1 para sempre a forma como fuma os seus charros. Fumo mais limpo, sabor mais agrad\u00e1vel e uma experi\u00eancia de fumo globalmente melhor garantida! Estes filtros limpam ativamente cada tragada que d\u00e1 e aqueles que os experimentam, nunca mais voltam atr\u00e1s. O melhor investimento em material para fumar que existe!<\/p>","protected":false},"featured_media":44611,"template":"","meta":[],"product_brand":[],"product_cat":[445,297,414,816,421],"product_tag":[],"class_list":{"0":"post-41693","1":"product","2":"type-product","3":"status-publish","4":"has-post-thumbnail","6":"product_cat-rolling-tips","7":"product_cat-all-products","8":"product_cat-headshop","9":"product_cat-mascotte","10":"product_cat-rolling-papers","11":"product_shipping_class-creditcard-on","13":"first","14":"instock","15":"taxable","16":"shipping-taxable","17":"purchasable","18":"product-type-variable","19":"has-default-attributes"},"_links":{"self":[{"href":"https:\/\/www.headshop.nl\/pt\/wp-json\/wp\/v2\/product\/41693","targetHints":{"allow":["GET"]}}],"collection":[{"href":"https:\/\/www.headshop.nl\/pt\/wp-json\/wp\/v2\/product"}],"about":[{"href":"https:\/\/www.headshop.nl\/pt\/wp-json\/wp\/v2\/types\/product"}],"wp:featuredmedia":[{"embeddable":true,"href":"https:\/\/www.headshop.nl\/pt\/wp-json\/wp\/v2\/media\/44611"}],"wp:attachment":[{"href":"https:\/\/www.headshop.nl\/pt\/wp-json\/wp\/v2\/media?parent=41693"}],"wp:term":[{"taxonomy":"product_brand","embeddable":true,"href":"https:\/\/www.headshop.nl\/pt\/wp-json\/wp\/v2\/product_brand?post=41693"},{"taxonomy":"product_cat","embeddable":true,"href":"https:\/\/www.headshop.nl\/pt\/wp-json\/wp\/v2\/product_cat?post=41693"},{"taxonomy":"product_tag","embeddable":true,"href":"https:\/\/www.headshop.nl\/pt\/wp-json\/wp\/v2\/product_tag?post=41693"}],"curies":[{"name":"wp","href":"https:\/\/api.w.org\/{rel}","templated":true}]}}