{"id":41689,"date":"2022-03-14T10:03:34","date_gmt":"2022-03-14T10:03:34","guid":{"rendered":"https:\/\/www.headshop.nl\/?post_type=product&#038;p=41689"},"modified":"2025-05-23T09:44:20","modified_gmt":"2025-05-23T09:44:20","slug":"mascotte-extra-thin-combi-slim-size","status":"publish","type":"product","link":"https:\/\/www.headshop.nl\/pt\/mascotte-extra-thin-combi-slim-size\/","title":{"rendered":"Mascotte Combi extrafino Slim Size"},"content":{"rendered":"<h2>Mascotte Tips e Papers<\/h2>\n<p>Se gosta de ter sempre consigo tudo o que precisa para enrolar um charro, precisa de um pacote combinado da Mascotte. Trata-se de um pacote combinado que inclui papel de enrolar de qualidade e algumas pontas a condizer, para que seja f\u00e1cil enrolar os seus charros em qualquer lugar!<\/p>\n<h2>Mascotte Material de rolamento<\/h2>\n<p>A Mascotte \u00e9 um fabricante holand\u00eas de papel de enrolar e de artigos para fumadores que est\u00e1 bem estabelecido na comunidade de fumadores dos Pa\u00edses Baixos. Pode encontrar estes pap\u00e9is de enrolar de qualidade da Mascotte em quase todas as lojas de esquina. E por alguma raz\u00e3o! A Mascotte produz alguns pap\u00e9is de enrolar de alta qualidade que v\u00e3o ao encontro das necessidades de qualquer fumador. A cole\u00e7\u00e3o de artigos para fumadores da Mascotte est\u00e1 repleta de produtos diferentes que se adaptam a qualquer prefer\u00eancia de fumador!<\/p>","protected":false},"excerpt":{"rendered":"<p>Se pretende um papel de enrolar extra fino com pontas, este \u00e9 o produto certo para si! Quem gosta de papel de enrolar fino vai adorar este fant\u00e1stico produto da Mascotte. A embalagem combinada significa que tem muitas pontas e o tamanho fino do papel permite-lhe utilizar ainda menos papel, pelo que \u00e9 um produto de papel fino perfeito para todos os tipos de fumadores!<\/p>","protected":false},"featured_media":44637,"template":"","meta":[],"product_brand":[],"product_cat":[421,297,414,816,447,802],"product_tag":[],"class_list":{"0":"post-41689","1":"product","2":"type-product","3":"status-publish","4":"has-post-thumbnail","6":"product_cat-rolling-papers","7":"product_cat-all-products","8":"product_cat-headshop","9":"product_cat-mascotte","10":"product_cat-papers-with-tips","11":"product_cat-slim-size","12":"product_shipping_class-creditcard-on","14":"first","15":"instock","16":"taxable","17":"shipping-taxable","18":"purchasable","19":"product-type-variable","20":"has-default-attributes"},"_links":{"self":[{"href":"https:\/\/www.headshop.nl\/pt\/wp-json\/wp\/v2\/product\/41689","targetHints":{"allow":["GET"]}}],"collection":[{"href":"https:\/\/www.headshop.nl\/pt\/wp-json\/wp\/v2\/product"}],"about":[{"href":"https:\/\/www.headshop.nl\/pt\/wp-json\/wp\/v2\/types\/product"}],"wp:featuredmedia":[{"embeddable":true,"href":"https:\/\/www.headshop.nl\/pt\/wp-json\/wp\/v2\/media\/44637"}],"wp:attachment":[{"href":"https:\/\/www.headshop.nl\/pt\/wp-json\/wp\/v2\/media?parent=41689"}],"wp:term":[{"taxonomy":"product_brand","embeddable":true,"href":"https:\/\/www.headshop.nl\/pt\/wp-json\/wp\/v2\/product_brand?post=41689"},{"taxonomy":"product_cat","embeddable":true,"href":"https:\/\/www.headshop.nl\/pt\/wp-json\/wp\/v2\/product_cat?post=41689"},{"taxonomy":"product_tag","embeddable":true,"href":"https:\/\/www.headshop.nl\/pt\/wp-json\/wp\/v2\/product_tag?post=41689"}],"curies":[{"name":"wp","href":"https:\/\/api.w.org\/{rel}","templated":true}]}}