{"id":41687,"date":"2022-03-14T10:03:34","date_gmt":"2022-03-14T10:03:34","guid":{"rendered":"https:\/\/www.headshop.nl\/?post_type=product&#038;p=41687"},"modified":"2025-05-23T09:44:09","modified_gmt":"2025-05-23T09:44:09","slug":"mascotte-brown-king-size-rolling-papers","status":"publish","type":"product","link":"https:\/\/www.headshop.nl\/pt\/mascotte-brown-king-size-rolling-papers\/","title":{"rendered":"Mascotte Castanho King Size Rolling Papers"},"content":{"rendered":"<h2>King Size Papers<\/h2>\n<p>O papel de enrolar king size \u00e9 como o OG do mercado de consum\u00edveis para fumadores. As mortalhas king size podem ter perdido um pouco da sua popularidade da velha guarda depois de as mortalhas slim terem tomado o seu lugar, mas o formato king size continua a ser apreciado por milh\u00f5es de fumadores em todo o mundo. Porqu\u00ea? Porque o formato king-size permite-lhe enrolar charros muito gordos ou enrol\u00e1-los muito apertados para uma experi\u00eancia de fumo mais lenta.<\/p>\n<h2>Mascotte Material de rolamento<\/h2>\n<p>A Mascotte \u00e9 um fabricante holand\u00eas de papel de enrolar e de artigos para fumadores que est\u00e1 bem estabelecido na comunidade de fumadores dos Pa\u00edses Baixos. Pode encontrar estes pap\u00e9is de enrolar de qualidade da Mascotte em quase todas as lojas de esquina. E por alguma raz\u00e3o! A Mascotte produz alguns pap\u00e9is de enrolar de alta qualidade que v\u00e3o ao encontro das necessidades de qualquer fumador. A cole\u00e7\u00e3o de artigos para fumadores da Mascotte est\u00e1 repleta de produtos diferentes que se adaptam a qualquer prefer\u00eancia de fumador!<\/p>","protected":false},"excerpt":{"rendered":"<p>Aqueles que procuram pap\u00e9is de enrolar king-size e que adoram as articula\u00e7\u00f5es grossas e robustas v\u00e3o adorar ainda mais os pap\u00e9is n\u00e3o branqueados! A aus\u00eancia de aditivos e um processo de fabrico de papel totalmente natural resultam num sabor de fumo mais natural. E nenhuma qualidade se perde pelo caminho, por isso experimenta-os se quiseres que os teus charros tenham um sabor t\u00e3o puro quanto poss\u00edvel!<\/p>","protected":false},"featured_media":44657,"template":"","meta":[],"product_brand":[],"product_cat":[421,297,414,801,816],"product_tag":[],"class_list":{"0":"post-41687","1":"product","2":"type-product","3":"status-publish","4":"has-post-thumbnail","6":"product_cat-rolling-papers","7":"product_cat-all-products","8":"product_cat-headshop","9":"product_cat-king-size","10":"product_cat-mascotte","11":"product_shipping_class-creditcard-on","13":"first","14":"instock","15":"taxable","16":"shipping-taxable","17":"purchasable","18":"product-type-variable","19":"has-default-attributes"},"_links":{"self":[{"href":"https:\/\/www.headshop.nl\/pt\/wp-json\/wp\/v2\/product\/41687","targetHints":{"allow":["GET"]}}],"collection":[{"href":"https:\/\/www.headshop.nl\/pt\/wp-json\/wp\/v2\/product"}],"about":[{"href":"https:\/\/www.headshop.nl\/pt\/wp-json\/wp\/v2\/types\/product"}],"wp:featuredmedia":[{"embeddable":true,"href":"https:\/\/www.headshop.nl\/pt\/wp-json\/wp\/v2\/media\/44657"}],"wp:attachment":[{"href":"https:\/\/www.headshop.nl\/pt\/wp-json\/wp\/v2\/media?parent=41687"}],"wp:term":[{"taxonomy":"product_brand","embeddable":true,"href":"https:\/\/www.headshop.nl\/pt\/wp-json\/wp\/v2\/product_brand?post=41687"},{"taxonomy":"product_cat","embeddable":true,"href":"https:\/\/www.headshop.nl\/pt\/wp-json\/wp\/v2\/product_cat?post=41687"},{"taxonomy":"product_tag","embeddable":true,"href":"https:\/\/www.headshop.nl\/pt\/wp-json\/wp\/v2\/product_tag?post=41687"}],"curies":[{"name":"wp","href":"https:\/\/api.w.org\/{rel}","templated":true}]}}