{"id":41686,"date":"2022-03-14T10:03:34","date_gmt":"2022-03-14T10:03:34","guid":{"rendered":"https:\/\/www.headshop.nl\/?post_type=product&#038;p=41686"},"modified":"2025-05-23T09:44:00","modified_gmt":"2025-05-23T09:44:00","slug":"mascotte-brown-slim-size-rolling-papers","status":"publish","type":"product","link":"https:\/\/www.headshop.nl\/pt\/mascotte-brown-slim-size-rolling-papers\/","title":{"rendered":"Mascotte Castanho Slim Size Rolling Papers"},"content":{"rendered":"<h2>Fino Mascotte Papers<\/h2>\n<p>O papel de enrolar de tamanho fino \u00e9 provavelmente o papel de enrolar mais comum no planeta atualmente. Com tanta procura de papel fino, surge a necessidade de marcas como a Mascotte criarem o papel de enrolar fino perfeito. E pensamos que a equipa da Mascotte utilizou as suas d\u00e9cadas de experi\u00eancia no fabrico de suprimentos para fumadores para fornecer o papel de enrolar fino ideal que todos adoram!<\/p>\n<h2>Mascotte Material de rolamento<\/h2>\n<p>A Mascotte \u00e9 um fabricante holand\u00eas de papel de enrolar e de artigos para fumadores que est\u00e1 bem estabelecido na comunidade de fumadores dos Pa\u00edses Baixos. Pode encontrar estes pap\u00e9is de enrolar de qualidade da Mascotte em quase todas as lojas de esquina. E por alguma raz\u00e3o! A Mascotte produz alguns pap\u00e9is de enrolar de alta qualidade que v\u00e3o ao encontro das necessidades de qualquer fumador. A cole\u00e7\u00e3o de artigos para fumadores da Mascotte est\u00e1 repleta de produtos diferentes que se adaptam a qualquer prefer\u00eancia de fumador!<\/p>","protected":false},"excerpt":{"rendered":"<p>O tamanho Slim \u00e9 um dos formatos de papel de enrolar mais populares do planeta e estes pap\u00e9is slim da Mascotte n\u00e3o s\u00e3o refinados nem branqueados! Isto significa que o seu processo de fabrico \u00e9 t\u00e3o limpo e natural quanto poss\u00edvel. Isto tamb\u00e9m significa que a tua experi\u00eancia de fumar ser\u00e1 pura e que os pap\u00e9is n\u00e3o ter\u00e3o basicamente nenhum sabor extra, o que te permite desfrutar ainda mais dos teus charros!<\/p>","protected":false},"featured_media":44643,"template":"","meta":[],"product_brand":[],"product_cat":[421,297,414,816,802],"product_tag":[],"class_list":{"0":"post-41686","1":"product","2":"type-product","3":"status-publish","4":"has-post-thumbnail","6":"product_cat-rolling-papers","7":"product_cat-all-products","8":"product_cat-headshop","9":"product_cat-mascotte","10":"product_cat-slim-size","11":"product_shipping_class-creditcard-on","13":"first","14":"instock","15":"taxable","16":"shipping-taxable","17":"purchasable","18":"product-type-variable","19":"has-default-attributes"},"_links":{"self":[{"href":"https:\/\/www.headshop.nl\/pt\/wp-json\/wp\/v2\/product\/41686","targetHints":{"allow":["GET"]}}],"collection":[{"href":"https:\/\/www.headshop.nl\/pt\/wp-json\/wp\/v2\/product"}],"about":[{"href":"https:\/\/www.headshop.nl\/pt\/wp-json\/wp\/v2\/types\/product"}],"wp:featuredmedia":[{"embeddable":true,"href":"https:\/\/www.headshop.nl\/pt\/wp-json\/wp\/v2\/media\/44643"}],"wp:attachment":[{"href":"https:\/\/www.headshop.nl\/pt\/wp-json\/wp\/v2\/media?parent=41686"}],"wp:term":[{"taxonomy":"product_brand","embeddable":true,"href":"https:\/\/www.headshop.nl\/pt\/wp-json\/wp\/v2\/product_brand?post=41686"},{"taxonomy":"product_cat","embeddable":true,"href":"https:\/\/www.headshop.nl\/pt\/wp-json\/wp\/v2\/product_cat?post=41686"},{"taxonomy":"product_tag","embeddable":true,"href":"https:\/\/www.headshop.nl\/pt\/wp-json\/wp\/v2\/product_tag?post=41686"}],"curies":[{"name":"wp","href":"https:\/\/api.w.org\/{rel}","templated":true}]}}