{"id":41671,"date":"2022-03-14T10:03:31","date_gmt":"2022-03-14T10:03:31","guid":{"rendered":"https:\/\/www.headshop.nl\/?post_type=product&#038;p=41671"},"modified":"2025-05-23T09:46:20","modified_gmt":"2025-05-23T09:46:20","slug":"foldable-rolling-stand","status":"publish","type":"product","link":"https:\/\/www.headshop.nl\/pt\/foldable-rolling-stand\/","title":{"rendered":"Suporte rolante dobr\u00e1vel"},"content":{"rendered":"<h2>Mala de viagem marota<\/h2>\n<p>O mundo do consumo de can\u00e1bis nem sempre precisa de ser inovado por tecnologia de ponta dispendiosa, como os vaporizadores. Por vezes, h\u00e1 um novo produto que pode ser feito com um simples peda\u00e7o de cart\u00e3o e alguns \u00edmanes min\u00fasculos. Foi exatamente isso que a equipa por detr\u00e1s do suporte rolante Naughty Briefcase fez. Simplesmente genial e adapt\u00e1vel ao tamanho dos seus pap\u00e9is!<\/p>","protected":false},"excerpt":{"rendered":"<p>O que \u00e9 um suporte magn\u00e9tico port\u00e1til de enrolar, perguntas tu? \u00c9 um pequeno dispositivo funcional de cart\u00e3o que tem exatamente o tamanho do seu pacote de papel de enrolar, pelo que \u00e9 extremamente f\u00e1cil de transportar. Este equipamento dobr\u00e1vel foi concebido para facilitar o enrolamento de um charro perfeito, pois segura o papel de enrolar enquanto adiciona a mistura de erva e tabaco. Quando acabares de espalhar o material bom, pega no papel e enrola-o. Simples e genial!<\/p>","protected":false},"featured_media":44885,"template":"","meta":[],"product_brand":[],"product_cat":[448,297,414,421],"product_tag":[],"class_list":{"0":"post-41671","1":"product","2":"type-product","3":"status-publish","4":"has-post-thumbnail","6":"product_cat-rolling-machines","7":"product_cat-all-products","8":"product_cat-headshop","9":"product_cat-rolling-papers","10":"product_shipping_class-creditcard-on","12":"first","13":"instock","14":"taxable","15":"shipping-taxable","16":"purchasable","17":"product-type-variable","18":"has-default-attributes"},"_links":{"self":[{"href":"https:\/\/www.headshop.nl\/pt\/wp-json\/wp\/v2\/product\/41671","targetHints":{"allow":["GET"]}}],"collection":[{"href":"https:\/\/www.headshop.nl\/pt\/wp-json\/wp\/v2\/product"}],"about":[{"href":"https:\/\/www.headshop.nl\/pt\/wp-json\/wp\/v2\/types\/product"}],"wp:featuredmedia":[{"embeddable":true,"href":"https:\/\/www.headshop.nl\/pt\/wp-json\/wp\/v2\/media\/44885"}],"wp:attachment":[{"href":"https:\/\/www.headshop.nl\/pt\/wp-json\/wp\/v2\/media?parent=41671"}],"wp:term":[{"taxonomy":"product_brand","embeddable":true,"href":"https:\/\/www.headshop.nl\/pt\/wp-json\/wp\/v2\/product_brand?post=41671"},{"taxonomy":"product_cat","embeddable":true,"href":"https:\/\/www.headshop.nl\/pt\/wp-json\/wp\/v2\/product_cat?post=41671"},{"taxonomy":"product_tag","embeddable":true,"href":"https:\/\/www.headshop.nl\/pt\/wp-json\/wp\/v2\/product_tag?post=41671"}],"curies":[{"name":"wp","href":"https:\/\/api.w.org\/{rel}","templated":true}]}}